{"id":5550,"date":"2016-12-03T15:08:37","date_gmt":"2016-12-03T15:08:37","guid":{"rendered":"http:\/\/demo.wpzoom.com\/inspiro\/?page_id=5550"},"modified":"2025-08-27T14:47:58","modified_gmt":"2025-08-27T12:47:58","slug":"homepage","status":"publish","type":"page","link":"https:\/\/www.adlhlr.be\/","title":{"rendered":"Bienvenue \u00e0 l&rsquo;ADL Houffalize &#8211; La Roche"},"content":{"rendered":"\n<p class=\"has-text-align-center\" style=\"font-size:14px\">Bienvenue sur le site de l\u2019<strong>Agence de D\u00e9veloppement Local<\/strong>&nbsp;de Houffalize et La Roche-en-Ardenne. Notre but est de soutenir le d\u00e9veloppement \u00e9conomique local des deux communes.<\/p>\n\n\n\n<p><\/p>\n\n\n\n<p><\/p>\n\n\n\n<p><\/p>\n\n\n\n<div class=\"wp-block-cover alignfull is-light has-parallax is-position-center-center\" style=\"min-height:375px;aspect-ratio:unset;\"><div class=\"wp-block-cover__image-background wp-image-6963 has-parallax\" style=\"background-position:50% 50%;background-image:url(http:\/\/www.adlhlr.be\/wp-content\/uploads\/2022\/01\/man-593333_1920.jpg)\"><\/div><span aria-hidden=\"true\" class=\"wp-block-cover__background has-black-background-color has-background-dim-40 has-background-dim\"><\/span><div class=\"wp-block-cover__inner-container is-layout-flow wp-block-cover-is-layout-flow\">\n<p class=\"has-text-align-center has-text-color has-huge-font-size\" style=\"color:#fffffa;line-height:1.1\"><strong>S&rsquo;installer \u00e0  <strong>Houffalize<\/strong> et \u00e0<\/strong> <strong>La Roche<\/strong><\/p>\n\n\n\n<p class=\"has-text-align-center has-white-color has-text-color\">Vous souhaitez cr\u00e9er votre entreprise ou votre commerce \u00e0 Houffalize ou \u00e0 La Roche ? <br>L\u2019\u00e9quipe de l\u2019ADL vous accompagne dans vos d\u00e9marches pour vous installer. <\/p>\n\n\n\n<div class=\"wp-block-buttons is-horizontal is-content-justification-center is-layout-flex wp-container-core-buttons-is-layout-499968f5 wp-block-buttons-is-layout-flex\">\n<div class=\"wp-block-button is-style-outline is-style-outline--1\"><a class=\"wp-block-button__link has-white-color has-text-color has-normal-font-size no-border-radius has-custom-font-size wp-element-button\" href=\"http:\/\/www.adlhlr.be\/index.php\/contact-2\/\" target=\"_blank\" rel=\"noreferrer noopener\">Contactez-nous<\/a><\/div>\n<\/div>\n<\/div><\/div>\n\n\n\n<p><\/p>\n","protected":false},"excerpt":{"rendered":"<p>Bienvenue sur le site de l\u2019Agence de D\u00e9veloppement Local&nbsp;de Houffalize et La Roche-en-Ardenne. Notre but est de soutenir le d\u00e9veloppement \u00e9conomique local des deux communes.<\/p>\n","protected":false},"author":1,"featured_media":0,"parent":0,"menu_order":0,"comment_status":"closed","ping_status":"closed","template":"","meta":{"footnotes":""},"class_list":["post-5550","page","type-page","status-publish","hentry"],"_links":{"self":[{"href":"https:\/\/www.adlhlr.be\/index.php\/wp-json\/wp\/v2\/pages\/5550","targetHints":{"allow":["GET"]}}],"collection":[{"href":"https:\/\/www.adlhlr.be\/index.php\/wp-json\/wp\/v2\/pages"}],"about":[{"href":"https:\/\/www.adlhlr.be\/index.php\/wp-json\/wp\/v2\/types\/page"}],"author":[{"embeddable":true,"href":"https:\/\/www.adlhlr.be\/index.php\/wp-json\/wp\/v2\/users\/1"}],"replies":[{"embeddable":true,"href":"https:\/\/www.adlhlr.be\/index.php\/wp-json\/wp\/v2\/comments?post=5550"}],"version-history":[{"count":92,"href":"https:\/\/www.adlhlr.be\/index.php\/wp-json\/wp\/v2\/pages\/5550\/revisions"}],"predecessor-version":[{"id":7784,"href":"https:\/\/www.adlhlr.be\/index.php\/wp-json\/wp\/v2\/pages\/5550\/revisions\/7784"}],"wp:attachment":[{"href":"https:\/\/www.adlhlr.be\/index.php\/wp-json\/wp\/v2\/media?parent=5550"}],"curies":[{"name":"wp","href":"https:\/\/api.w.org\/{rel}","templated":true}]}}