{"id":628,"date":"2009-05-06T11:43:24","date_gmt":"2009-05-06T16:43:24","guid":{"rendered":"http:\/\/wpzoom.com\/zenko\/demo\/?page_id=3"},"modified":"2026-03-12T11:47:20","modified_gmt":"2026-03-12T10:47:20","slug":"contact-2","status":"publish","type":"page","link":"https:\/\/www.adlhlr.be\/index.php\/contact-2\/","title":{"rendered":"Contact"},"content":{"rendered":"\n<div style=\"height:100px\" aria-hidden=\"true\" class=\"wp-block-spacer\"><\/div>\n\n\n\n<div style=\"height:100px\" aria-hidden=\"true\" class=\"wp-block-spacer\"><\/div>\n\n\n\n<div class=\"wp-block-columns is-layout-flex wp-container-core-columns-is-layout-9d6595d7 wp-block-columns-is-layout-flex\">\n<div class=\"wp-block-column is-layout-flow wp-block-column-is-layout-flow\">\n<p>L\u2019\u00e9quipe de l\u2019ADL est \u00e0 votre disposition pour r\u00e9pondre \u00e0 vos questions et \u00e0 vos demandes d\u2019informations.<br><br>N&rsquo;h\u00e9sitez pas \u00e0 nous contacter pour prendre rendez-vous! <\/p>\n\n\n\n<p><strong>Par mail<\/strong>:&nbsp;info(at)adlhlr.be<br><strong>Par t\u00e9l\u00e9phone<\/strong>:&nbsp;061\/28.00.65<\/p>\n\n\n\n<p><strong>HOUFFALIZE<\/strong><\/p>\n\n\n\n<ul style=\"font-size:14px\" class=\"wp-block-list\">\n<li><strong>Horaire :<\/strong> le lundi, le mardi et le jeudi, de 8h30 \u00e0 16h30                                 <\/li>\n\n\n\n<li><strong>Adresse :<\/strong> Rue de Schaerbeek, 1 \u2013 6660 Houffalize <\/li>\n<\/ul>\n\n\n\n<p><strong>LA ROCHE-EN-ARDENNE<\/strong><\/p>\n\n\n\n<ul style=\"font-size:14px\" class=\"wp-block-list\">\n<li><strong>Horaire :<\/strong> le mercredi et le vendredi, de 8h30 \u00e0 16h30                                <\/li>\n\n\n\n<li><strong>Adresse :<\/strong>\u00a0Place du march\u00e9 1 \u2013 6980 La Roche-en-Ardenne<\/li>\n<\/ul>\n\n\n\n<p><\/p>\n<\/div>\n<\/div>\n\n\n\n<div style=\"height:100px\" aria-hidden=\"true\" class=\"wp-block-spacer\"><\/div>\n\n\n\n<p><\/p>\n\n\n\n<div class=\"wp-block-columns is-layout-flex wp-container-core-columns-is-layout-9d6595d7 wp-block-columns-is-layout-flex\">\n<div class=\"wp-block-column is-layout-flow wp-block-column-is-layout-flow\">\n<p><strong>Notre \u00e9quipe<\/strong><\/p>\n<\/div>\n\n\n\n<div class=\"wp-block-column is-layout-flow wp-block-column-is-layout-flow\">\n<p class=\"has-small-font-size\"><\/p>\n\n\n<div class=\"wp-block-image\">\n<figure class=\"aligncenter size-full is-resized\"><img loading=\"lazy\" decoding=\"async\" width=\"482\" height=\"482\" src=\"http:\/\/www.adlhlr.be\/wp-content\/uploads\/2022\/01\/1636100861520.jpg\" alt=\"\" class=\"wp-image-7108\" style=\"width:179px;height:179px\" srcset=\"https:\/\/www.adlhlr.be\/wp-content\/uploads\/2022\/01\/1636100861520.jpg 482w, https:\/\/www.adlhlr.be\/wp-content\/uploads\/2022\/01\/1636100861520-300x300.jpg 300w, https:\/\/www.adlhlr.be\/wp-content\/uploads\/2022\/01\/1636100861520-150x150.jpg 150w\" sizes=\"auto, (max-width: 482px) 100vw, 482px\" \/><\/figure>\n<\/div>\n\n\n<p style=\"font-size:14px\"><strong>No\u00e9mie VANBELINGHEN<\/strong><br>noemie(at)adlhlr.be<br>061\/28.00.65<br>0497\/52.00.69  <\/p>\n<\/div>\n\n\n\n<div class=\"wp-block-column is-layout-flow wp-block-column-is-layout-flow\">\n<p style=\"font-size:14px\"><\/p>\n\n\n<div class=\"wp-block-image\">\n<figure class=\"aligncenter size-full is-resized\"><img loading=\"lazy\" decoding=\"async\" width=\"145\" height=\"161\" src=\"http:\/\/www.adlhlr.be\/wp-content\/uploads\/2022\/04\/Manon-nb.png\" alt=\"\" class=\"wp-image-7209\" style=\"width:159px;height:177px\"\/><\/figure>\n<\/div>\n\n\n<p style=\"font-size:14px\"><strong>Manon HAID<\/strong><br>manon(at)adlhlr.be<br>061\/28.00.69<br>0497\/58.00.65<br><\/p>\n<\/div>\n<\/div>\n\n\n\n<div style=\"height:100px\" aria-hidden=\"true\" class=\"wp-block-spacer\"><\/div>\n","protected":false},"excerpt":{"rendered":"<p>L\u2019\u00e9quipe de l\u2019ADL est \u00e0 votre disposition pour r\u00e9pondre \u00e0 vos questions et \u00e0 vos demandes d\u2019informations. N&rsquo;h\u00e9sitez pas \u00e0 nous contacter pour prendre rendez-vous! Par mail:&nbsp;info(at)adlhlr.bePar t\u00e9l\u00e9phone:&nbsp;061\/28.00.65 HOUFFALIZE LA ROCHE-EN-ARDENNE Notre \u00e9quipe No\u00e9mie VANBELINGHENnoemie(at)adlhlr.be061\/28.00.650497\/52.00.69 Manon HAIDmanon(at)adlhlr.be061\/28.00.690497\/58.00.65<\/p>\n","protected":false},"author":1,"featured_media":0,"parent":0,"menu_order":0,"comment_status":"closed","ping_status":"closed","template":"page-templates\/full-width-no-title.php","meta":{"footnotes":""},"class_list":["post-628","page","type-page","status-publish","hentry"],"_links":{"self":[{"href":"https:\/\/www.adlhlr.be\/index.php\/wp-json\/wp\/v2\/pages\/628","targetHints":{"allow":["GET"]}}],"collection":[{"href":"https:\/\/www.adlhlr.be\/index.php\/wp-json\/wp\/v2\/pages"}],"about":[{"href":"https:\/\/www.adlhlr.be\/index.php\/wp-json\/wp\/v2\/types\/page"}],"author":[{"embeddable":true,"href":"https:\/\/www.adlhlr.be\/index.php\/wp-json\/wp\/v2\/users\/1"}],"replies":[{"embeddable":true,"href":"https:\/\/www.adlhlr.be\/index.php\/wp-json\/wp\/v2\/comments?post=628"}],"version-history":[{"count":32,"href":"https:\/\/www.adlhlr.be\/index.php\/wp-json\/wp\/v2\/pages\/628\/revisions"}],"predecessor-version":[{"id":7840,"href":"https:\/\/www.adlhlr.be\/index.php\/wp-json\/wp\/v2\/pages\/628\/revisions\/7840"}],"wp:attachment":[{"href":"https:\/\/www.adlhlr.be\/index.php\/wp-json\/wp\/v2\/media?parent=628"}],"curies":[{"name":"wp","href":"https:\/\/api.w.org\/{rel}","templated":true}]}}