{"id":6638,"date":"2022-01-04T09:19:20","date_gmt":"2022-01-04T08:19:20","guid":{"rendered":"http:\/\/www.adlhlr.be\/?page_id=6638"},"modified":"2025-08-27T14:07:57","modified_gmt":"2025-08-27T12:07:57","slug":"adl-cest-quoi-2","status":"publish","type":"page","link":"https:\/\/www.adlhlr.be\/index.php\/adl-cest-quoi-2\/","title":{"rendered":"ADL, c&rsquo;est quoi ?"},"content":{"rendered":"\n<div class=\"wp-block-group alignfull\"><div class=\"wp-block-group__inner-container is-layout-flow wp-block-group-is-layout-flow\">\n<div class=\"wp-block-columns are-vertically-aligned-center is-layout-flex wp-container-core-columns-is-layout-9d6595d7 wp-block-columns-is-layout-flex\">\n<div class=\"wp-block-column is-vertically-aligned-center is-layout-flow wp-block-column-is-layout-flow\">\n<div style=\"height:48px\" aria-hidden=\"true\" class=\"wp-block-spacer\"><\/div>\n\n\n\n<figure class=\"wp-block-image size-large\"><img loading=\"lazy\" decoding=\"async\" width=\"1024\" height=\"683\" src=\"http:\/\/www.adlhlr.be\/wp-content\/uploads\/2022\/01\/000005142-WBT-Denis-Erroyaux-La-Roche-en-Ardenne-Place-du-Marche-1024x683.jpeg\" alt=\"\" class=\"wp-image-6846\" srcset=\"https:\/\/www.adlhlr.be\/wp-content\/uploads\/2022\/01\/000005142-WBT-Denis-Erroyaux-La-Roche-en-Ardenne-Place-du-Marche-1024x683.jpeg 1024w, https:\/\/www.adlhlr.be\/wp-content\/uploads\/2022\/01\/000005142-WBT-Denis-Erroyaux-La-Roche-en-Ardenne-Place-du-Marche-300x200.jpeg 300w, https:\/\/www.adlhlr.be\/wp-content\/uploads\/2022\/01\/000005142-WBT-Denis-Erroyaux-La-Roche-en-Ardenne-Place-du-Marche-768x512.jpeg 768w, https:\/\/www.adlhlr.be\/wp-content\/uploads\/2022\/01\/000005142-WBT-Denis-Erroyaux-La-Roche-en-Ardenne-Place-du-Marche.jpeg 1200w\" sizes=\"auto, (max-width: 1024px) 100vw, 1024px\" \/><figcaption class=\"wp-element-caption\">Copyright : WBT &#8211; Denis Erroyaux<\/figcaption><\/figure>\n<\/div>\n\n\n\n<div class=\"wp-block-column is-vertically-aligned-center is-layout-flow wp-block-column-is-layout-flow\">\n<h2 class=\"wp-block-heading\">Une Agence de D\u00e9veloppement Local<\/h2>\n\n\n\n<p style=\"font-size:14px\">Une ADL, qui signifie \u00ab&nbsp;Agence de D\u00e9veloppement Local&nbsp;\u00bb, est un organisme subsidi\u00e9 par la&nbsp;<strong>R\u00e9gion wallonne<\/strong>, organe de tutelle, et par la&nbsp;<strong>Commune<\/strong>&nbsp;qui initie la demande et accueille l\u2019ADL sur son territoire.<\/p>\n\n\n\n<p style=\"font-size:14px\">L\u2019ADL Houffalize \u2013 La Roche-en-Ardenne (HLR) est en place depuis septembre-octobre 2015. Elle a pour mission premi\u00e8re de&nbsp;<strong>susciter, faciliter et d\u00e9velopper des projets locaux<\/strong>&nbsp;afin de cr\u00e9er des activit\u00e9s nouvelles dans le but d\u2019engendrer de&nbsp;<strong>nouveaux emplois<\/strong>.<\/p>\n<\/div>\n<\/div>\n<\/div><\/div>\n\n\n\n<div class=\"wp-block-group alignfull has-background\" style=\"background-color:#e5e9ec\"><div class=\"wp-block-group__inner-container is-layout-flow wp-block-group-is-layout-flow\">\n<div class=\"wp-block-columns is-layout-flex wp-container-core-columns-is-layout-9d6595d7 wp-block-columns-is-layout-flex\">\n<div class=\"wp-block-column is-vertically-aligned-center is-layout-flow wp-block-column-is-layout-flow\">\n<div style=\"height:100px\" aria-hidden=\"true\" class=\"wp-block-spacer\"><\/div>\n\n\n\n<div class=\"wp-block-columns is-layout-flex wp-container-core-columns-is-layout-9d6595d7 wp-block-columns-is-layout-flex\">\n<div class=\"wp-block-column is-layout-flow wp-block-column-is-layout-flow\">\n<h2 class=\"wp-block-heading\">Nos priorit\u00e9s<\/h2>\n\n\n\n<p style=\"font-size:14px\">L&rsquo;ADL op\u00e8re sur les communes de Houffalize et La Roche-en-Ardenne. Pour mener \u00e0 bien nos missions, nous avons d\u00e9fini&nbsp;<strong>4 axes de priorit\u00e9s&nbsp;<\/strong>en fonction des atouts et faiblesses du territoire.<\/p>\n\n\n\n<ul style=\"font-size:14px\" class=\"wp-block-list\">\n<li><strong>Stimuler le secteur commercial<\/strong><\/li>\n<\/ul>\n\n\n\n<ul style=\"font-size:14px\" class=\"wp-block-list\">\n<li><strong>Soutenir et d\u00e9velopper le potentiel touristique du territoire<\/strong><\/li>\n<\/ul>\n\n\n\n<ul style=\"font-size:14px\" class=\"wp-block-list\">\n<li><strong>Stimuler l\u2019attractivit\u00e9 \u00e9conomique du territoire et favoriser l\u2019emploi<\/strong><\/li>\n<\/ul>\n\n\n\n<ul style=\"font-size:14px\" class=\"wp-block-list\">\n<li><strong>Valoriser les ressources locales<\/strong><\/li>\n<\/ul>\n<\/div>\n\n\n\n<div class=\"wp-block-column is-layout-flow wp-block-column-is-layout-flow\">\n<h3 class=\"wp-block-heading\">1. Notre mission<\/h3>\n\n\n\n<p style=\"font-size:14px\">Via l\u2019am\u00e9lioration de la qualit\u00e9 de vie sur le plan \u00e9conomique et la cr\u00e9ation d\u2019emplois, nous promouvons un contexte favorable au&nbsp;<strong>d\u00e9veloppement local durable<\/strong>. <\/p>\n\n\n\n<div style=\"height:10px\" aria-hidden=\"true\" class=\"wp-block-spacer\"><\/div>\n\n\n\n<h3 class=\"wp-block-heading\">2. Port\u00e9e de projets<\/h3>\n\n\n\n<p style=\"font-size:14px\">Nous menons principalement des actions sur le&nbsp;<strong>territoire communal<\/strong>, mais nous collaborons \u00e9galement \u00e0 des projets de plus grande ampleur territoriale.  <\/p>\n\n\n\n<div style=\"height:10px\" aria-hidden=\"true\" class=\"wp-block-spacer\"><\/div>\n\n\n\n<h3 class=\"wp-block-heading\">3. Travail en partenariats<\/h3>\n\n\n\n<p style=\"font-size:14px\">Nous travaillons en&nbsp;<strong>partenariat<\/strong>&nbsp;avec des services publics, commerces, entreprises, associations, citoyens des deux villes et autres acteurs supra-communaux. <\/p>\n<\/div>\n<\/div>\n\n\n\n<div style=\"height:100px\" aria-hidden=\"true\" class=\"wp-block-spacer\"><\/div>\n<\/div>\n<\/div>\n<\/div><\/div>\n\n\n\n<div style=\"height:100px\" aria-hidden=\"true\" class=\"wp-block-spacer\"><\/div>\n\n\n\n<div class=\"wp-block-group alignfull has-white-background-color has-background\"><div class=\"wp-block-group__inner-container is-layout-flow wp-block-group-is-layout-flow\">\n<div class=\"wp-block-columns is-layout-flex wp-container-core-columns-is-layout-9d6595d7 wp-block-columns-is-layout-flex\">\n<div class=\"wp-block-column is-vertically-aligned-center is-layout-flow wp-block-column-is-layout-flow\">\n<h2 class=\"wp-block-heading\">Un service de proximit\u00e9<\/h2>\n\n\n\n<p style=\"font-size:14px\">Professions lib\u00e9rales, associations, producteurs locaux, artisans, entreprises, etc. Toutes et tous appartiennent au<strong>&nbsp;tissu \u00e9conomique local<\/strong>&nbsp;des communes de Houffalize et La Roche et lui donnent vie. <\/p>\n\n\n\n<p style=\"font-size:14px\">C\u2019est pr\u00e9cis\u00e9ment \u00e0 ce carrefour des activit\u00e9s que l\u2019ADL tient son r\u00f4le de relais envers ses partenaires dans une optique de&nbsp;<strong>partenariat dynamique<\/strong>. <\/p>\n\n\n\n<p><\/p>\n<\/div>\n\n\n\n<div class=\"wp-block-column is-layout-flow wp-block-column-is-layout-flow\">\n<div style=\"height:48px\" aria-hidden=\"true\" class=\"wp-block-spacer\"><\/div>\n\n\n\n<figure class=\"wp-block-image size-large\"><img loading=\"lazy\" decoding=\"async\" width=\"1024\" height=\"512\" src=\"http:\/\/www.adlhlr.be\/wp-content\/uploads\/2022\/01\/Sans-titre-3-1-1024x512.jpg\" alt=\"\" class=\"wp-image-6848\" srcset=\"https:\/\/www.adlhlr.be\/wp-content\/uploads\/2022\/01\/Sans-titre-3-1-1024x512.jpg 1024w, https:\/\/www.adlhlr.be\/wp-content\/uploads\/2022\/01\/Sans-titre-3-1-300x150.jpg 300w, https:\/\/www.adlhlr.be\/wp-content\/uploads\/2022\/01\/Sans-titre-3-1-768x384.jpg 768w, https:\/\/www.adlhlr.be\/wp-content\/uploads\/2022\/01\/Sans-titre-3-1-1536x768.jpg 1536w, https:\/\/www.adlhlr.be\/wp-content\/uploads\/2022\/01\/Sans-titre-3-1-2048x1024.jpg 2048w, https:\/\/www.adlhlr.be\/wp-content\/uploads\/2022\/01\/Sans-titre-3-1-2000x1000.jpg 2000w\" sizes=\"auto, (max-width: 1024px) 100vw, 1024px\" \/><\/figure>\n<\/div>\n<\/div>\n\n\n\n<div style=\"height:100px\" aria-hidden=\"true\" class=\"wp-block-spacer\"><\/div>\n<\/div><\/div>\n\n\n\n<div class=\"wp-block-group alignfull has-background\" style=\"background-color:#e5e9ec\"><div class=\"wp-block-group__inner-container is-layout-flow wp-block-group-is-layout-flow\">\n<div class=\"wp-block-columns is-layout-flex wp-container-core-columns-is-layout-9d6595d7 wp-block-columns-is-layout-flex\">\n<div class=\"wp-block-column is-vertically-aligned-center is-layout-flow wp-block-column-is-layout-flow\">\n<div style=\"height:100px\" aria-hidden=\"true\" class=\"wp-block-spacer\"><\/div>\n\n\n\n<h3 class=\"wp-block-heading has-text-align-center\"><strong>L\u2019ADL HLR m\u00e8ne des actions pour favoriser le d\u00e9veloppement \u00e9conomique durable \u00e0 Houffalize et \u00e0 La Roche<\/strong><\/h3>\n\n\n\n<p class=\"has-text-align-center\">Envie de d\u00e9couvrir nos actions et nos projets ?<\/p>\n\n\n\n<div class=\"wp-block-buttons is-horizontal is-content-justification-center is-layout-flex wp-container-core-buttons-is-layout-499968f5 wp-block-buttons-is-layout-flex\">\n<div class=\"wp-block-button is-style-outline is-style-outline--1\"><a class=\"wp-block-button__link has-normal-font-size no-border-radius has-custom-font-size wp-element-button\" href=\"http:\/\/www.adlhlr.be\/index.php\/services-2\/\" target=\"_blank\" rel=\"noreferrer noopener\">VOIR NOS ACTIONS<\/a><\/div>\n<\/div>\n\n\n\n<div style=\"height:100px\" aria-hidden=\"true\" class=\"wp-block-spacer\"><\/div>\n<\/div>\n<\/div>\n<\/div><\/div>\n","protected":false},"excerpt":{"rendered":"<p>Une Agence de D\u00e9veloppement Local Une ADL, qui signifie \u00ab&nbsp;Agence de D\u00e9veloppement Local&nbsp;\u00bb, est un organisme subsidi\u00e9 par la&nbsp;R\u00e9gion wallonne, organe de tutelle, et par la&nbsp;Commune&nbsp;qui initie la demande et accueille l\u2019ADL sur son territoire. L\u2019ADL Houffalize \u2013 La Roche-en-Ardenne (HLR) est en place depuis septembre-octobre 2015. Elle a pour mission premi\u00e8re de&nbsp;susciter, faciliter et &hellip; <\/p>\n<p class=\"link-more\"><a href=\"https:\/\/www.adlhlr.be\/index.php\/adl-cest-quoi-2\/\" class=\"more-link\">Lire la suite de<span class=\"screen-reader-text\">\u00ab\u00a0ADL, c&rsquo;est quoi ?\u00a0\u00bb<\/span><\/a><\/p>\n","protected":false},"author":1,"featured_media":0,"parent":0,"menu_order":0,"comment_status":"closed","ping_status":"closed","template":"","meta":{"footnotes":""},"class_list":["post-6638","page","type-page","status-publish","hentry"],"_links":{"self":[{"href":"https:\/\/www.adlhlr.be\/index.php\/wp-json\/wp\/v2\/pages\/6638","targetHints":{"allow":["GET"]}}],"collection":[{"href":"https:\/\/www.adlhlr.be\/index.php\/wp-json\/wp\/v2\/pages"}],"about":[{"href":"https:\/\/www.adlhlr.be\/index.php\/wp-json\/wp\/v2\/types\/page"}],"author":[{"embeddable":true,"href":"https:\/\/www.adlhlr.be\/index.php\/wp-json\/wp\/v2\/users\/1"}],"replies":[{"embeddable":true,"href":"https:\/\/www.adlhlr.be\/index.php\/wp-json\/wp\/v2\/comments?post=6638"}],"version-history":[{"count":4,"href":"https:\/\/www.adlhlr.be\/index.php\/wp-json\/wp\/v2\/pages\/6638\/revisions"}],"predecessor-version":[{"id":7774,"href":"https:\/\/www.adlhlr.be\/index.php\/wp-json\/wp\/v2\/pages\/6638\/revisions\/7774"}],"wp:attachment":[{"href":"https:\/\/www.adlhlr.be\/index.php\/wp-json\/wp\/v2\/media?parent=6638"}],"curies":[{"name":"wp","href":"https:\/\/api.w.org\/{rel}","templated":true}]}}