{"id":6710,"date":"2022-01-04T13:22:44","date_gmt":"2022-01-04T12:22:44","guid":{"rendered":"http:\/\/www.adlhlr.be\/?page_id=6710"},"modified":"2022-01-20T09:13:46","modified_gmt":"2022-01-20T08:13:46","slug":"attractivite-economique","status":"publish","type":"page","link":"https:\/\/www.adlhlr.be\/index.php\/attractivite-economique\/","title":{"rendered":"Attractivit\u00e9 \u00e9conomique"},"content":{"rendered":"\n<div class=\"wp-block-group alignfull has-background\" style=\"background-color:#f8f4e4\"><div class=\"wp-block-group__inner-container is-layout-flow wp-block-group-is-layout-flow\">\n<div class=\"wp-block-columns alignwide is-layout-flex wp-container-core-columns-is-layout-9d6595d7 wp-block-columns-is-layout-flex\">\n<div class=\"wp-block-column is-layout-flow wp-block-column-is-layout-flow\">\n<div style=\"height:100px\" aria-hidden=\"true\" class=\"wp-block-spacer\"><\/div>\n\n\n\n<h6 class=\"has-text-color wp-block-heading\" style=\"color:#000000\">HOUFFALIZE<\/h6>\n\n\n\n<div style=\"height:5px\" aria-hidden=\"true\" class=\"wp-block-spacer\"><\/div>\n<\/div>\n<\/div>\n\n\n\n<div class=\"wp-block-columns alignwide is-layout-flex wp-container-core-columns-is-layout-9d6595d7 wp-block-columns-is-layout-flex\">\n<div class=\"wp-block-column is-layout-flow wp-block-column-is-layout-flow\">\n<h6 class=\"has-text-color wp-block-heading\" style=\"color:#000000\"><\/h6>\n\n\n\n<p class=\"has-text-align-right has-text-color\" style=\"color:#000000;font-size:5vw;line-height:1.1\"><strong>Attractivit\u00e9 \u00e9conomique.<\/strong><\/p>\n\n\n\n<div style=\"height:5px\" aria-hidden=\"true\" class=\"wp-block-spacer\"><\/div>\n<\/div>\n<\/div>\n\n\n\n<div class=\"wp-block-columns alignwide is-layout-flex wp-container-core-columns-is-layout-9d6595d7 wp-block-columns-is-layout-flex\">\n<div class=\"wp-block-column is-layout-flow wp-block-column-is-layout-flow\" style=\"flex-basis:67%\">\n<div class=\"wp-block-image\"><figure class=\"alignright size-large\"><img loading=\"lazy\" decoding=\"async\" width=\"1024\" height=\"683\" src=\"http:\/\/www.adlhlr.be\/wp-content\/uploads\/2022\/01\/000005176-WBT-Denis-Erroyaux-Brasserie-dAchouffe-brewery-1024x683.jpeg\" alt=\"\" class=\"wp-image-6867\" srcset=\"https:\/\/www.adlhlr.be\/wp-content\/uploads\/2022\/01\/000005176-WBT-Denis-Erroyaux-Brasserie-dAchouffe-brewery-1024x683.jpeg 1024w, https:\/\/www.adlhlr.be\/wp-content\/uploads\/2022\/01\/000005176-WBT-Denis-Erroyaux-Brasserie-dAchouffe-brewery-300x200.jpeg 300w, https:\/\/www.adlhlr.be\/wp-content\/uploads\/2022\/01\/000005176-WBT-Denis-Erroyaux-Brasserie-dAchouffe-brewery-768x512.jpeg 768w, https:\/\/www.adlhlr.be\/wp-content\/uploads\/2022\/01\/000005176-WBT-Denis-Erroyaux-Brasserie-dAchouffe-brewery.jpeg 1200w\" sizes=\"auto, (max-width: 1024px) 100vw, 1024px\" \/><figcaption>Copyright : WBT &#8211; Denis Erroyaux<\/figcaption><\/figure><\/div>\n<\/div>\n\n\n\n<div class=\"wp-block-column is-vertically-aligned-center is-layout-flow wp-block-column-is-layout-flow\" style=\"flex-basis:33%\">\n<p class=\"has-text-color\" style=\"color:#000000;font-size:14px\">La commune, moteur essentiel de l&rsquo;activit\u00e9 \u00e9conomique par les investissements qu&rsquo;elle consacre chaque ann\u00e9e. Par les march\u00e9s de travaux et de services qu&rsquo;elle stimule via ces diff\u00e9rents investissements, nombre d&rsquo;entreprises peuvent engager et entreprendre sur le territoire wallon! <\/p>\n\n\n\n<p class=\"has-text-color\" style=\"color:#000000;font-size:14px\">Par la mise en valeur du cadre de vie, combien d&rsquo;autres artisans de notre \u00e9conomie (services de toute sorte y compris les entreprises de pointe) trouvent le terrain ad\u00e9quat \u00e0 leur installation!&nbsp;<\/p>\n<\/div>\n<\/div>\n\n\n\n<div class=\"wp-block-columns is-layout-flex wp-container-core-columns-is-layout-9d6595d7 wp-block-columns-is-layout-flex\">\n<div class=\"wp-block-column is-layout-flow wp-block-column-is-layout-flow\">\n<h3 class=\"has-extra-large-font-size wp-block-heading\">ENTREPRENDRE<\/h3>\n\n\n\n<p style=\"font-size:14px\">Envie de cr\u00e9er votre emploi, de devenir ind\u00e9pendant ? L\u2019ADL est l\u00e0 pour vous. Nous vous conseillons et orientons pour vous aider \u00e0 faire na\u00eetre votre projet.<\/p>\n\n\n\n<p style=\"font-size:14px\">Outre des informations sur les diff\u00e9rentes d\u00e9marches, l\u2019ADL peut vous aider \u00e0 remplir les divers documents et permis officiels. N\u2019h\u00e9sitez pas, contactez-nous !<\/p>\n\n\n\n<p class=\"has-black-color has-text-color\"><a href=\"http:\/\/www.adlhlr.be\/index.php\/entreprendre-2\/\" target=\"_blank\" rel=\"noreferrer noopener\" title=\"http:\/\/www.adlhlr.be\/index.php\/entreprendre-3\/\">En savoir plus<\/a><\/p>\n<\/div>\n\n\n\n<div class=\"wp-block-column is-layout-flow wp-block-column-is-layout-flow\">\n<h3 class=\"has-extra-large-font-size wp-block-heading\">ZONES D&rsquo;ACTIVITES<\/h3>\n\n\n\n<p style=\"font-size:14px\">Le Luxembourg belge occupe une position logistique strat\u00e9gique en Europe dans une r\u00e9gion attractive, au carrefour des zones de consommation et de production.<\/p>\n\n\n\n<p class=\"has-black-color has-text-color\"><a href=\"http:\/\/www.adlhlr.be\/index.php\/zones-dactivites-2\/\" target=\"_blank\" rel=\"noreferrer noopener\">En savoir plus<\/a><\/p>\n<\/div>\n\n\n\n<div class=\"wp-block-column is-layout-flow wp-block-column-is-layout-flow\">\n<h3 class=\"has-extra-large-font-size wp-block-heading\">CIRCUITS COURTS<\/h3>\n\n\n\n<p style=\"font-size:14px\">L\u2019ADL HLR travaille sur de nombreux projets en lien avec la consommation locale, dans l\u2019objectif de stimuler le secteur commercial.<\/p>\n\n\n\n<p class=\"has-black-color has-text-color\"><a href=\"http:\/\/www.adlhlr.be\/index.php\/circuits-courts\/\" target=\"_blank\" rel=\"noreferrer noopener\">En savoir plus<\/a><\/p>\n<\/div>\n\n\n\n<div class=\"wp-block-column is-layout-flow wp-block-column-is-layout-flow\">\n<h3 class=\"has-extra-large-font-size wp-block-heading\">EMPLOIS<\/h3>\n\n\n\n<p style=\"font-size:14px\">Votre ADL est l\u00e0 pour donner de la visibilit\u00e9 aux offres d\u2019emploi de notre territoire mais aussi pour faciliter la recherche d\u2019emploi.<\/p>\n\n\n\n<p class=\"has-black-color has-text-color\"><a href=\"http:\/\/www.adlhlr.be\/index.php\/emploi\/\" target=\"_blank\" rel=\"noreferrer noopener\">En savoir plus<\/a><\/p>\n<\/div>\n<\/div>\n\n\n\n<div style=\"height:100px\" aria-hidden=\"true\" class=\"wp-block-spacer\"><\/div>\n<\/div><\/div>\n\n\n\n<div class=\"wp-block-group alignfull has-white-background-color has-background\"><div class=\"wp-block-group__inner-container is-layout-flow wp-block-group-is-layout-flow\">\n<div class=\"wp-block-columns is-layout-flex wp-container-core-columns-is-layout-9d6595d7 wp-block-columns-is-layout-flex\">\n<div class=\"wp-block-column is-vertically-aligned-center is-layout-flow wp-block-column-is-layout-flow\">\n<div style=\"height:100px\" aria-hidden=\"true\" class=\"wp-block-spacer\"><\/div>\n\n\n\n<h3 class=\"has-text-align-center wp-block-heading\"><strong><strong>L\u2019ADL de Houffalize &#8211; La Roche m\u00e8ne des actions pour favoriser le d\u00e9veloppement \u00e9conomique durable \u00e0<\/strong><\/strong> La Roche<\/h3>\n\n\n\n<p class=\"has-text-align-center\">Envie de d\u00e9couvrir nos actions et nos projets ?<\/p>\n\n\n\n<div class=\"wp-block-buttons is-content-justification-center is-layout-flex wp-block-buttons-is-layout-flex\">\n<div class=\"wp-block-button has-custom-font-size is-style-outline has-normal-font-size is-style-outline--1\"><a class=\"wp-block-button__link no-border-radius\" href=\"http:\/\/www.adlhlr.be\/index.php\/services-2\/\" target=\"_blank\" rel=\"noreferrer noopener\">VOIR NOS ACTIONS<\/a><\/div>\n<\/div>\n\n\n\n<div style=\"height:100px\" aria-hidden=\"true\" class=\"wp-block-spacer\"><\/div>\n<\/div>\n<\/div>\n<\/div><\/div>\n","protected":false},"excerpt":{"rendered":"<p>HOUFFALIZE Attractivit\u00e9 \u00e9conomique. La commune, moteur essentiel de l&rsquo;activit\u00e9 \u00e9conomique par les investissements qu&rsquo;elle consacre chaque ann\u00e9e. Par les march\u00e9s de travaux et de services qu&rsquo;elle stimule via ces diff\u00e9rents investissements, nombre d&rsquo;entreprises peuvent engager et entreprendre sur le territoire wallon! Par la mise en valeur du cadre de vie, combien d&rsquo;autres artisans de notre &hellip; <\/p>\n<p class=\"link-more\"><a href=\"https:\/\/www.adlhlr.be\/index.php\/attractivite-economique\/\" class=\"more-link\">Lire la suite de<span class=\"screen-reader-text\">\u00ab\u00a0Attractivit\u00e9 \u00e9conomique\u00a0\u00bb<\/span><\/a><\/p>\n","protected":false},"author":1,"featured_media":0,"parent":0,"menu_order":0,"comment_status":"closed","ping_status":"closed","template":"page-templates\/full-width-no-title.php","meta":{"footnotes":""},"class_list":["post-6710","page","type-page","status-publish","hentry"],"_links":{"self":[{"href":"https:\/\/www.adlhlr.be\/index.php\/wp-json\/wp\/v2\/pages\/6710","targetHints":{"allow":["GET"]}}],"collection":[{"href":"https:\/\/www.adlhlr.be\/index.php\/wp-json\/wp\/v2\/pages"}],"about":[{"href":"https:\/\/www.adlhlr.be\/index.php\/wp-json\/wp\/v2\/types\/page"}],"author":[{"embeddable":true,"href":"https:\/\/www.adlhlr.be\/index.php\/wp-json\/wp\/v2\/users\/1"}],"replies":[{"embeddable":true,"href":"https:\/\/www.adlhlr.be\/index.php\/wp-json\/wp\/v2\/comments?post=6710"}],"version-history":[{"count":0,"href":"https:\/\/www.adlhlr.be\/index.php\/wp-json\/wp\/v2\/pages\/6710\/revisions"}],"wp:attachment":[{"href":"https:\/\/www.adlhlr.be\/index.php\/wp-json\/wp\/v2\/media?parent=6710"}],"curies":[{"name":"wp","href":"https:\/\/api.w.org\/{rel}","templated":true}]}}