{"id":6744,"date":"2022-01-04T13:31:52","date_gmt":"2022-01-04T12:31:52","guid":{"rendered":"http:\/\/www.adlhlr.be\/?page_id=6744"},"modified":"2022-01-19T12:02:20","modified_gmt":"2022-01-19T11:02:20","slug":"carte-didentite-2","status":"publish","type":"page","link":"https:\/\/www.adlhlr.be\/index.php\/carte-didentite-2\/","title":{"rendered":"Carte d&rsquo;identit\u00e9"},"content":{"rendered":"\n<div class=\"wp-block-group alignfull\"><div class=\"wp-block-group__inner-container is-layout-flow wp-block-group-is-layout-flow\">\n<div class=\"wp-block-columns is-layout-flex wp-container-core-columns-is-layout-9d6595d7 wp-block-columns-is-layout-flex\">\n<div class=\"wp-block-column is-vertically-aligned-top is-layout-flow wp-block-column-is-layout-flow\">\n<div style=\"height:48px\" aria-hidden=\"true\" class=\"wp-block-spacer\"><\/div>\n\n\n\n<figure class=\"wp-block-image size-large\"><img loading=\"lazy\" decoding=\"async\" width=\"1024\" height=\"576\" src=\"http:\/\/www.adlhlr.be\/wp-content\/uploads\/2022\/01\/houffalize_1-1024x576.jpeg\" alt=\"\" class=\"wp-image-7023\" srcset=\"https:\/\/www.adlhlr.be\/wp-content\/uploads\/2022\/01\/houffalize_1-1024x576.jpeg 1024w, https:\/\/www.adlhlr.be\/wp-content\/uploads\/2022\/01\/houffalize_1-300x169.jpeg 300w, https:\/\/www.adlhlr.be\/wp-content\/uploads\/2022\/01\/houffalize_1-768x432.jpeg 768w, https:\/\/www.adlhlr.be\/wp-content\/uploads\/2022\/01\/houffalize_1.jpeg 1246w\" sizes=\"auto, (max-width: 1024px) 100vw, 1024px\" \/><figcaption>Copyright :  <a href=\"https:\/\/www.ardenneresidences.com\/fr\/blog\/tourisme\/que-faire-a-houffalize\/\" target=\"_blank\" rel=\"noreferrer noopener\">Ardenne Residences<\/a><\/figcaption><\/figure>\n<\/div>\n\n\n\n<div class=\"wp-block-column is-vertically-aligned-center is-layout-flow wp-block-column-is-layout-flow\">\n<h2 class=\"wp-block-heading\">Houffalize, escapade en Ardenne Belge<\/h2>\n\n\n\n<p style=\"font-size:14px\">Houffalize est une ville francophone de Belgique situ\u00e9e en R\u00e9gion wallonne dans la province de Luxembourg. La commune d\u00e9nombre 5 222 habitants.<\/p>\n\n\n\n<p style=\"font-size:14px\">Houffalize est une ville en pleine expansion. Vous pouvez y trouver :<\/p>\n\n\n\n<ul class=\"wp-block-list\" style=\"font-size:14px\"><li>Un parc d\u2019activit\u00e9s \u00e9conomiques avec des entreprises vari\u00e9es ;<\/li><li>De nombreux commerces, services de proximit\u00e9 et producteurs locaux ;<\/li><li>Des infrastructures culturelles, sportives et associatives qui bougent (centre culturel, biblioth\u00e8ques, maison des jeunes, piscine, salles omnisport, terrain de football, associations de quartiers, mouvements de jeunesse, etc.) ;<\/li><li>Des sentiers balis\u00e9s de promenades ;<\/li><li>Une Commune du Commerce \u00e9quitable depuis 2018.<\/li><\/ul>\n\n\n\n<p style=\"font-size:14px\">\u00c0 Houffalize, on retrouve \u00e9galement une\u00a0<a href=\"http:\/\/www.adlhlr.be\/index.php\/adl-cest-quoi-2\/\" target=\"_blank\" rel=\"noreferrer noopener\">Agence de D\u00e9veloppement Local,<\/a> un Espace Public Num\u00e9rique, un Service d&rsquo;insertion sociale, une antenne de l&rsquo;Office d&rsquo;aide aux familles luxembourgeoises.<\/p>\n<\/div>\n<\/div>\n<\/div><\/div>\n\n\n\n<div style=\"height:100px\" aria-hidden=\"true\" class=\"wp-block-spacer\"><\/div>\n\n\n\n<div class=\"wp-block-group alignfull has-text-color has-background has-link-color wp-elements-328e25768704ec0abc0219a57f1d205e\" style=\"background-color:#e5e9ec;color:#000000\"><div class=\"wp-block-group__inner-container is-layout-flow wp-block-group-is-layout-flow\">\n<div style=\"height:100px\" aria-hidden=\"true\" class=\"wp-block-spacer\"><\/div>\n\n\n\n<div class=\"wp-block-columns alignwide is-layout-flex wp-container-core-columns-is-layout-9d6595d7 wp-block-columns-is-layout-flex\">\n<div class=\"wp-block-column is-layout-flow wp-block-column-is-layout-flow\">\n<p class=\"has-text-color has-huge-font-size\" style=\"color:#0bb4aa\"><strong>166,58<\/strong><\/p>\n\n\n\n<h4 class=\"has-extra-large-font-size wp-block-heading\">km<sup>2<\/sup> de superficie<\/h4>\n<\/div>\n\n\n\n<div class=\"wp-block-column is-layout-flow wp-block-column-is-layout-flow\">\n<p class=\"has-text-color has-huge-font-size\" style=\"color:#0bb4aa\"><strong>5 222<\/strong><\/p>\n\n\n\n<h4 class=\"has-extra-large-font-size wp-block-heading\">Habitants<\/h4>\n<\/div>\n\n\n\n<div class=\"wp-block-column is-layout-flow wp-block-column-is-layout-flow\">\n<p class=\"has-text-color has-huge-font-size\" style=\"color:#0bb4aa\"><strong>500<\/strong><\/p>\n\n\n\n<h4 class=\"has-extra-large-font-size wp-block-heading\">Commerces, entreprises et ind\u00e9pendants<\/h4>\n<\/div>\n\n\n\n<div class=\"wp-block-column is-layout-flow wp-block-column-is-layout-flow\">\n<p class=\"has-text-color has-huge-font-size\" style=\"color:#0bb4aa\"><strong>7<\/strong><\/p>\n\n\n\n<h4 class=\"has-extra-large-font-size wp-block-heading\">Ecoles d&rsquo;enseignement fondamental<\/h4>\n<\/div>\n<\/div>\n\n\n\n<div style=\"height:100px\" aria-hidden=\"true\" class=\"wp-block-spacer\"><\/div>\n<\/div><\/div>\n\n\n\n<div class=\"wp-block-group alignfull has-white-background-color has-background\"><div class=\"wp-block-group__inner-container is-layout-flow wp-block-group-is-layout-flow\">\n<div class=\"wp-block-columns is-layout-flex wp-container-core-columns-is-layout-9d6595d7 wp-block-columns-is-layout-flex\">\n<div class=\"wp-block-column is-vertically-aligned-center is-layout-flow wp-block-column-is-layout-flow\">\n<h2 class=\"wp-block-heading\">Entre Li\u00e8ge, Bastogne et Durbuy<\/h2>\n\n\n\n<p style=\"font-size:14px\">Situ\u00e9 au sud-est de la Belgique, Houffalize est une commune qui fait partie de la&nbsp;<strong>Province de Luxembourg<\/strong>. Les communes limitrophes de Houffalize sont nombreuses, parmi lesquelles La Roche-en-Ardenne, Gouvy et Bertogne.<\/p>\n\n\n\n<p style=\"font-size:14px\">Le territoire de Houffalize est au carrefour entre Bastogne, Durbuy, Li\u00e8ge et le Grand Duch\u00e9 du Luxembourg. Il b\u00e9n\u00e9ficie d\u2019un&nbsp;<strong>acc\u00e8s autoroutier ais\u00e9<\/strong>&nbsp;et d\u2019un r\u00e9seau de&nbsp;<strong>transport en commun<\/strong>&nbsp;dense.<\/p>\n<\/div>\n\n\n\n<div class=\"wp-block-column is-layout-flow wp-block-column-is-layout-flow\">\n<div style=\"height:48px\" aria-hidden=\"true\" class=\"wp-block-spacer\"><\/div>\n\n\n\n<figure class=\"wp-block-image size-large\"><img loading=\"lazy\" decoding=\"async\" width=\"1024\" height=\"759\" src=\"http:\/\/www.adlhlr.be\/wp-content\/uploads\/2022\/01\/HOUFFALIZE-1024x759.jpg\" alt=\"\" class=\"wp-image-7029\" srcset=\"https:\/\/www.adlhlr.be\/wp-content\/uploads\/2022\/01\/HOUFFALIZE-1024x759.jpg 1024w, https:\/\/www.adlhlr.be\/wp-content\/uploads\/2022\/01\/HOUFFALIZE-300x222.jpg 300w, https:\/\/www.adlhlr.be\/wp-content\/uploads\/2022\/01\/HOUFFALIZE-768x569.jpg 768w, https:\/\/www.adlhlr.be\/wp-content\/uploads\/2022\/01\/HOUFFALIZE.jpg 1038w\" sizes=\"auto, (max-width: 1024px) 100vw, 1024px\" \/><figcaption>Copyright : Google Maps<\/figcaption><\/figure>\n<\/div>\n<\/div>\n\n\n\n<div style=\"height:100px\" aria-hidden=\"true\" class=\"wp-block-spacer\"><\/div>\n<\/div><\/div>\n","protected":false},"excerpt":{"rendered":"<p>Houffalize, escapade en Ardenne Belge Houffalize est une ville francophone de Belgique situ\u00e9e en R\u00e9gion wallonne dans la province de Luxembourg. La commune d\u00e9nombre 5 222 habitants. Houffalize est une ville en pleine expansion. Vous pouvez y trouver : Un parc d\u2019activit\u00e9s \u00e9conomiques avec des entreprises vari\u00e9es ; De nombreux commerces, services de proximit\u00e9 et &hellip; <\/p>\n<p class=\"link-more\"><a href=\"https:\/\/www.adlhlr.be\/index.php\/carte-didentite-2\/\" class=\"more-link\">Lire la suite de<span class=\"screen-reader-text\">\u00ab\u00a0Carte d&rsquo;identit\u00e9\u00a0\u00bb<\/span><\/a><\/p>\n","protected":false},"author":1,"featured_media":0,"parent":0,"menu_order":0,"comment_status":"closed","ping_status":"closed","template":"","meta":{"footnotes":""},"class_list":["post-6744","page","type-page","status-publish","hentry"],"_links":{"self":[{"href":"https:\/\/www.adlhlr.be\/index.php\/wp-json\/wp\/v2\/pages\/6744","targetHints":{"allow":["GET"]}}],"collection":[{"href":"https:\/\/www.adlhlr.be\/index.php\/wp-json\/wp\/v2\/pages"}],"about":[{"href":"https:\/\/www.adlhlr.be\/index.php\/wp-json\/wp\/v2\/types\/page"}],"author":[{"embeddable":true,"href":"https:\/\/www.adlhlr.be\/index.php\/wp-json\/wp\/v2\/users\/1"}],"replies":[{"embeddable":true,"href":"https:\/\/www.adlhlr.be\/index.php\/wp-json\/wp\/v2\/comments?post=6744"}],"version-history":[{"count":0,"href":"https:\/\/www.adlhlr.be\/index.php\/wp-json\/wp\/v2\/pages\/6744\/revisions"}],"wp:attachment":[{"href":"https:\/\/www.adlhlr.be\/index.php\/wp-json\/wp\/v2\/media?parent=6744"}],"curies":[{"name":"wp","href":"https:\/\/api.w.org\/{rel}","templated":true}]}}