{"id":6746,"date":"2022-01-04T13:31:52","date_gmt":"2022-01-04T12:31:52","guid":{"rendered":"http:\/\/www.adlhlr.be\/?page_id=6746"},"modified":"2022-01-14T14:43:56","modified_gmt":"2022-01-14T13:43:56","slug":"zones-dactivites-2","status":"publish","type":"page","link":"https:\/\/www.adlhlr.be\/index.php\/zones-dactivites-2\/","title":{"rendered":"Zones d&rsquo;activit\u00e9s"},"content":{"rendered":"\n<div class=\"wp-block-group alignfull\"><div class=\"wp-block-group__inner-container is-layout-flow wp-block-group-is-layout-flow\">\n<div class=\"wp-block-columns are-vertically-aligned-center is-layout-flex wp-container-core-columns-is-layout-9d6595d7 wp-block-columns-is-layout-flex\">\n<div class=\"wp-block-column is-vertically-aligned-center is-layout-flow wp-block-column-is-layout-flow\">\n<div style=\"height:48px\" aria-hidden=\"true\" class=\"wp-block-spacer\"><\/div>\n\n\n\n<figure class=\"wp-block-image size-large\"><img loading=\"lazy\" decoding=\"async\" width=\"1024\" height=\"683\" src=\"http:\/\/www.adlhlr.be\/wp-content\/uploads\/2022\/01\/IMG_9043-1024x683.jpg\" alt=\"\" class=\"wp-image-7047\" srcset=\"https:\/\/www.adlhlr.be\/wp-content\/uploads\/2022\/01\/IMG_9043-1024x683.jpg 1024w, https:\/\/www.adlhlr.be\/wp-content\/uploads\/2022\/01\/IMG_9043-300x200.jpg 300w, https:\/\/www.adlhlr.be\/wp-content\/uploads\/2022\/01\/IMG_9043-768x512.jpg 768w, https:\/\/www.adlhlr.be\/wp-content\/uploads\/2022\/01\/IMG_9043-1536x1024.jpg 1536w, https:\/\/www.adlhlr.be\/wp-content\/uploads\/2022\/01\/IMG_9043-2048x1365.jpg 2048w, https:\/\/www.adlhlr.be\/wp-content\/uploads\/2022\/01\/IMG_9043-2000x1333.jpg 2000w\" sizes=\"auto, (max-width: 1024px) 100vw, 1024px\" \/><figcaption>Copyright : IDELUX<\/figcaption><\/figure>\n<\/div>\n\n\n\n<div class=\"wp-block-column is-vertically-aligned-center is-layout-flow wp-block-column-is-layout-flow\">\n<h2 class=\"wp-block-heading\">Les Cheras<\/h2>\n\n\n\n<p style=\"font-size:14px\">Implant\u00e9 sur 8.4 hectares r\u00e9partis sur le territoire de la commune de Houffalize, le parc d\u2019activit\u00e9s \u00e9conomiques les Cheras est id\u00e9alement situ\u00e9 \u00e0 proximit\u00e9 du Grand-Duch\u00e9 du Luxembourg depuis plus de 9 ans.<\/p>\n\n\n\n<p style=\"font-size:14px\">Ce parc d&rsquo;activit\u00e9 compte 7 entreprises, dont les axes de travail varient : b\u00e2timent, menuiserie, brasserie, fromagerie, etc.<\/p>\n\n\n\n<p style=\"font-size:14px\">Ce concept immobilier int\u00e9gr\u00e9 dans son environnement avec des plateformes compl\u00e8tement am\u00e9nag\u00e9es est id\u00e9alement situ\u00e9 en bordure de l&rsquo;autoroute E25 et de la nationale 30.<\/p>\n\n\n\n<p style=\"font-size:14px\">Vous souhaitez conna\u00eetre les entreprises pr\u00e9sentes dans le zoning&nbsp;? Quels sont les projets men\u00e9s&nbsp;?<br>Toutes les informations se situent sur le <a href=\"https:\/\/www.idelux.be\/fr\/houffalize-les-cheras.html?IDC=2509&amp;IDD=5275\" target=\"_blank\" rel=\"noreferrer noopener\">site d&rsquo;Idelux<\/a>.<\/p>\n<\/div>\n<\/div>\n\n\n\n<div style=\"height:100px\" aria-hidden=\"true\" class=\"wp-block-spacer\"><\/div>\n<\/div><\/div>\n\n\n\n<div class=\"wp-block-group alignfull has-background\" style=\"background-color:#e5e9ec\"><div class=\"wp-block-group__inner-container is-layout-flow wp-block-group-is-layout-flow\">\n<div class=\"wp-block-columns is-layout-flex wp-container-core-columns-is-layout-9d6595d7 wp-block-columns-is-layout-flex\">\n<div class=\"wp-block-column is-vertically-aligned-center is-layout-flow wp-block-column-is-layout-flow\">\n<div style=\"height:100px\" aria-hidden=\"true\" class=\"wp-block-spacer\"><\/div>\n\n\n\n<h3 class=\"has-text-align-center wp-block-heading\"><strong><strong>L\u2019ADL de Houffalize et La Roche collabore avec de nombreux partenaires concernant divers projets.<\/strong><\/strong><\/h3>\n\n\n\n<p class=\"has-text-align-center\">Vous souhaitez nous parler d\u2019un projet ? Vous aimeriez faire partie de nos partenaires ?<\/p>\n\n\n\n<div class=\"wp-block-buttons is-content-justification-center is-layout-flex wp-block-buttons-is-layout-flex\">\n<div class=\"wp-block-button has-custom-font-size is-style-outline has-normal-font-size is-style-outline--1\"><a class=\"wp-block-button__link no-border-radius\" href=\"http:\/\/www.adlhlr.be\/index.php\/contact-2\/\" target=\"_blank\" rel=\"noreferrer noopener\">contactez-nous<\/a><\/div>\n<\/div>\n\n\n\n<div style=\"height:100px\" aria-hidden=\"true\" class=\"wp-block-spacer\"><\/div>\n<\/div>\n<\/div>\n<\/div><\/div>\n","protected":false},"excerpt":{"rendered":"<p>Les Cheras Implant\u00e9 sur 8.4 hectares r\u00e9partis sur le territoire de la commune de Houffalize, le parc d\u2019activit\u00e9s \u00e9conomiques les Cheras est id\u00e9alement situ\u00e9 \u00e0 proximit\u00e9 du Grand-Duch\u00e9 du Luxembourg depuis plus de 9 ans. Ce parc d&rsquo;activit\u00e9 compte 7 entreprises, dont les axes de travail varient : b\u00e2timent, menuiserie, brasserie, fromagerie, etc. Ce concept &hellip; <\/p>\n<p class=\"link-more\"><a href=\"https:\/\/www.adlhlr.be\/index.php\/zones-dactivites-2\/\" class=\"more-link\">Lire la suite de<span class=\"screen-reader-text\">\u00ab\u00a0Zones d&rsquo;activit\u00e9s\u00a0\u00bb<\/span><\/a><\/p>\n","protected":false},"author":1,"featured_media":0,"parent":0,"menu_order":0,"comment_status":"closed","ping_status":"closed","template":"","meta":{"footnotes":""},"class_list":["post-6746","page","type-page","status-publish","hentry"],"_links":{"self":[{"href":"https:\/\/www.adlhlr.be\/index.php\/wp-json\/wp\/v2\/pages\/6746","targetHints":{"allow":["GET"]}}],"collection":[{"href":"https:\/\/www.adlhlr.be\/index.php\/wp-json\/wp\/v2\/pages"}],"about":[{"href":"https:\/\/www.adlhlr.be\/index.php\/wp-json\/wp\/v2\/types\/page"}],"author":[{"embeddable":true,"href":"https:\/\/www.adlhlr.be\/index.php\/wp-json\/wp\/v2\/users\/1"}],"replies":[{"embeddable":true,"href":"https:\/\/www.adlhlr.be\/index.php\/wp-json\/wp\/v2\/comments?post=6746"}],"version-history":[{"count":0,"href":"https:\/\/www.adlhlr.be\/index.php\/wp-json\/wp\/v2\/pages\/6746\/revisions"}],"wp:attachment":[{"href":"https:\/\/www.adlhlr.be\/index.php\/wp-json\/wp\/v2\/media?parent=6746"}],"curies":[{"name":"wp","href":"https:\/\/api.w.org\/{rel}","templated":true}]}}