{"id":6819,"date":"2022-01-04T14:22:18","date_gmt":"2022-01-04T13:22:18","guid":{"rendered":"http:\/\/www.adlhlr.be\/?page_id=6819"},"modified":"2022-01-19T13:38:57","modified_gmt":"2022-01-19T12:38:57","slug":"zones-dactivites-3","status":"publish","type":"page","link":"https:\/\/www.adlhlr.be\/index.php\/zones-dactivites-3\/","title":{"rendered":"Zones d&rsquo;activit\u00e9s"},"content":{"rendered":"\n<div class=\"wp-block-group alignfull\"><div class=\"wp-block-group__inner-container is-layout-flow wp-block-group-is-layout-flow\">\n<div class=\"wp-block-columns are-vertically-aligned-center is-layout-flex wp-container-core-columns-is-layout-9d6595d7 wp-block-columns-is-layout-flex\">\n<div class=\"wp-block-column is-vertically-aligned-center is-layout-flow wp-block-column-is-layout-flow\">\n<div style=\"height:48px\" aria-hidden=\"true\" class=\"wp-block-spacer\"><\/div>\n\n\n\n<figure class=\"wp-block-image size-large\"><img decoding=\"async\" src=\"http:\/\/www.adlhlr.be\/wp-content\/uploads\/2022\/01\/logo-developpement-positif-w1280h800-1024x614.jpg\" alt=\"\" class=\"wp-image-7021\"\/><figcaption>Copyright : IDELUX<\/figcaption><\/figure>\n<\/div>\n\n\n\n<div class=\"wp-block-column is-vertically-aligned-center is-layout-flow wp-block-column-is-layout-flow\">\n<h2 class=\"wp-block-heading\">Parc d&rsquo;Activit\u00e9s Economiques de Vecmont<\/h2>\n\n\n\n<p style=\"font-size:14px\">Le Pars d&rsquo;Activit\u00e9s Economiques de Vecmont situ\u00e9 \u00e0 quelques kilom\u00e8tres de La Roche-en-Ardenne est enti\u00e8rement \u00e9quip\u00e9 pour accueillir des PME, des tr\u00e8s petites entreprises ou encore des artisans. <\/p>\n\n\n\n<p style=\"font-size:14px\">Situ\u00e9 non loin de la Barri\u00e8re de Champlon et des axes routiers qui la traverse, ce parc participe au renforcement de la dynamique \u00e9conomique de la r\u00e9gion. <\/p>\n\n\n\n<p style=\"font-size:14px\">Vous souhaitez conna\u00eetre les entreprises pr\u00e9sentes dans le zoning\u00a0? Quels sont les projets men\u00e9s\u00a0? Toutes les informations se situent sur le <a href=\"https:\/\/www.idelux.be\/fr\/la-roche-en-ardenne-vecmont.html?IDC=2509&amp;IDD=1610\" target=\"_blank\" rel=\"noreferrer noopener\">site d&rsquo;Idelux<\/a>.<\/p>\n<\/div>\n<\/div>\n<\/div><\/div>\n\n\n\n<div class=\"wp-block-group alignfull has-background\" style=\"background-color:#e5e9ec\"><div class=\"wp-block-group__inner-container is-layout-flow wp-block-group-is-layout-flow\">\n<div class=\"wp-block-columns is-layout-flex wp-container-core-columns-is-layout-9d6595d7 wp-block-columns-is-layout-flex\">\n<div class=\"wp-block-column is-vertically-aligned-center is-layout-flow wp-block-column-is-layout-flow\">\n<h2 class=\"wp-block-heading\">Parc d&rsquo;Activit\u00e9s Economiques de Warempage<\/h2>\n\n\n\n<p style=\"font-size:14px\">Accueillant des entreprises diverses, la zone d&rsquo;Activit\u00e9s Economiques de Warempage est id\u00e9alement situ\u00e9 au coeur de la commune de La Roche-en-Ardenne.<\/p>\n\n\n\n<p style=\"font-size:14px\">Vous souhaitez conna\u00eetre les entreprises pr\u00e9sentes dans le zoning\u00a0? Quels sont les projets men\u00e9s\u00a0?<br>Toutes les informations se situent sur le <a href=\"https:\/\/www.idelux.be\/fr\/la-roche-en-ardenne-warempage.html?IDC=2509&amp;IDD=1609\" target=\"_blank\" rel=\"noreferrer noopener\">site d&rsquo;Idelux<\/a>. <\/p>\n<\/div>\n\n\n\n<div class=\"wp-block-column is-layout-flow wp-block-column-is-layout-flow\">\n<div style=\"height:48px\" aria-hidden=\"true\" class=\"wp-block-spacer\"><\/div>\n\n\n\n<figure class=\"wp-block-image size-large\"><img decoding=\"async\" src=\"http:\/\/www.adlhlr.be\/wp-content\/uploads\/2022\/01\/logo-developpement-positif-w1280h800-1024x614.jpg\" alt=\"\" class=\"wp-image-7021\"\/><figcaption> Copyright : IDELUX <\/figcaption><\/figure>\n<\/div>\n<\/div>\n\n\n\n<div style=\"height:100px\" aria-hidden=\"true\" class=\"wp-block-spacer\"><\/div>\n<\/div><\/div>\n\n\n\n<div class=\"wp-block-group alignfull has-white-background-color has-background\"><div class=\"wp-block-group__inner-container is-layout-flow wp-block-group-is-layout-flow\">\n<div class=\"wp-block-columns is-layout-flex wp-container-core-columns-is-layout-9d6595d7 wp-block-columns-is-layout-flex\">\n<div class=\"wp-block-column is-vertically-aligned-center is-layout-flow wp-block-column-is-layout-flow\">\n<div style=\"height:100px\" aria-hidden=\"true\" class=\"wp-block-spacer\"><\/div>\n\n\n\n<h3 class=\"has-text-align-center wp-block-heading\"><strong><strong>L\u2019ADL de Houffalize et La Roche collabore avec de nombreux partenaires concernant divers projets.<\/strong><\/strong><\/h3>\n\n\n\n<p class=\"has-text-align-center\">Vous souhaitez nous parler d\u2019un projet ? Vous aimeriez faire partie de nos partenaires ?<\/p>\n\n\n\n<div class=\"wp-block-buttons is-content-justification-center is-layout-flex wp-block-buttons-is-layout-flex\">\n<div class=\"wp-block-button has-custom-font-size is-style-outline has-normal-font-size is-style-outline--1\"><a class=\"wp-block-button__link no-border-radius\" href=\"http:\/\/www.adlhlr.be\/index.php\/contact-2\/\" target=\"_blank\" rel=\"noreferrer noopener\">contactez-nous<\/a><\/div>\n<\/div>\n\n\n\n<div style=\"height:100px\" aria-hidden=\"true\" class=\"wp-block-spacer\"><\/div>\n<\/div>\n<\/div>\n<\/div><\/div>\n","protected":false},"excerpt":{"rendered":"<p>Parc d&rsquo;Activit\u00e9s Economiques de Vecmont Le Pars d&rsquo;Activit\u00e9s Economiques de Vecmont situ\u00e9 \u00e0 quelques kilom\u00e8tres de La Roche-en-Ardenne est enti\u00e8rement \u00e9quip\u00e9 pour accueillir des PME, des tr\u00e8s petites entreprises ou encore des artisans. Situ\u00e9 non loin de la Barri\u00e8re de Champlon et des axes routiers qui la traverse, ce parc participe au renforcement de la &hellip; <\/p>\n<p class=\"link-more\"><a href=\"https:\/\/www.adlhlr.be\/index.php\/zones-dactivites-3\/\" class=\"more-link\">Lire la suite de<span class=\"screen-reader-text\">\u00ab\u00a0Zones d&rsquo;activit\u00e9s\u00a0\u00bb<\/span><\/a><\/p>\n","protected":false},"author":1,"featured_media":0,"parent":0,"menu_order":0,"comment_status":"closed","ping_status":"closed","template":"","meta":{"footnotes":""},"class_list":["post-6819","page","type-page","status-publish","hentry"],"_links":{"self":[{"href":"https:\/\/www.adlhlr.be\/index.php\/wp-json\/wp\/v2\/pages\/6819","targetHints":{"allow":["GET"]}}],"collection":[{"href":"https:\/\/www.adlhlr.be\/index.php\/wp-json\/wp\/v2\/pages"}],"about":[{"href":"https:\/\/www.adlhlr.be\/index.php\/wp-json\/wp\/v2\/types\/page"}],"author":[{"embeddable":true,"href":"https:\/\/www.adlhlr.be\/index.php\/wp-json\/wp\/v2\/users\/1"}],"replies":[{"embeddable":true,"href":"https:\/\/www.adlhlr.be\/index.php\/wp-json\/wp\/v2\/comments?post=6819"}],"version-history":[{"count":0,"href":"https:\/\/www.adlhlr.be\/index.php\/wp-json\/wp\/v2\/pages\/6819\/revisions"}],"wp:attachment":[{"href":"https:\/\/www.adlhlr.be\/index.php\/wp-json\/wp\/v2\/media?parent=6819"}],"curies":[{"name":"wp","href":"https:\/\/api.w.org\/{rel}","templated":true}]}}