{"id":6827,"date":"2022-01-04T14:25:25","date_gmt":"2022-01-04T13:25:25","guid":{"rendered":"http:\/\/www.adlhlr.be\/?page_id=6827"},"modified":"2022-01-14T14:46:47","modified_gmt":"2022-01-14T13:46:47","slug":"entreprendre-3","status":"publish","type":"page","link":"https:\/\/www.adlhlr.be\/index.php\/entreprendre-3\/","title":{"rendered":"Entreprendre"},"content":{"rendered":"\n<div class=\"wp-block-group alignfull has-white-background-color has-background\"><div class=\"wp-block-group__inner-container is-layout-flow wp-block-group-is-layout-flow\">\n<div class=\"wp-block-columns is-layout-flex wp-container-core-columns-is-layout-9d6595d7 wp-block-columns-is-layout-flex\">\n<div class=\"wp-block-column is-vertically-aligned-center is-layout-flow wp-block-column-is-layout-flow\">\n<h2 class=\"wp-block-heading\">Entreprenez \u00e0 La Roche<\/h2>\n\n\n\n<p style=\"font-size:14px\">Vous souhaitez cr\u00e9er votre entreprise ou votre commerce \u00e0 La Roche ? L\u2019\u00e9quipe de l\u2019<strong>ADL vous accompagne<\/strong>&nbsp;dans vos d\u00e9marches pour vous installer \u00e0 La Roche. N\u2019h\u00e9sitez donc pas \u00e0 nous contacter dans le cadre de l\u2019ouverture d\u2019un commerce ou d\u2019une entreprise, nous pourrons vous aider.<\/p>\n\n\n\n<div class=\"wp-block-buttons is-content-justification-left is-layout-flex wp-block-buttons-is-layout-flex\">\n<div class=\"wp-block-button has-custom-font-size is-style-outline has-normal-font-size is-style-outline--1\"><a class=\"wp-block-button__link no-border-radius\" href=\"http:\/\/www.adlhlr.be\/index.php\/contact-2\/\" target=\"_blank\" rel=\"noreferrer noopener\">contactez-nous<\/a><\/div>\n<\/div>\n<\/div>\n\n\n\n<div class=\"wp-block-column is-layout-flow wp-block-column-is-layout-flow\">\n<div style=\"height:48px\" aria-hidden=\"true\" class=\"wp-block-spacer\"><\/div>\n\n\n\n<figure class=\"wp-block-image size-large\"><img loading=\"lazy\" decoding=\"async\" width=\"1024\" height=\"768\" src=\"http:\/\/www.adlhlr.be\/wp-content\/uploads\/2022\/01\/blueprints-1837238_1920-1024x768.jpg\" alt=\"\" class=\"wp-image-6960\" srcset=\"https:\/\/www.adlhlr.be\/wp-content\/uploads\/2022\/01\/blueprints-1837238_1920-1024x768.jpg 1024w, https:\/\/www.adlhlr.be\/wp-content\/uploads\/2022\/01\/blueprints-1837238_1920-300x225.jpg 300w, https:\/\/www.adlhlr.be\/wp-content\/uploads\/2022\/01\/blueprints-1837238_1920-768x576.jpg 768w, https:\/\/www.adlhlr.be\/wp-content\/uploads\/2022\/01\/blueprints-1837238_1920-1536x1152.jpg 1536w, https:\/\/www.adlhlr.be\/wp-content\/uploads\/2022\/01\/blueprints-1837238_1920.jpg 1920w\" sizes=\"auto, (max-width: 1024px) 100vw, 1024px\" \/><\/figure>\n<\/div>\n<\/div>\n\n\n\n<p><\/p>\n<\/div><\/div>\n\n\n\n<div class=\"wp-block-group alignfull has-text-color has-background has-link-color wp-elements-b1555cd55eb4b980689e8ef418c5e72f\" style=\"background-color:#e9e1da;color:#000000\"><div class=\"wp-block-group__inner-container is-layout-flow wp-block-group-is-layout-flow\">\n<div style=\"height:100px\" aria-hidden=\"true\" class=\"wp-block-spacer\"><\/div>\n\n\n\n<div class=\"wp-block-columns alignwide is-layout-flex wp-container-core-columns-is-layout-9d6595d7 wp-block-columns-is-layout-flex\">\n<div class=\"wp-block-column is-layout-flow wp-block-column-is-layout-flow\">\n<p class=\"has-huge-font-size\">1<\/p>\n\n\n\n<h3 class=\"has-extra-large-font-size wp-block-heading\">Cr\u00e9er mon entreprise<\/h3>\n\n\n\n<p style=\"font-size:14px\">Vous avez envie de cr\u00e9er votre entreprise, mais vous ne savez pas par o\u00f9 commencer ? Trouvez toutes les informations pour d\u00e9buter ici.<\/p>\n\n\n\n<p><a href=\"http:\/\/www.adlhlr.be\/index.php\/creer-mon-entreprise-2\/\" target=\"_blank\" rel=\"noreferrer noopener\">En savoir plus<\/a><\/p>\n<\/div>\n\n\n\n<div class=\"wp-block-column is-layout-flow wp-block-column-is-layout-flow\">\n<p class=\"has-huge-font-size\">2<\/p>\n\n\n\n<h3 class=\"has-extra-large-font-size wp-block-heading\">S&rsquo;installer \u00e0 La Roche<\/h3>\n\n\n\n<p style=\"font-size:14px\">Consultez cette rubrique pour tout savoir sur les d\u00e9marches \u00e0 suivre pour vous installer \u00e0 Houffalize.<\/p>\n\n\n\n<p><a href=\"http:\/\/www.adlhlr.be\/index.php\/sinstaller-a-la-roche-2\/\" target=\"_blank\" rel=\"noreferrer noopener\">En savoir plus<\/a><\/p>\n<\/div>\n\n\n\n<div class=\"wp-block-column is-layout-flow wp-block-column-is-layout-flow\">\n<p class=\"has-huge-font-size\">3<\/p>\n\n\n\n<h3 class=\"wp-block-heading\">Espaces commerciaux vacants<\/h3>\n\n\n\n<p style=\"font-size:14px\">Les \u00ab\u00a0cellules vides\u00a0\u00bb sont les locaux commerciaux qui sont sans locataires. <\/p>\n\n\n\n<p style=\"font-size:14px\">L&rsquo;ADL a d\u00e9cid\u00e9 de recenser toutes les cellules vides de La Roche et d\u2019y ajouter les informations pratiques (comme les coordonn\u00e9es des propri\u00e9taires, les prix d\u2019achat et\/ou de location\u2026) pour soutenir le commerce local.<\/p>\n\n\n\n<p><a href=\"http:\/\/www.adlhlr.be\/index.php\/espaces-commerciaux-vacants-2\/\" target=\"_blank\" rel=\"noreferrer noopener\" title=\"http:\/\/www.adlhlr.be\/index.php\/aides-financieres-communales-2\/\">En savoir plus<\/a><\/p>\n<\/div>\n\n\n\n<div class=\"wp-block-column is-layout-flow wp-block-column-is-layout-flow\">\n<p class=\"has-huge-font-size\">4<\/p>\n\n\n\n<h3 class=\"has-extra-large-font-size wp-block-heading\">Liens utiles<\/h3>\n\n\n\n<p style=\"font-size:14px\">Retrouvez, dans cette rubrique, les liens vers des ressources utiles pour vous aider dans la r\u00e9alisation de votre projet.<\/p>\n\n\n\n<p><a href=\"http:\/\/www.adlhlr.be\/index.php\/liens-utiles-2\/\" target=\"_blank\" rel=\"noreferrer noopener\">En savoir plus<\/a><\/p>\n<\/div>\n<\/div>\n\n\n\n<div style=\"height:100px\" aria-hidden=\"true\" class=\"wp-block-spacer\"><\/div>\n<\/div><\/div>\n\n\n\n<div style=\"height:100px\" aria-hidden=\"true\" class=\"wp-block-spacer\"><\/div>\n\n\n\n<div class=\"wp-block-columns are-vertically-aligned-center is-layout-flex wp-container-core-columns-is-layout-9d6595d7 wp-block-columns-is-layout-flex\">\n<div class=\"wp-block-column is-vertically-aligned-center is-layout-flow wp-block-column-is-layout-flow\">\n<div style=\"height:48px\" aria-hidden=\"true\" class=\"wp-block-spacer\"><\/div>\n\n\n\n<figure class=\"wp-block-image size-large\"><img loading=\"lazy\" decoding=\"async\" width=\"1024\" height=\"683\" src=\"http:\/\/www.adlhlr.be\/wp-content\/uploads\/2022\/01\/startup-594090_1920-1-1024x683.jpg\" alt=\"\" class=\"wp-image-6961\" srcset=\"https:\/\/www.adlhlr.be\/wp-content\/uploads\/2022\/01\/startup-594090_1920-1-1024x683.jpg 1024w, https:\/\/www.adlhlr.be\/wp-content\/uploads\/2022\/01\/startup-594090_1920-1-300x200.jpg 300w, https:\/\/www.adlhlr.be\/wp-content\/uploads\/2022\/01\/startup-594090_1920-1-768x512.jpg 768w, https:\/\/www.adlhlr.be\/wp-content\/uploads\/2022\/01\/startup-594090_1920-1-1536x1024.jpg 1536w, https:\/\/www.adlhlr.be\/wp-content\/uploads\/2022\/01\/startup-594090_1920-1.jpg 1920w\" sizes=\"auto, (max-width: 1024px) 100vw, 1024px\" \/><\/figure>\n<\/div>\n\n\n\n<div class=\"wp-block-column is-vertically-aligned-center is-layout-flow wp-block-column-is-layout-flow\">\n<h2 class=\"wp-block-heading\">L&rsquo;ADL, votre interlocuteur<\/h2>\n\n\n\n<p style=\"font-size:14px\">D\u00e8s votre enregistrement aupr\u00e8s de l\u2019ADL (toutes les d\u00e9marches aupr\u00e8s de l\u2019ADL sont gratuites), nous pourrons mettre \u00e0 jour la&nbsp;<strong>base de donn\u00e9es<\/strong>&nbsp;des acteurs \u00e9conomiques locaux et pouvoir vous r\u00e9f\u00e9rencer dans l\u2019<a href=\"http:\/\/www.adlhlr.be\/index.php\/blog\/\" target=\"_blank\" rel=\"noreferrer noopener\">annuaire \u00e9conomique<\/a>.<\/p>\n\n\n\n<p style=\"font-size:14px\">Nous r\u00e9aliserons \u00e9galement un \u00ab&nbsp;focus&nbsp;\u00bb de votre \u00e9tablissement. Il s\u2019agit d\u2019un article annon\u00e7ant votre ouverture, pr\u00e9sentant votre commerce\/votre savoir-faire, qui sera partag\u00e9 sur <a href=\"https:\/\/www.facebook.com\/ADLHLR\" target=\"_blank\" rel=\"noreferrer noopener\">notre partage Facebook<\/a> et sur notre site web.<\/p>\n\n\n\n<p style=\"font-size:14px\">Une rencontre avec l\u2019ADL permet de vous pr\u00e9senter les projets et services mis sur pied qui peuvent vous concerner. Nous sommes votre&nbsp;<strong>relais-partenaire-interlocuteur<\/strong>&nbsp;pour r\u00e9pondre \u00e0 vos questions et vous accompagner dans votre installation \u00e0 La Roche.<\/p>\n\n\n\n<div class=\"wp-block-buttons is-layout-flex wp-block-buttons-is-layout-flex\">\n<div class=\"wp-block-button has-custom-font-size is-style-outline has-normal-font-size is-style-outline--2\"><a class=\"wp-block-button__link no-border-radius\" href=\"http:\/\/www.adlhlr.be\/index.php\/services-2\/\" target=\"_blank\" rel=\"noreferrer noopener\">en savoir plus<\/a><\/div>\n<\/div>\n<\/div>\n<\/div>\n\n\n\n<div style=\"height:100px\" aria-hidden=\"true\" class=\"wp-block-spacer\"><\/div>\n","protected":false},"excerpt":{"rendered":"<p>Entreprenez \u00e0 La Roche Vous souhaitez cr\u00e9er votre entreprise ou votre commerce \u00e0 La Roche ? L\u2019\u00e9quipe de l\u2019ADL vous accompagne&nbsp;dans vos d\u00e9marches pour vous installer \u00e0 La Roche. N\u2019h\u00e9sitez donc pas \u00e0 nous contacter dans le cadre de l\u2019ouverture d\u2019un commerce ou d\u2019une entreprise, nous pourrons vous aider. 1 Cr\u00e9er mon entreprise Vous avez &hellip; <\/p>\n<p class=\"link-more\"><a href=\"https:\/\/www.adlhlr.be\/index.php\/entreprendre-3\/\" class=\"more-link\">Lire la suite de<span class=\"screen-reader-text\">\u00ab\u00a0Entreprendre\u00a0\u00bb<\/span><\/a><\/p>\n","protected":false},"author":1,"featured_media":0,"parent":0,"menu_order":0,"comment_status":"closed","ping_status":"closed","template":"","meta":{"footnotes":""},"class_list":["post-6827","page","type-page","status-publish","hentry"],"_links":{"self":[{"href":"https:\/\/www.adlhlr.be\/index.php\/wp-json\/wp\/v2\/pages\/6827","targetHints":{"allow":["GET"]}}],"collection":[{"href":"https:\/\/www.adlhlr.be\/index.php\/wp-json\/wp\/v2\/pages"}],"about":[{"href":"https:\/\/www.adlhlr.be\/index.php\/wp-json\/wp\/v2\/types\/page"}],"author":[{"embeddable":true,"href":"https:\/\/www.adlhlr.be\/index.php\/wp-json\/wp\/v2\/users\/1"}],"replies":[{"embeddable":true,"href":"https:\/\/www.adlhlr.be\/index.php\/wp-json\/wp\/v2\/comments?post=6827"}],"version-history":[{"count":1,"href":"https:\/\/www.adlhlr.be\/index.php\/wp-json\/wp\/v2\/pages\/6827\/revisions"}],"predecessor-version":[{"id":7079,"href":"https:\/\/www.adlhlr.be\/index.php\/wp-json\/wp\/v2\/pages\/6827\/revisions\/7079"}],"wp:attachment":[{"href":"https:\/\/www.adlhlr.be\/index.php\/wp-json\/wp\/v2\/media?parent=6827"}],"curies":[{"name":"wp","href":"https:\/\/api.w.org\/{rel}","templated":true}]}}