{"id":6828,"date":"2022-01-04T14:25:25","date_gmt":"2022-01-04T13:25:25","guid":{"rendered":"http:\/\/www.adlhlr.be\/?page_id=6828"},"modified":"2026-03-12T11:32:29","modified_gmt":"2026-03-12T10:32:29","slug":"creer-mon-entreprise-2","status":"publish","type":"page","link":"https:\/\/www.adlhlr.be\/index.php\/creer-mon-entreprise-2\/","title":{"rendered":"Cr\u00e9er mon entreprise"},"content":{"rendered":"\n<div style=\"height:100px\" aria-hidden=\"true\" class=\"wp-block-spacer\"><\/div>\n\n\n\n<div class=\"wp-block-columns are-vertically-aligned-center is-layout-flex wp-container-core-columns-is-layout-9d6595d7 wp-block-columns-is-layout-flex\">\n<div class=\"wp-block-column is-vertically-aligned-center is-layout-flow wp-block-column-is-layout-flow\">\n<div style=\"height:48px\" aria-hidden=\"true\" class=\"wp-block-spacer\"><\/div>\n\n\n\n<figure class=\"wp-block-image size-large\"><img loading=\"lazy\" decoding=\"async\" width=\"1024\" height=\"683\" src=\"http:\/\/www.adlhlr.be\/wp-content\/uploads\/2022\/01\/startup-593341_1920-1024x683.jpg\" alt=\"\" class=\"wp-image-6965\" srcset=\"https:\/\/www.adlhlr.be\/wp-content\/uploads\/2022\/01\/startup-593341_1920-1024x683.jpg 1024w, https:\/\/www.adlhlr.be\/wp-content\/uploads\/2022\/01\/startup-593341_1920-300x200.jpg 300w, https:\/\/www.adlhlr.be\/wp-content\/uploads\/2022\/01\/startup-593341_1920-768x512.jpg 768w, https:\/\/www.adlhlr.be\/wp-content\/uploads\/2022\/01\/startup-593341_1920-1536x1024.jpg 1536w, https:\/\/www.adlhlr.be\/wp-content\/uploads\/2022\/01\/startup-593341_1920.jpg 1920w\" sizes=\"auto, (max-width: 1024px) 100vw, 1024px\" \/><\/figure>\n<\/div>\n\n\n\n<div class=\"wp-block-column is-vertically-aligned-center is-layout-flow wp-block-column-is-layout-flow\">\n<h2 class=\"wp-block-heading\" id=\"comment-s-installer-a-son-compte-a-la-roche\">Comment s\u2019installer \u00e0 son compte \u00e0 La Roche ?<\/h2>\n\n\n\n<p style=\"font-size:14px\">Vous avez une id\u00e9e&nbsp;? Envie de cr\u00e9er votre entreprise&nbsp;? Mais vous ne savez pas par o\u00f9 commencer&nbsp;?<\/p>\n\n\n\n<p style=\"font-size:14px\">Dans un premier temps, nous vous conseillons de lire attentivement la brochure \u00e9dit\u00e9e par le SPW&nbsp;<a href=\"https:\/\/economie.fgov.be\/fr\/publications\/comment-sinstaller-son-compte\" target=\"_blank\" rel=\"noreferrer noopener\">\u00ab&nbsp;Comment s\u2019installer \u00e0 son compte&nbsp;?&nbsp;\u00bb<\/a>. Cette brochure vous informe sur les&nbsp;<strong>\u00e9tapes cl\u00e9s de la cr\u00e9ation d\u2019entreprise<\/strong>&nbsp;ainsi que sur les principales&nbsp;<strong>obligations fiscales, sociales et comptables<\/strong>&nbsp;li\u00e9es \u00e0 l\u2019exercice d\u2019une activit\u00e9 en tant que travailleur ind\u00e9pendant. Elle aborde \u00e9galement diff\u00e9rentes th\u00e9matiques auxquelles vous pourrez \u00eatre confront\u00e9 au cours du cycle de vie de votre entreprise.<\/p>\n\n\n\n<div class=\"wp-block-buttons is-layout-flex wp-block-buttons-is-layout-flex\">\n<div class=\"wp-block-button is-style-outline is-style-outline--1\"><a class=\"wp-block-button__link no-border-radius wp-element-button\" href=\"http:\/\/www.adlhlr.be\/wp-content\/uploads\/2022\/01\/Comment-s-installer-a-son-compte_0-1.pdf\" target=\"_blank\" rel=\"noreferrer noopener\">t\u00e9l\u00e9charger la brochure<\/a><\/div>\n<\/div>\n<\/div>\n<\/div>\n\n\n\n<div style=\"height:132px\" aria-hidden=\"true\" class=\"wp-block-spacer\"><\/div>\n\n\n\n<div class=\"wp-block-group alignfull has-white-background-color has-background\"><div class=\"wp-block-group__inner-container is-layout-flow wp-block-group-is-layout-flow\">\n<div class=\"wp-block-columns is-layout-flex wp-container-core-columns-is-layout-9d6595d7 wp-block-columns-is-layout-flex\">\n<div class=\"wp-block-column is-vertically-aligned-center is-layout-flow wp-block-column-is-layout-flow\">\n<h3 class=\"wp-block-heading has-text-align-center\" id=\"l-adl-de-houffalize-la-roche-mene-des-actions-pour-favoriser-le-developpement-economique-durable-a-la-roche\"><strong><strong>L\u2019ADL de Houffalize &#8211; La Roche m\u00e8ne des actions pour favoriser le d\u00e9veloppement \u00e9conomique durable \u00e0<\/strong><\/strong> La Roche<\/h3>\n\n\n\n<p class=\"has-text-align-center\">Envie de d\u00e9couvrir nos actions et nos projets ?<\/p>\n\n\n\n<div class=\"wp-block-buttons is-horizontal is-content-justification-center is-layout-flex wp-container-core-buttons-is-layout-499968f5 wp-block-buttons-is-layout-flex\">\n<div class=\"wp-block-button is-style-outline is-style-outline--2\"><a class=\"wp-block-button__link has-normal-font-size no-border-radius has-custom-font-size wp-element-button\" href=\"http:\/\/www.adlhlr.be\/index.php\/services-2\/\" target=\"_blank\" rel=\"noreferrer noopener\">VOIR NOS ACTIONS<\/a><\/div>\n<\/div>\n<\/div>\n<\/div>\n<\/div><\/div>\n\n\n\n<div class=\"wp-block-group alignfull has-background\" style=\"background-color:#e5e9ec\"><div class=\"wp-block-group__inner-container is-layout-flow wp-block-group-is-layout-flow\">\n<div class=\"wp-block-columns is-layout-flex wp-container-core-columns-is-layout-9d6595d7 wp-block-columns-is-layout-flex\">\n<div class=\"wp-block-column is-vertically-aligned-center is-layout-flow wp-block-column-is-layout-flow\">\n<div style=\"height:100px\" aria-hidden=\"true\" class=\"wp-block-spacer\"><\/div>\n\n\n\n<h3 class=\"wp-block-heading has-text-align-center\" id=\"beneficier-d-un-accompagnement-personnalise\"><strong>B\u00e9n\u00e9ficier d\u2019un accompagnement personnalis\u00e9<\/strong><\/h3>\n\n\n\n<p class=\"has-text-align-center\" style=\"font-size:14px\">Vous souhaitez \u00eatre conseill\u00e9 et accompagn\u00e9 pas \u00e0 pas dans la cr\u00e9ation de votre entreprise dans la commune de Houffalize&nbsp;? En effet, il existe des&nbsp;<strong>structures d\u2019accompagnement<\/strong>&nbsp;pour r\u00e9pondre aux besoins des porteurs de projet et des entrepreneurs. <\/p>\n\n\n\n<div style=\"height:100px\" aria-hidden=\"true\" class=\"wp-block-spacer\"><\/div>\n\n\n\n<div class=\"wp-block-columns is-layout-flex wp-container-core-columns-is-layout-9d6595d7 wp-block-columns-is-layout-flex\">\n<div class=\"wp-block-column is-layout-flow wp-block-column-is-layout-flow\">\n<p class=\"has-text-align-center has-normal-font-size\"><strong>Chambre de commerce et d\u2019industrie du Luxembourg belge<\/strong> <\/p>\n\n\n\n<p class=\"has-text-align-center has-small-font-size\">La CCI est un organisme multisectoriel priv\u00e9 qui \u0153uvre aux c\u00f4t\u00e9s des entreprises depuis pr\u00e8s de 160 ans.<\/p>\n\n\n\n<p class=\"has-text-align-center has-small-font-size\">Site internet : <a href=\"https:\/\/www.ccilb.be\/fr\/\" target=\"_blank\" rel=\"noreferrer noopener\">Bienvenue | CCI Luxembourg Belge (ccilb.be)<\/a><\/p>\n<\/div>\n\n\n\n<div class=\"wp-block-column is-layout-flow wp-block-column-is-layout-flow\">\n<p class=\"has-text-align-center has-normal-font-size\"><strong>IDELUX<\/strong><\/p>\n\n\n\n<p class=\"has-text-align-center has-small-font-size\">Conseils et accompagnement pour l\u2019implantation d\u2019entreprises en province de Luxembourg.<\/p>\n\n\n\n<p class=\"has-text-align-center has-small-font-size\">Site internet : <a href=\"https:\/\/www.idelux.be\/fr\/pour-l-entreprise.html?IDC=2506\">https&nbsp;:\/\/www.idelux.be\/fr\/pour-l-entreprise.html?IDC=2506<\/a><\/p>\n<\/div>\n\n\n\n<div class=\"wp-block-column is-layout-flow wp-block-column-is-layout-flow\">\n<p class=\"has-text-align-center\"><strong>Carrefour Emploi Formation Orientation de Marche-en-Famenne<\/strong><\/p>\n\n\n\n<p class=\"has-text-align-center has-small-font-size\">Orientation professionnelle et formations.<\/p>\n\n\n\n<p class=\"has-text-align-center has-small-font-size\">Site internet : <a href=\"https:\/\/www.leforem.be\/contact\/carrefour-emploi-formation-orientation\/marche-en-famenne.html\">https:\/\/www.leforem.be\/contact\/carrefour-emploi-formation-orientation\/marche-en-famenne.html<\/a><\/p>\n<\/div>\n<\/div>\n\n\n\n<div style=\"height:100px\" aria-hidden=\"true\" class=\"wp-block-spacer\"><\/div>\n\n\n\n<div class=\"wp-block-columns is-layout-flex wp-container-core-columns-is-layout-9d6595d7 wp-block-columns-is-layout-flex\">\n<div class=\"wp-block-column is-layout-flow wp-block-column-is-layout-flow\">\n<p class=\"has-text-align-center\"><strong>IFAPME Luxembourg \u2013 Libramont et Marloie<\/strong><\/p>\n\n\n\n<p class=\"has-text-align-center has-small-font-size\">Formation acc\u00e9l\u00e9r\u00e9e en gestion et alternance.<\/p>\n\n\n\n<p class=\"has-text-align-center has-small-font-size\">Site internet : <a href=\"https:\/\/www.ifapme.be\/\">https:\/\/www.ifapme.be\/<\/a><\/p>\n<\/div>\n\n\n\n<div class=\"wp-block-column is-layout-flow wp-block-column-is-layout-flow\">\n<p class=\"has-text-align-center\"><strong>Cr\u00e9ajob \u2013 Marloie<\/strong><\/p>\n\n\n\n<p class=\"has-text-align-center has-small-font-size\">Couveuse d\u2019entreprise.<\/p>\n\n\n\n<p class=\"has-text-align-center has-small-font-size\">Site internet : <a href=\"https:\/\/creajob.be\/\" target=\"_blank\" rel=\"noreferrer noopener\">https:\/\/creajob.be\/<\/a><\/p>\n<\/div>\n\n\n\n<div class=\"wp-block-column is-layout-flow wp-block-column-is-layout-flow\">\n<p class=\"has-text-align-center\"><strong>Challenge Entreprendre \u2013 Marche-en-Famenne et Libramont<\/strong><\/p>\n\n\n\n<p class=\"has-text-align-center has-small-font-size\">Formations, conseils pour les starters, aide au financement.<\/p>\n\n\n\n<p class=\"has-text-align-center has-small-font-size\">Site internet : <a href=\"https:\/\/www.challenge-entreprendre.be\/\">Challenge &#8211; Start your business &#8211; Conseils et aide pour cr\u00e9er son entreprise en Wallonie (challenge-entreprendre.be)<\/a><\/p>\n<\/div>\n<\/div>\n\n\n\n<div style=\"height:100px\" aria-hidden=\"true\" class=\"wp-block-spacer\"><\/div>\n\n\n\n<div class=\"wp-block-columns is-layout-flex wp-container-core-columns-is-layout-9d6595d7 wp-block-columns-is-layout-flex\">\n<div class=\"wp-block-column is-layout-flow wp-block-column-is-layout-flow\">\n<p class=\"has-text-align-center\"><strong>Experts comptables<\/strong><\/p>\n\n\n\n<p class=\"has-text-align-center has-small-font-size\">Liste disponible via le lien suivant&nbsp;: <a href=\"https:\/\/economie.fgov.be\/fr\/themes\/entreprises\/creer-une-entreprise\/conditions-dacces-la\/lexpert-comptable-certifie\">https:\/\/economie.fgov.be\/fr\/themes\/entreprises\/creer-une-entreprise\/conditions-dacces-la\/lexpert-comptable-certifie<\/a><\/p>\n<\/div>\n\n\n\n<div class=\"wp-block-column is-layout-flow wp-block-column-is-layout-flow\"><\/div>\n\n\n\n<div class=\"wp-block-column is-layout-flow wp-block-column-is-layout-flow\"><\/div>\n<\/div>\n\n\n\n<div style=\"height:100px\" aria-hidden=\"true\" class=\"wp-block-spacer\"><\/div>\n<\/div>\n<\/div>\n<\/div><\/div>\n","protected":false},"excerpt":{"rendered":"<p>Comment s\u2019installer \u00e0 son compte \u00e0 La Roche ? Vous avez une id\u00e9e&nbsp;? Envie de cr\u00e9er votre entreprise&nbsp;? Mais vous ne savez pas par o\u00f9 commencer&nbsp;? Dans un premier temps, nous vous conseillons de lire attentivement la brochure \u00e9dit\u00e9e par le SPW&nbsp;\u00ab&nbsp;Comment s\u2019installer \u00e0 son compte&nbsp;?&nbsp;\u00bb. Cette brochure vous informe sur les&nbsp;\u00e9tapes cl\u00e9s de la &hellip; <\/p>\n<p class=\"link-more\"><a href=\"https:\/\/www.adlhlr.be\/index.php\/creer-mon-entreprise-2\/\" class=\"more-link\">Lire la suite de<span class=\"screen-reader-text\">\u00ab\u00a0Cr\u00e9er mon entreprise\u00a0\u00bb<\/span><\/a><\/p>\n","protected":false},"author":1,"featured_media":0,"parent":0,"menu_order":0,"comment_status":"closed","ping_status":"closed","template":"","meta":{"footnotes":""},"class_list":["post-6828","page","type-page","status-publish","hentry"],"_links":{"self":[{"href":"https:\/\/www.adlhlr.be\/index.php\/wp-json\/wp\/v2\/pages\/6828","targetHints":{"allow":["GET"]}}],"collection":[{"href":"https:\/\/www.adlhlr.be\/index.php\/wp-json\/wp\/v2\/pages"}],"about":[{"href":"https:\/\/www.adlhlr.be\/index.php\/wp-json\/wp\/v2\/types\/page"}],"author":[{"embeddable":true,"href":"https:\/\/www.adlhlr.be\/index.php\/wp-json\/wp\/v2\/users\/1"}],"replies":[{"embeddable":true,"href":"https:\/\/www.adlhlr.be\/index.php\/wp-json\/wp\/v2\/comments?post=6828"}],"version-history":[{"count":3,"href":"https:\/\/www.adlhlr.be\/index.php\/wp-json\/wp\/v2\/pages\/6828\/revisions"}],"predecessor-version":[{"id":7836,"href":"https:\/\/www.adlhlr.be\/index.php\/wp-json\/wp\/v2\/pages\/6828\/revisions\/7836"}],"wp:attachment":[{"href":"https:\/\/www.adlhlr.be\/index.php\/wp-json\/wp\/v2\/media?parent=6828"}],"curies":[{"name":"wp","href":"https:\/\/api.w.org\/{rel}","templated":true}]}}