{"id":6829,"date":"2022-01-04T14:25:25","date_gmt":"2022-01-04T13:25:25","guid":{"rendered":"http:\/\/www.adlhlr.be\/?page_id=6829"},"modified":"2022-02-11T11:57:28","modified_gmt":"2022-02-11T10:57:28","slug":"sinstaller-a-la-roche-2","status":"publish","type":"page","link":"https:\/\/www.adlhlr.be\/index.php\/sinstaller-a-la-roche-2\/","title":{"rendered":"S&rsquo;installer \u00e0 La Roche"},"content":{"rendered":"\n<div class=\"wp-block-group alignfull\"><div class=\"wp-block-group__inner-container is-layout-flow wp-block-group-is-layout-flow\">\n<div class=\"wp-block-columns is-layout-flex wp-container-core-columns-is-layout-9d6595d7 wp-block-columns-is-layout-flex\">\n<div class=\"wp-block-column is-layout-flow wp-block-column-is-layout-flow\">\n<div style=\"height:48px\" aria-hidden=\"true\" class=\"wp-block-spacer\"><\/div>\n\n\n\n<div class=\"wp-block-image\"><figure class=\"aligncenter size-full\"><img decoding=\"async\" src=\"http:\/\/www.adlhlr.be\/wp-content\/uploads\/2022\/02\/Sans-titre-7.jpg\" alt=\"\" class=\"wp-image-7126\"\/><\/figure><\/div>\n<\/div>\n\n\n\n<div class=\"wp-block-column is-vertically-aligned-center is-layout-flow wp-block-column-is-layout-flow\">\n<h2 class=\"wp-block-heading\" id=\"8-demarches-essentielles-pour-s-installer-a-la-roche\">8 d\u00e9marches essentielles pour s\u2019installer \u00e0 La Roche<\/h2>\n\n\n\n<p style=\"font-size:14px\">Vous souhaitez installer votre commerce ou entreprise \u00e0 Houffalize ? Dans cette rubrique, vous pourrez trouver les&nbsp;<strong>\u00e9tapes cl\u00e9s<\/strong>&nbsp;pour vous installer officiellement \u00e0 Houffalize.<\/p>\n\n\n\n<p style=\"font-size:14px\">Vous en \u00eates au stade de la r\u00e9flexion ? L\u2019\u00e9quipe de l\u2019<a href=\"http:\/\/www.adlhlr.be\/index.php\/adl-cest-quoi-2\/\" target=\"_blank\" rel=\"noreferrer noopener\">ADL de Houffalize &#8211; La Roche<\/a>&nbsp;vous informe aussi sur les<strong>&nbsp;structures d\u2019accompagnement<\/strong>&nbsp;qui pourront vous aider \u00e0 construire votre projet et \u00e0 cr\u00e9er votre entreprise.<\/p>\n\n\n\n<div class=\"wp-block-buttons is-layout-flex wp-block-buttons-is-layout-flex\">\n<div class=\"wp-block-button has-custom-font-size is-style-outline has-normal-font-size is-style-outline--1\"><a class=\"wp-block-button__link no-border-radius\">t\u00e9l\u00e9charger la brochure<\/a><\/div>\n<\/div>\n\n\n\n<div class=\"wp-block-buttons is-layout-flex wp-block-buttons-is-layout-flex\">\n<div class=\"wp-block-button has-custom-font-size is-style-outline has-normal-font-size is-style-outline--2\"><a class=\"wp-block-button__link no-border-radius\">t\u00e9l\u00e9charger la CHeck-list<\/a><\/div>\n<\/div>\n<\/div>\n<\/div>\n<\/div><\/div>\n\n\n\n<div style=\"height:100px\" aria-hidden=\"true\" class=\"wp-block-spacer\"><\/div>\n\n\n\n<p class=\"has-medium-font-size\"><strong>Les d\u00e9marches essentielles pour s\u2019installer \u00e0 La Roche<\/strong><\/p>\n\n\n\n<p style=\"font-size:14px\">Voici les diff\u00e9rentes phases auxquelles nous vous conseillons de porter attention.<\/p>\n\n\n<div id=\"accordions-7123\" class=\"accordions-7123 accordions\" accordionsdata={&quot;lazyLoad&quot;:true,&quot;id&quot;:&quot;7123&quot;,&quot;event&quot;:&quot;click&quot;,&quot;collapsible&quot;:&quot;true&quot;,&quot;heightStyle&quot;:&quot;content&quot;,&quot;animateStyle&quot;:&quot;swing&quot;,&quot;animateDelay&quot;:1000,&quot;navigation&quot;:true,&quot;active&quot;:999,&quot;expandedOther&quot;:&quot;no&quot;}>\r\n                <div id=\"accordions-lazy-7123\" class=\"accordions-lazy\" accordionsId=\"7123\">\r\n                    <\/div>\r\n\r\n        <div class=\"items\"  style=\"display:none\" >\r\n        \r\n                <div post_id=\"7123\" itemcount=\"0\"  header_id=\"header-1641388257044\" id=\"header-1641388257044\" style=\"\" class=\"accordions-head head1641388257044 border-none\" toggle-text=\"\" main-text=\"1. D\u00e9finir votre projet\">\r\n                                            <span id=\"accordion-icons-1641388257044\" class=\"accordion-icons\">\r\n                            <span class=\"accordion-icon-active accordion-plus\"><i class=\"fas fa-chevron-up\"><\/i><\/span>\r\n                            <span class=\"accordion-icon-inactive accordion-minus\"><i class=\"fas fa-chevron-right\"><\/i><\/span>\r\n                        <\/span>\r\n                        <span id=\"header-text-1641388257044\" class=\"accordions-head-title\">1. D\u00e9finir votre projet<\/span>\r\n                                    <\/div>\r\n                <div class=\"accordion-content content1641388257044 \">\r\n                    <div class=\"wpb_text_column wpb_content_element \">\n<div class=\"wpb_wrapper\">\n<p>Il est important de faire le point sur votre projet et de se poser les bonnes questions :<\/p>\n<\/div>\n<\/div>\n<ul>\n<li class=\"vc_empty_space\">Etes-vous pr\u00eat \u00e0 vous lancer en tant qu\u2019ind\u00e9pendant ?<\/li>\n<li class=\"vc_empty_space\">Avez-vous acc\u00e8s \u00e0 la profession ? Il est essentiel de r\u00e9pondre aux conditions l\u00e9gales et prouver ses connaissances de base en gestion par un dipl\u00f4me ou une exp\u00e9rience pratique.<\/li>\n<li class=\"vc_empty_space\">Etes-vous en possession d\u2019une licence, d\u2019une attestation, d\u2019une autorisation, d\u2019un enregistrement ou d\u2019un agr\u00e9ment sp\u00e9cifique \u00e0 votre secteur ?<\/li>\n<\/ul>\n<div class=\"vc_empty_space\"><\/div>\n<div class=\"wpb_text_column wpb_content_element \">\n<div class=\"wpb_wrapper\">\n<p>Vous avez des questions, des incertitudes ? Il est toujours possible d\u2019<strong>\u00eatre accompagn\u00e9<\/strong>\u00a0dans son cheminement, lors de sa cr\u00e9ation d\u2019activit\u00e9, par une\u00a0structure d\u2019aide\u00a0\u00e0 la cr\u00e9ation d\u2019entreprise.<\/p>\n<\/div>\n<\/div>\n<div class=\"vc_empty_space\">Consulter notre page reprenant les <a href=\"http:\/\/www.adlhlr.be\/index.php\/liens-utiles-2\/\">liens utiles pour lancer son activit\u00e9<\/a>.<\/div>\n                <\/div>\r\n        \r\n                <div post_id=\"7123\" itemcount=\"1\"  header_id=\"header-1641389058879\" id=\"header-1641389058879\" style=\"\" class=\"accordions-head head1641389058879 border-none\" toggle-text=\"\" main-text=\"2. Ouverture d\u2019un compte \u00e0 vue professionnel\">\r\n                                            <span id=\"accordion-icons-1641389058879\" class=\"accordion-icons\">\r\n                            <span class=\"accordion-icon-active accordion-plus\"><i class=\"fas fa-chevron-up\"><\/i><\/span>\r\n                            <span class=\"accordion-icon-inactive accordion-minus\"><i class=\"fas fa-chevron-right\"><\/i><\/span>\r\n                        <\/span>\r\n                        <span id=\"header-text-1641389058879\" class=\"accordions-head-title\">2. Ouverture d\u2019un compte \u00e0 vue professionnel<\/span>\r\n                                    <\/div>\r\n                <div class=\"accordion-content content1641389058879 \">\r\n                    <p>Ouverture d\u2019un compte \u00e0 vue professionnel distinct de votre compte priv\u00e9\u00a0: votre num\u00e9ro de compte bancaire devra obligatoirement figurer sur tous vos documents commerciaux.<\/p>\n                <\/div>\r\n        \r\n                <div post_id=\"7123\" itemcount=\"2\"  header_id=\"header-1641389096000\" id=\"header-1641389096000\" style=\"\" class=\"accordions-head head1641389096000 border-none\" toggle-text=\"\" main-text=\"3. Inscription \u00e0 la Banque-Carrefour des Entreprises\">\r\n                                            <span id=\"accordion-icons-1641389096000\" class=\"accordion-icons\">\r\n                            <span class=\"accordion-icon-active accordion-plus\"><i class=\"fas fa-chevron-up\"><\/i><\/span>\r\n                            <span class=\"accordion-icon-inactive accordion-minus\"><i class=\"fas fa-chevron-right\"><\/i><\/span>\r\n                        <\/span>\r\n                        <span id=\"header-text-1641389096000\" class=\"accordions-head-title\">3. Inscription \u00e0 la Banque-Carrefour des Entreprises<\/span>\r\n                                    <\/div>\r\n                <div class=\"accordion-content content1641389096000 \">\r\n                    <p>L\u2019inscription \u00e0 la Banque-Carrefour des Entreprises (BCE) se fait par le biais des\u00a0<strong>guichets d\u2019entreprises agr\u00e9\u00e9s<\/strong>. Vous pouvez rechercher un guichet d\u2019entreprise\u00a0<a href=\"https:\/\/economie.fgov.be\/fr\/themes\/entreprises\/creer-une-entreprise\/demarches-pour-creer-une\/demarches-aupres-dun-guichet#.VaYUmPnENJh\">en cliquant ici<\/a>.<\/p>\n<p>Le guichet d\u2019entreprise peut aussi vous aider \u00e0 vous inscrire \u00e0 la TVA, \u00e0 l\u2019ONSS (dans le cas d\u2019un engagement de personnel) et lors de votre affiliation \u00e0 une caisse d\u2019assurances sociales pour ind\u00e9pendants.<\/p>\n                <\/div>\r\n        \r\n                <div post_id=\"7123\" itemcount=\"3\"  header_id=\"header-1641389120119\" id=\"header-1641389120119\" style=\"\" class=\"accordions-head head1641389120119 border-none\" toggle-text=\"\" main-text=\"4. Identification \u00e0 la TVA\">\r\n                                            <span id=\"accordion-icons-1641389120119\" class=\"accordion-icons\">\r\n                            <span class=\"accordion-icon-active accordion-plus\"><i class=\"fas fa-chevron-up\"><\/i><\/span>\r\n                            <span class=\"accordion-icon-inactive accordion-minus\"><i class=\"fas fa-chevron-right\"><\/i><\/span>\r\n                        <\/span>\r\n                        <span id=\"header-text-1641389120119\" class=\"accordions-head-title\">4. Identification \u00e0 la TVA<\/span>\r\n                                    <\/div>\r\n                <div class=\"accordion-content content1641389120119 \">\r\n                    <p>La demande pour l\u2019obtention d\u2019un num\u00e9ro de TVA doit \u00eatre introduite aupr\u00e8s du\u00a0<strong>bureau local de contr\u00f4le TVA<\/strong>\u00a0de la r\u00e9gion abritant l\u2019entreprise ou aupr\u00e8s d\u2019un\u00a0<strong>guichet d\u2019entreprises<\/strong>\u00a0(contre paiement de la prestation). Recherchez un bureau local\u00a0<a href=\"https:\/\/eservices.minfin.fgov.be\/annucomp\/main.do\">via ce lien<\/a>.<\/p>\n                <\/div>\r\n        \r\n                <div post_id=\"7123\" itemcount=\"4\"  header_id=\"header-1641389120544\" id=\"header-1641389120544\" style=\"\" class=\"accordions-head head1641389120544 border-none\" toggle-text=\"\" main-text=\"5. Affiliation \u00e0 une caisse d\u2019assurances sociales\">\r\n                                            <span id=\"accordion-icons-1641389120544\" class=\"accordion-icons\">\r\n                            <span class=\"accordion-icon-active accordion-plus\"><i class=\"fas fa-chevron-up\"><\/i><\/span>\r\n                            <span class=\"accordion-icon-inactive accordion-minus\"><i class=\"fas fa-chevron-right\"><\/i><\/span>\r\n                        <\/span>\r\n                        <span id=\"header-text-1641389120544\" class=\"accordions-head-title\">5. Affiliation \u00e0 une caisse d\u2019assurances sociales<\/span>\r\n                                    <\/div>\r\n                <div class=\"accordion-content content1641389120544 \">\r\n                    <p>Recherchez une caisse d\u2019assurances sociale\u00a0<a href=\"https:\/\/www.inasti.be\/fr\/caisses-dassurances-sociales\">via ce lien<\/a>.<\/p>\n                <\/div>\r\n        \r\n                <div post_id=\"7123\" itemcount=\"5\"  header_id=\"header-1641389161183\" id=\"header-1641389161183\" style=\"\" class=\"accordions-head head1641389161183 border-none\" toggle-text=\"\" main-text=\"6. Affiliation \u00e0 une mutualit\u00e9\">\r\n                                            <span id=\"accordion-icons-1641389161183\" class=\"accordion-icons\">\r\n                            <span class=\"accordion-icon-active accordion-plus\"><i class=\"fas fa-chevron-up\"><\/i><\/span>\r\n                            <span class=\"accordion-icon-inactive accordion-minus\"><i class=\"fas fa-chevron-right\"><\/i><\/span>\r\n                        <\/span>\r\n                        <span id=\"header-text-1641389161183\" class=\"accordions-head-title\">6. Affiliation \u00e0 une mutualit\u00e9<\/span>\r\n                                    <\/div>\r\n                <div class=\"accordion-content content1641389161183 \">\r\n                    <p>Les travailleurs ind\u00e9pendants doivent\u00a0<strong>s\u2019affilier aupr\u00e8s d\u2019une mutualit\u00e9<\/strong>\u00a0de leur choix afin de b\u00e9n\u00e9ficier des prestations de l\u2019assurance maladie-invalidit\u00e9. Recherchez une mutualit\u00e9\u00a0<a href=\"https:\/\/www.riziv.fgov.be\/fr\/professionnels\/autres\/mutualites\/Pages\/contactez-mutualites.aspx#.VwYgofmLS70\">via ce lien<\/a>.<\/p>\n                <\/div>\r\n        \r\n                <div post_id=\"7123\" itemcount=\"6\"  header_id=\"header-1641389161456\" id=\"header-1641389161456\" style=\"\" class=\"accordions-head head1641389161456 border-none\" toggle-text=\"\" main-text=\"7. Pr\u00e9vention incendie\">\r\n                                            <span id=\"accordion-icons-1641389161456\" class=\"accordion-icons\">\r\n                            <span class=\"accordion-icon-active accordion-plus\"><i class=\"fas fa-chevron-up\"><\/i><\/span>\r\n                            <span class=\"accordion-icon-inactive accordion-minus\"><i class=\"fas fa-chevron-right\"><\/i><\/span>\r\n                        <\/span>\r\n                        <span id=\"header-text-1641389161456\" class=\"accordions-head-title\">7. Pr\u00e9vention incendie<\/span>\r\n                                    <\/div>\r\n                <div class=\"accordion-content content1641389161456 \">\r\n                    <p>Votre commerce ou \u00e9tablissement est accessible au public ? Il est obligatoire de prendre contact avec l\u2019Administration communale pour solliciter la visite d\u2019un pr\u00e9ventionniste de la Zone de Secours Luxembourg (pr\u00e9vention incendie du b\u00e2timent ou de la partie du b\u00e2timent d\u00e9volue \u00e0 l\u2019activit\u00e9 commerciale). L\u2019exploitant devra se conformer aux recommandations et directives fournies dans le rapport. Cette visite est obligatoire mais, au vu de la forte demande de visites, le d\u00e9lai d\u2019attente peut aller jusqu\u2019\u00e0 3 mois max.<\/p>\n<p>Le futur g\u00e9rant \/ tenancier est \u00e9galement tenu de :<\/p>\n<p>- rencontrer un officier de la Police locale, pour un entretien informatif.<\/p>\n<p>- recevoir la visite d\u2019un inspecteur \/ agent de quartier qui v\u00e9rifiera la salubrit\u00e9, l\u2019hygi\u00e8ne et l\u2019isolation phonique de l\u2019\u00e9tablissement. En effet, concernant ce dernier point, le futur g\u00e9rant \/ tenancier est tenu d\u2019installer un limiteur de son conforme s\u2019il compte diffuser de la musique amplifi\u00e9e dans son \u00e9tablissement.<\/p>\n<p>- prendre contact avec le service Urbanisme de la Ville pour signaler un changement de destination, vous assurer que votre \u00e9tablissement est en r\u00e8gle sur le plan urbanistique ou pour tous travaux que vous envisagez d\u2019effectuer dans l\u2019\u00e9tablissement.<\/p>\n<p>Ces diff\u00e9rentes d\u00e9marches accomplies, votre dossier sera examin\u00e9 par le Coll\u00e8ge communal qui, apr\u00e8s examen du dossier, peut prendre 3 d\u00e9cisions :<\/p>\n<p>- si toutes les d\u00e9marches sont accomplies, une autorisation d\u00e9finitive vous est accord\u00e9e.<\/p>\n<p>- si vous remplissez les conditions essentielles (documents \u00e0 apporter par vos soins), une autorisation provisoire de 3 mois vous est accord\u00e9e avec une possibilit\u00e9 de prolongation.<\/p>\n<p>- si vous ne remplissez pas les conditions essentielles, un refus peut \u00eatre prononc\u00e9. Aussi longtemps que les autorisations et avis n\u2019auront pas \u00e9t\u00e9 d\u00e9livr\u00e9s, les exploitants ne peuvent admettre le public dans leur \u00e9tablissement ou partie d\u2019\u00e9tablissement concern\u00e9e par l\u2019autorisation.<\/p>\n<p><strong>Contact Administration communale :\u00a0<\/strong>Madame Isabelle DUBRU<\/p>\n<p>+32 (0) 61 28 00 63<\/p>\n<div class=\"coordinates\">\n<div class=\"wrapped-coord\">\n<div class=\"coordinates-tab\">\n<div class=\"email\"><a class=\"link-mailto\" href=\"mailto:isabelle.dubru@houffalize.be\">isabelle.dubru@houffalize.be<\/a><\/div>\n<\/div>\n<\/div>\n<\/div>\n                <\/div>\r\n        \r\n                <div post_id=\"7123\" itemcount=\"7\"  header_id=\"header-1641389161655\" id=\"header-1641389161655\" style=\"\" class=\"accordions-head head1641389161655 border-none\" toggle-text=\"\" main-text=\"8. Permis d\u2019urbanisme\">\r\n                                            <span id=\"accordion-icons-1641389161655\" class=\"accordion-icons\">\r\n                            <span class=\"accordion-icon-active accordion-plus\"><i class=\"fas fa-chevron-up\"><\/i><\/span>\r\n                            <span class=\"accordion-icon-inactive accordion-minus\"><i class=\"fas fa-chevron-right\"><\/i><\/span>\r\n                        <\/span>\r\n                        <span id=\"header-text-1641389161655\" class=\"accordions-head-title\">8. Permis d\u2019urbanisme<\/span>\r\n                                    <\/div>\r\n                <div class=\"accordion-content content1641389161655 \">\r\n                    <div id=\"ui-id-16\" class=\"edgtf-accordion-content ui-accordion-content ui-corner-bottom ui-helper-reset ui-widget-content ui-accordion-content-active\" role=\"tabpanel\" aria-labelledby=\"ui-id-15\">\n<div class=\"edgtf-accordion-content-inner\">\n<div class=\"wpb_text_column wpb_content_element \">\n<div class=\"wpb_wrapper\">\n<p>Un permis d\u2019urbanisme est n\u00e9cessaire dans les cas suivants\u00a0:<\/p>\n<p>\u2013 Vous souhaitez r\u00e9aliser des\u00a0<strong>travaux<\/strong>\u00a0modifiants la fa\u00e7ade, la vitrine, la structure du b\u00e2timent (toucher aux murs porteurs) ;<br \/>\n\u2013 Vous souhaitez construire un\u00a0<strong>nouveau b\u00e2timent<\/strong>\u00a0ou une annexe au b\u00e2timent existant ;<br \/>\n\u2013 Vous souhaitez apposer une\u00a0<strong>enseigne<\/strong>.<\/p>\n<p>Dans ce(s) cas, une demande de permis d\u2019urbanisme est \u00e0 d\u00e9poser pour autorisation avant le d\u00e9but des travaux.<\/p>\n<p>Pour toute information,\u00a0 nous vous conseillons de vous rendre au service d\u2019urbanisme de la commune de Houffalize aupr\u00e8s de conseillers qui pourront r\u00e9pondre \u00e0 vos questions directement.<\/p>\n<p>Plus d\u2019informations : <a href=\"mailto:urbanisme@la-roche-en-ardenne.be\">urbanisme@la-roche-en-ardenne.be<\/a> et <a href=\"https:\/\/www.la-roche-en-ardenne.be\/pages\/vie_communale\/urbanisme.php\">https:\/\/www.la-roche-en-ardenne.be\/pages\/vie_communale\/urbanisme.php<\/a><\/p>\n<\/div>\n<\/div>\n<\/div>\n<\/div>\n                <\/div>\r\n        \r\n                <div post_id=\"7123\" itemcount=\"8\"  header_id=\"header-1678975324512\" id=\"header-1678975324512\" style=\"\" class=\"accordions-head head1678975324512 border-none\" toggle-text=\"\" main-text=\"9. Aide \u00e0 l&#039;installation\">\r\n                                            <span id=\"accordion-icons-1678975324512\" class=\"accordion-icons\">\r\n                            <span class=\"accordion-icon-active accordion-plus\"><i class=\"fas fa-chevron-up\"><\/i><\/span>\r\n                            <span class=\"accordion-icon-inactive accordion-minus\"><i class=\"fas fa-chevron-right\"><\/i><\/span>\r\n                        <\/span>\r\n                        <span id=\"header-text-1678975324512\" class=\"accordions-head-title\">9. Aide \u00e0 l'installation<\/span>\r\n                                    <\/div>\r\n                <div class=\"accordion-content content1678975324512 \">\r\n                    <p><a href=\"http:\/\/www.adlhlr.be\/index.php\/aides-financieres-communales-2\/\">http:\/\/www.adlhlr.be\/index.php\/aides-financieres-communales-2\/<\/a><\/p>\n                <\/div>\r\n            <\/div>\r\n\r\n\r\n    \r\n                <\/div>\n\n\n\n<div style=\"height:100px\" aria-hidden=\"true\" class=\"wp-block-spacer\"><\/div>\n\n\n\n<div class=\"wp-block-group alignfull has-background\" style=\"background-color:#e5e9ec\"><div class=\"wp-block-group__inner-container is-layout-flow wp-block-group-is-layout-flow\">\n<div class=\"wp-block-columns is-layout-flex wp-container-core-columns-is-layout-9d6595d7 wp-block-columns-is-layout-flex\">\n<div class=\"wp-block-column is-vertically-aligned-center is-layout-flow wp-block-column-is-layout-flow\">\n<div style=\"height:100px\" aria-hidden=\"true\" class=\"wp-block-spacer\"><\/div>\n\n\n\n<h3 class=\"has-text-align-center wp-block-heading\" id=\"l-adl-houffalize-la-roche-vous-accompagne-vous-guide-et-vous-soutien-dans-vos-demarches\"><strong>L\u2019ADL Houffalize &#8211; La Roche vous accompagne, vous guide et vous soutien<\/strong> dans vos d\u00e9marches<\/h3>\n\n\n\n<p class=\"has-text-align-center\">Pour toutes questions concernant ces aides, n&rsquo;h\u00e9sitez pas \u00e0 nous contacter.<\/p>\n\n\n\n<div class=\"wp-block-buttons is-horizontal is-content-justification-center is-layout-flex wp-container-core-buttons-is-layout-499968f5 wp-block-buttons-is-layout-flex\">\n<div class=\"wp-block-button has-custom-font-size is-style-outline has-normal-font-size is-style-outline--3\"><a class=\"wp-block-button__link no-border-radius\" href=\"http:\/\/www.adlhlr.be\/index.php\/contact-2\/\" target=\"_blank\" rel=\"noreferrer noopener\">contactez-nous<\/a><\/div>\n<\/div>\n\n\n\n<div style=\"height:100px\" aria-hidden=\"true\" class=\"wp-block-spacer\"><\/div>\n<\/div>\n<\/div>\n<\/div><\/div>\n","protected":false},"excerpt":{"rendered":"<p>8 d\u00e9marches essentielles pour s\u2019installer \u00e0 La Roche Vous souhaitez installer votre commerce ou entreprise \u00e0 Houffalize ? Dans cette rubrique, vous pourrez trouver les&nbsp;\u00e9tapes cl\u00e9s&nbsp;pour vous installer officiellement \u00e0 Houffalize. Vous en \u00eates au stade de la r\u00e9flexion ? L\u2019\u00e9quipe de l\u2019ADL de Houffalize &#8211; La Roche&nbsp;vous informe aussi sur les&nbsp;structures d\u2019accompagnement&nbsp;qui pourront vous &hellip; <\/p>\n<p class=\"link-more\"><a href=\"https:\/\/www.adlhlr.be\/index.php\/sinstaller-a-la-roche-2\/\" class=\"more-link\">Lire la suite de<span class=\"screen-reader-text\">\u00ab\u00a0S&rsquo;installer \u00e0 La Roche\u00a0\u00bb<\/span><\/a><\/p>\n","protected":false},"author":1,"featured_media":0,"parent":0,"menu_order":0,"comment_status":"closed","ping_status":"closed","template":"","meta":{"footnotes":""},"class_list":["post-6829","page","type-page","status-publish","hentry"],"_links":{"self":[{"href":"https:\/\/www.adlhlr.be\/index.php\/wp-json\/wp\/v2\/pages\/6829","targetHints":{"allow":["GET"]}}],"collection":[{"href":"https:\/\/www.adlhlr.be\/index.php\/wp-json\/wp\/v2\/pages"}],"about":[{"href":"https:\/\/www.adlhlr.be\/index.php\/wp-json\/wp\/v2\/types\/page"}],"author":[{"embeddable":true,"href":"https:\/\/www.adlhlr.be\/index.php\/wp-json\/wp\/v2\/users\/1"}],"replies":[{"embeddable":true,"href":"https:\/\/www.adlhlr.be\/index.php\/wp-json\/wp\/v2\/comments?post=6829"}],"version-history":[{"count":0,"href":"https:\/\/www.adlhlr.be\/index.php\/wp-json\/wp\/v2\/pages\/6829\/revisions"}],"wp:attachment":[{"href":"https:\/\/www.adlhlr.be\/index.php\/wp-json\/wp\/v2\/media?parent=6829"}],"curies":[{"name":"wp","href":"https:\/\/api.w.org\/{rel}","templated":true}]}}