{"id":6830,"date":"2022-01-04T14:25:25","date_gmt":"2022-01-04T13:25:25","guid":{"rendered":"http:\/\/www.adlhlr.be\/?page_id=6830"},"modified":"2026-03-12T11:35:52","modified_gmt":"2026-03-12T10:35:52","slug":"aides-financieres-communales-2","status":"publish","type":"page","link":"https:\/\/www.adlhlr.be\/index.php\/aides-financieres-communales-2\/","title":{"rendered":"Aides financi\u00e8res"},"content":{"rendered":"\n<figure class=\"wp-block-table\"><table class=\"has-fixed-layout\"><tbody><tr><td class=\"has-text-align-center\" data-align=\"center\"><strong>PRIMES<\/strong><\/td><td class=\"has-text-align-center\" data-align=\"center\"><strong>PRETS<\/strong><\/td><\/tr><tr><td class=\"has-text-align-center\" data-align=\"center\"><a href=\"https:\/\/www.leforem.be\/citoyens\/aides-financieres-creation-activite-independant-airbag.html\" target=\"_blank\" rel=\"noreferrer noopener\">Airbag <\/a>(Forem)<\/td><td class=\"has-text-align-center\" data-align=\"center\"><a href=\"https:\/\/www.wallonie-entreprendre.be\/fr\/financements\/pret\/pret-coup-de-pouce\/\" target=\"_blank\" rel=\"noreferrer noopener\">Pr\u00eat coup de pouce<\/a><\/td><\/tr><tr><td class=\"has-text-align-center\" data-align=\"center\"><a href=\"https:\/\/www.wallonie.be\/fr\/demarches\/demander-une-prime-linvestissement-pme-ou-grande-entreprise\" target=\"_blank\" rel=\"noreferrer noopener\">Prime \u00e0 l&rsquo;investissement<\/a> (SPW)<\/td><td class=\"has-text-align-center\" data-align=\"center\"><a href=\"https:\/\/www.wallonie-entreprendre.be\/fr\/financements\/pret\/\" target=\"_blank\" rel=\"noreferrer noopener\">Groupe Wallonie Entreprendre<\/a><\/td><\/tr><tr><td class=\"has-text-align-center\" data-align=\"center\"><a href=\"https:\/\/www.cheques-entreprises.be\/\" target=\"_blank\" rel=\"noreferrer noopener\">Ch\u00e8ques entreprises<\/a><\/td><td class=\"has-text-align-center\" data-align=\"center\"><a href=\"https:\/\/europe.wallonie.be\/home\/s-informer\/compendium\/entreprise-economie\/garanties-et-microcredits-socamut.html\">Socamut<\/a> et produit mixte automatique<\/td><\/tr><tr><td class=\"has-text-align-center\" data-align=\"center\"><em>Informations compl\u00e9mentaires : <a href=\"https:\/\/www.1890.be\/\" target=\"_blank\" rel=\"noreferrer noopener\">1890.be<\/a><\/em><\/td><td class=\"has-text-align-center\" data-align=\"center\"><a href=\"https:\/\/www.1890.be\/solution\/microcredit\/?search&amp;terms=micro%20cr%C3%A9dit\" target=\"_blank\" rel=\"noreferrer noopener\">Micro-cr\u00e9dits<\/a><\/td><\/tr><\/tbody><\/table><\/figure>\n\n\n\n<div class=\"wp-block-group alignfull has-background\" style=\"background-color:#e5e9ec\"><div class=\"wp-block-group__inner-container is-layout-flow wp-block-group-is-layout-flow\">\n<div class=\"wp-block-columns is-layout-flex wp-container-core-columns-is-layout-9d6595d7 wp-block-columns-is-layout-flex\">\n<div class=\"wp-block-column is-vertically-aligned-center is-layout-flow wp-block-column-is-layout-flow\">\n<div style=\"height:100px\" aria-hidden=\"true\" class=\"wp-block-spacer\"><\/div>\n\n\n\n<h5 class=\"wp-block-heading has-text-align-center\">Pour toutes questions concernant ces aides, vous pouvez nous contacter par mail info@adlhlrn.be ou par t\u00e9l\u00e9phone 061\/28.00.65 du lundi au vendredi de 8h30 \u00e0 16h30.<\/h5>\n\n\n\n<div class=\"wp-block-buttons is-horizontal is-content-justification-center is-layout-flex wp-container-core-buttons-is-layout-499968f5 wp-block-buttons-is-layout-flex\">\n<div class=\"wp-block-button is-style-outline is-style-outline--1\"><a class=\"wp-block-button__link no-border-radius wp-element-button\" href=\"http:\/\/www.adlhlr.be\/index.php\/contact-2\/\" target=\"_blank\" rel=\"noreferrer noopener\">contactez-nous<\/a><\/div>\n<\/div>\n\n\n\n<div style=\"height:100px\" aria-hidden=\"true\" class=\"wp-block-spacer\"><\/div>\n<\/div>\n<\/div>\n<\/div><\/div>\n\n\n","protected":false},"excerpt":{"rendered":"<p>PRIMES PRETS Airbag (Forem) Pr\u00eat coup de pouce Prime \u00e0 l&rsquo;investissement (SPW) Groupe Wallonie Entreprendre Ch\u00e8ques entreprises Socamut et produit mixte automatique Informations compl\u00e9mentaires : 1890.be Micro-cr\u00e9dits Pour toutes questions concernant ces aides, vous pouvez nous contacter par mail info@adlhlrn.be ou par t\u00e9l\u00e9phone 061\/28.00.65 du lundi au vendredi de 8h30 \u00e0 16h30.<\/p>\n","protected":false},"author":1,"featured_media":0,"parent":0,"menu_order":0,"comment_status":"closed","ping_status":"closed","template":"","meta":{"footnotes":""},"class_list":["post-6830","page","type-page","status-publish","hentry"],"_links":{"self":[{"href":"https:\/\/www.adlhlr.be\/index.php\/wp-json\/wp\/v2\/pages\/6830","targetHints":{"allow":["GET"]}}],"collection":[{"href":"https:\/\/www.adlhlr.be\/index.php\/wp-json\/wp\/v2\/pages"}],"about":[{"href":"https:\/\/www.adlhlr.be\/index.php\/wp-json\/wp\/v2\/types\/page"}],"author":[{"embeddable":true,"href":"https:\/\/www.adlhlr.be\/index.php\/wp-json\/wp\/v2\/users\/1"}],"replies":[{"embeddable":true,"href":"https:\/\/www.adlhlr.be\/index.php\/wp-json\/wp\/v2\/comments?post=6830"}],"version-history":[{"count":16,"href":"https:\/\/www.adlhlr.be\/index.php\/wp-json\/wp\/v2\/pages\/6830\/revisions"}],"predecessor-version":[{"id":7837,"href":"https:\/\/www.adlhlr.be\/index.php\/wp-json\/wp\/v2\/pages\/6830\/revisions\/7837"}],"wp:attachment":[{"href":"https:\/\/www.adlhlr.be\/index.php\/wp-json\/wp\/v2\/media?parent=6830"}],"curies":[{"name":"wp","href":"https:\/\/api.w.org\/{rel}","templated":true}]}}