{"id":6831,"date":"2022-01-04T14:25:25","date_gmt":"2022-01-04T13:25:25","guid":{"rendered":"http:\/\/www.adlhlr.be\/?page_id=6831"},"modified":"2022-02-11T11:25:45","modified_gmt":"2022-02-11T10:25:45","slug":"liens-utiles-2","status":"publish","type":"page","link":"https:\/\/www.adlhlr.be\/index.php\/liens-utiles-2\/","title":{"rendered":"Liens utiles"},"content":{"rendered":"\n<div class=\"wp-block-group alignfull has-white-background-color has-background\"><div class=\"wp-block-group__inner-container is-layout-flow wp-block-group-is-layout-flow\">\n<div class=\"wp-block-columns is-layout-flex wp-container-core-columns-is-layout-9d6595d7 wp-block-columns-is-layout-flex\">\n<div class=\"wp-block-column is-vertically-aligned-center is-layout-flow wp-block-column-is-layout-flow\">\n<p class=\"has-text-align-center\">Dans cette rubrique, vous trouverez tous les liens utiles si vous d\u00e9sirez avoir&nbsp;<strong>plus d\u2019informations<\/strong>&nbsp;quant au lancement de votre projet, \u00e0 la recherche de financements, aux aides octroy\u00e9es, \u00e0 la communication digitale, \u00e0 la transmission\/reprise d\u2019entreprise, etc.<\/p>\n\n\n\n<div style=\"height:100px\" aria-hidden=\"true\" class=\"wp-block-spacer\"><\/div>\n\n\n<div id=\"accordions-6929\" class=\"accordions-6929 accordions\" accordionsdata={&quot;lazyLoad&quot;:true,&quot;id&quot;:&quot;6929&quot;,&quot;event&quot;:&quot;click&quot;,&quot;collapsible&quot;:&quot;true&quot;,&quot;heightStyle&quot;:&quot;content&quot;,&quot;animateStyle&quot;:&quot;swing&quot;,&quot;animateDelay&quot;:1000,&quot;navigation&quot;:true,&quot;active&quot;:999,&quot;expandedOther&quot;:&quot;no&quot;}>\r\n                <div id=\"accordions-lazy-6929\" class=\"accordions-lazy\" accordionsId=\"6929\">\r\n                    <\/div>\r\n\r\n        <div class=\"items\"  style=\"display:none\" >\r\n        \r\n                <div post_id=\"6929\" itemcount=\"0\"  header_id=\"header-1641393298734\" id=\"header-1641393298734\" style=\"\" class=\"accordions-head head1641393298734 border-none\" toggle-text=\"\" main-text=\"Lancer son activit\u00e9\">\r\n                                            <span id=\"accordion-icons-1641393298734\" class=\"accordion-icons\">\r\n                            <span class=\"accordion-icon-active accordion-plus\"><i class=\"fas fa-chevron-up\"><\/i><\/span>\r\n                            <span class=\"accordion-icon-inactive accordion-minus\"><i class=\"fas fa-chevron-right\"><\/i><\/span>\r\n                        <\/span>\r\n                        <span id=\"header-text-1641393298734\" class=\"accordions-head-title\">Lancer son activit\u00e9<\/span>\r\n                                    <\/div>\r\n                <div class=\"accordion-content content1641393298734 \">\r\n                    <p><strong>1890<\/strong><br \/>\nSite web:\u00a0<a href=\"https:\/\/www.1890.be\/\">https:\/\/www.1890.be<\/a><br \/>\nLe 1890 est la porte d\u2019entr\u00e9e r\u00e9gionale unique d\u2019information et d\u2019orientation pour les entrepreneurs wallons. Le 1890 aide toutes les personnes qui entreprennent ou qui souhaitent entreprendre, quelle que soit l\u2019avanc\u00e9e du projet. Le 1890 est un service gratuit (hors communication d\u2019appel \u2013 tarif national).<\/p>\n<p><strong>URBAN RETAIL<\/strong><br \/>\nSite web:\u00a0<a href=\"https:\/\/www.urbanretail.be\/\">https:\/\/www.urbanretail.be\/<\/a><br \/>\nC\u2019est une plateforme gratuite de magasins \u00e9ph\u00e9m\u00e8res \u2013 Bail de courte dur\u00e9e (cadre l\u00e9gal pour les propri\u00e9taires et locataires qui souhaitent se lancer dans la location de courte dur\u00e9e, moins d\u2019un an, dans le cadre des Pop-Up Stores, autrement dit des \u00ab\u00a0commerces \u00e9ph\u00e9m\u00e8res\u00a0\u00bb).<\/p>\n<p><strong>ACCUEIL CHAMPETRE EN WALLONIE<\/strong><br \/>\nSite web:\u00a0<a href=\"https:\/\/www.accueilchampetre.be\/\">https:\/\/www.accueilchampetre.be\/<\/a><br \/>\nSp\u00e9cialiste en gites, chambres d\u2019h\u00f4tes, magasins et restaurants \u00e0 la ferme, fermes p\u00e9dagogiques, location de salles et loisirs \u00e0 la ferme et \u00e0 la campagne.<\/p>\n<p><strong>VENTURELAB<\/strong><br \/>\nSite web:\u00a0<a href=\"http:\/\/www.venturelab.be\/\">http:\/\/www.venturelab.be\/<\/a><br \/>\nLe VentureLab est un acc\u00e9l\u00e9rateur de start-ups en r\u00e9gion li\u00e9geoise. Il s\u2019agit d\u2019un programme court mais intensif d\u00e9die\u0301 aux porteurs de projet (notamment les \u00e9tudiants et jeunes dipl\u00f4m\u00e9s). Les services mis \u00e0 disposition : le mentorat, des services juridiques et comptables, du conseil, etc.<\/p>\n<p><strong>LES LIVING LABS<br \/>\n<\/strong>Un Living Lab est un organisme offrant diff\u00e9rents services s\u2019articulant g\u00e9n\u00e9ralement autour de la promotion de l\u2019innovation participative et ouverte. Les services propos\u00e9s : accompagnement des porteurs de projet au travers d\u2019analyses des besoins auxquels le projet souhaite r\u00e9pondre, des m\u00e9thodes de co-conception avec les utilisateurs et les autres parties prenantes pertinentes ainsi que l\u2019exp\u00e9rimentation en situation r\u00e9elle par la mise en \u0153uvre de sc\u00e9narios d\u2019usages. En bref, permettre de concr\u00e9tiser une id\u00e9e en un prototype de produit ou service r\u00e9pondant aux besoins des utilisateurs et donc du march\u00e9. En Wallonie, il existe plusieurs Living Labs ax\u00e9s des th\u00e9matiques pr\u00e9cises :<br \/>\n\u2013 Sant\u00e9 : WELL \u2013\u00a0<a href=\"http:\/\/well-livinglab.be\/\">http:\/\/well-livinglab.be\/<\/a><br \/>\n\u2013 Gastronomie : SGL \u2013\u00a0<a href=\"http:\/\/www.smartgastronomy.be\/\">http:\/\/www.smartgastronomy.be\/<\/a><br \/>\n\u2013 Industries cr\u00e9atives et culturelles : CLICK \u2013\u00a0<a href=\"https:\/\/clicklivinglab.org\/\">https:\/\/clicklivinglab.org\/<\/a><br \/>\n\u2013 Innovation industrielle : CONNEXENCES \u2013\u00a0<a href=\"https:\/\/connexences.be\/\">https:\/\/connexences.be\/<\/a><\/p>\n<p><strong>CCI<\/strong><br \/>\nSite web:\u00a0<a href=\"https:\/\/www.ccilvn.be\/fr\/\">https:\/\/www.ccilvn.be\/fr\/<\/a><br \/>\nLa CCI (Chambre du Commerce et de l\u2019Industrie) a pour mission d\u2019organiser le r\u00e9seau wallon des services aux entreprises et ainsi assurer le portage des projets wallons de ses membres. Les services propos\u00e9s : aide aux entrepreneurs via un guichet d\u2019entreprises, des conseils, de la mise en relation et a\u0300 l\u2019exportation.<\/p>\n<p><strong>CHALLENGE<\/strong><br \/>\nSite web:\u00a0<a href=\"https:\/\/www.challenge-entreprendre.be\/\">https:\/\/www.challenge-entreprendre.be\/<\/a><br \/>\nChallenge vous offre une aide et un accompagnement personnalis\u00e9 \u00e0 la cr\u00e9ation d'entreprise.<\/p>\n<p><strong>CREA-JOB<\/strong><br \/>\nSite web: <a href=\"https:\/\/creajob.be\/\">https:\/\/creajob.be\/<\/a><br \/>\nAccompagnement, pr\u00e9paration, couveuse d'entreprise, financement, post-cr\u00e9ation, reprise d'entreprise.<\/p>\n<p><strong>UCM<\/strong><br \/>\nSite web: <a href=\"https:\/\/www.ucm.be\/\">https:\/\/www.ucm.be\/<\/a><br \/>\nL'UCM vous propose un service de conseil et d'accompagnement en cr\u00e9ation, d\u00e9veloppement et transmission d'entreprises.<\/p>\n<p><strong>SENIORPRENEUR<\/strong><br \/>\nSite web: <a href=\"http:\/\/www.seniorpreneur.be\/\">http:\/\/www.seniorpreneur.be\/<\/a><br \/>\nSeniorPreneur est la premi\u00e8re structure wallonne d\u2019accompagnement \u00e0 la cr\u00e9ation d\u2019entreprise sp\u00e9cifiquement destin\u00e9e aux personnes de plus de 50 ans.<\/p>\n<p><strong>CONFEDERATION DE LA CONSTRUCTION<\/strong><br \/>\nSite web: <a href=\"https:\/\/confederatiebouw.be\/\">https:\/\/confederatiebouw.be\/<\/a><br \/>\nLa\u00a0Conf\u00e9d\u00e9ration de la Construction\u00a0d\u00e9fend les int\u00e9r\u00eats de plus de 15.000 entrepreneurs\u00a0actifs\u00a0dans la\u00a0construction, l'\u00e9nergie et l'environnement.<\/p>\n<p><strong>ALPI<\/strong><br \/>\nSite web: <a href=\"https:\/\/www.e-alpi.be\/\">https:\/\/www.e-alpi.be\/<\/a><br \/>\nALPI (Actions Locales pour Ind\u00e9pendants) est une structure d\u2019accompagnement \u00e0 l\u2019autocr\u00e9ation d\u2019emploi (S.A.A.C.E) agr\u00e9\u00e9e par la R\u00e9gion wallonne et soutenue par le Fonds Social Europ\u00e9en.<\/p>\n                <\/div>\r\n        \r\n                <div post_id=\"6929\" itemcount=\"1\"  header_id=\"header-1641393307461\" id=\"header-1641393307461\" style=\"\" class=\"accordions-head head1641393307461 border-none\" toggle-text=\"\" main-text=\"Rechercher des financements\">\r\n                                            <span id=\"accordion-icons-1641393307461\" class=\"accordion-icons\">\r\n                            <span class=\"accordion-icon-active accordion-plus\"><i class=\"fas fa-chevron-up\"><\/i><\/span>\r\n                            <span class=\"accordion-icon-inactive accordion-minus\"><i class=\"fas fa-chevron-right\"><\/i><\/span>\r\n                        <\/span>\r\n                        <span id=\"header-text-1641393307461\" class=\"accordions-head-title\">Rechercher des financements<\/span>\r\n                                    <\/div>\r\n                <div class=\"accordion-content content1641393307461 \">\r\n                    <p><strong>AIRBAG FOREM<\/strong><br \/>\nSite web:\u00a0<a href=\"https:\/\/www.leforem.be\/particuliers\/aides-financieres-creation-activite-independant-airbag.html\">https:\/\/www.leforem.be\/particuliers\/aides-financieres-creation-activite-independant-airbag.html<\/a><br \/>\nVous avez envie de vous lancer comme ind\u00e9pendant \u00e0 titre principal ? Airbag est le soutien financier qu\u2019il vous faut. Airbag est une source de financement pour une activit\u00e9 d\u2019ind\u00e9pendant dans sa phase de d\u00e9marrage. Cette source de financement sert de coussin d\u2019air pour amortir votre transition vers le statut d\u2019ind\u00e9pendant \u00e0 titre principal. Concr\u00e8tement, ce dispositif permet d\u2019obtenir un montant de maximum 12.500 euros, vers\u00e9 en quatre fois, sur une p\u00e9riode de deux ans.<\/p>\n<p><strong>SOCAMUT<\/strong><br \/>\nSite web:\u00a0<a href=\"https:\/\/www.socamut.be\/\" target=\"_blank\" rel=\"noopener\">https:\/\/www.socamut.be<\/a><br \/>\nOutil pour financer la cr\u00e9ation, le d\u00e9veloppement ou le rachat d\u2019une activit\u00e9 destin\u00e9 aux ind\u00e9pendants et petites entreprises.<\/p>\n<p><strong>PR\u00caT COUP DE POUCE<\/strong><br \/>\nSite web:\u00a0<a href=\"http:\/\/www.pretcoupdepouce.be\/\">http:\/\/www.pretcoupdepouce.be\/<\/a><br \/>\nLe pr\u00eat Coup de pouce permet aux particuliers de pr\u00eater de l\u2019argent aux entreprises et aux ind\u00e9pendants en Wallonie tout en b\u00e9n\u00e9ficiant d\u2019un avantage fiscal sous la forme d\u2019un cr\u00e9dit d\u2019imp\u00f4t.<\/p>\n<p><strong>CHEQUES ENTREPRISES<\/strong><br \/>\nSite web:\u00a0<a href=\"https:\/\/www.cheques-entreprises.be\/\">https:\/\/www.cheques-entreprises.be\/<\/a><br \/>\nLes ch\u00e8ques entreprises sont d\u00e9di\u00e9s \u00e0 soutenir la cr\u00e9ation d\u2019activit\u00e9, l\u2019innovation et la croissance des entreprises wallonnes. Plusieurs cat\u00e9gories de ch\u00e8ques existent comme les aides \u00e0 la formation, au conseil et au coaching et qui sont rassembl\u00e9s par th\u00e9matiques. Ces ch\u00e8ques permettent de financer enti\u00e8rement ou en partie (hors TVA) des prestations li\u00e9es \u00e0 la cr\u00e9ation, la croissance ou la transmission d\u2019entreprise.<\/p>\n<p><strong>LES INVESTS<\/strong><br \/>\nSite web:\u00a0<a href=\"https:\/\/www.noshaq.be\/#vision\">https:\/\/www.noshaq.be\/#vision<\/a><br \/>\nLes Invests sont des soci\u00e9t\u00e9s d\u2019investissement et de financements publiques actives sur l\u2019ensemble du territoire wallon. Ils constituent des interlocuteurs professionnels de proximit\u00e9 pour les entreprises et porteurs de projet en qu\u00eate de moyens pour financer diff\u00e9rents stades de leur projet, de la cr\u00e9ation, en passant par innovation, croissance, l\u2019exportation et ce jusqu\u2019\u00e0 la transmission. Les modes de financement d\u00e9pendent d\u2019un projet \u00e0 l\u2019autre et peuvent \u00eatre par exemple une entr\u00e9e dans le capital, diff\u00e9rents modes de pr\u00eats, des cr\u00e9dits court terme, ou encore du leasing mobilier et\/ou immobilier. La liste et les contacts des Invests est disponible ici.<\/p>\n                <\/div>\r\n        \r\n                <div post_id=\"6929\" itemcount=\"2\"  header_id=\"header-1641393318461\" id=\"header-1641393318461\" style=\"\" class=\"accordions-head head1641393318461 border-none\" toggle-text=\"\" main-text=\"Etre actif dans la recherche &amp; d\u00e9veloppement \u2013 technologies\">\r\n                                            <span id=\"accordion-icons-1641393318461\" class=\"accordion-icons\">\r\n                            <span class=\"accordion-icon-active accordion-plus\"><i class=\"fas fa-chevron-up\"><\/i><\/span>\r\n                            <span class=\"accordion-icon-inactive accordion-minus\"><i class=\"fas fa-chevron-right\"><\/i><\/span>\r\n                        <\/span>\r\n                        <span id=\"header-text-1641393318461\" class=\"accordions-head-title\">Etre actif dans la recherche &amp; d\u00e9veloppement \u2013 technologies<\/span>\r\n                                    <\/div>\r\n                <div class=\"accordion-content content1641393318461 \">\r\n                    <p><strong>RESEAU LIEU<\/strong><br \/>\nSite web:\u00a0<a href=\"https:\/\/reseaulieu.be\/\">https:\/\/reseaulieu.be\/<\/a><br \/>\nLe R\u00e9seau Lieu offre des services de transfert de connaissances et de technologies des universit\u00e9s et des hautes \u00e9coles.<\/p>\n<p><strong>WAL-TECH<\/strong><br \/>\nSite web:\u00a0<a href=\"https:\/\/www.wal-tech.be\/\">https:\/\/www.wal-tech.be\/<\/a><br \/>\nWal-Tech est un des centres de recherches agr\u00e9\u00e9s par la Wallonie. Il soutient les porteurs de projet et entreprises en conseillant et innovant technologiquement. Les services propos\u00e9s : des \u00e9tudes de faisabilit\u00e9 et de d\u00e9veloppement technique, la mise \u00e0 disposition d\u2019\u00e9quipements, la validation de l\u2019innovation, une veille scientifique, technologique et normative, etc. Quelques exemples : le SIRRIS d\u00e9di\u00e9 entre autres aux technologies de fabrication, le CETIC actif dans les technologies de l\u2019information et de la communication, CENAREO d\u00e9di\u00e9 \u00e0 la simulation num\u00e9rique, etc.<\/p>\n<p><strong>INNOVATECH<\/strong><br \/>\nSite web:\u00a0<a href=\"http:\/\/www.innovatech.be\/\">http:\/\/www.innovatech.be\/<\/a><br \/>\nInnovaTech est une \u00e9quipe de coachs en innovation et qui accompagne les entreprises pour qu\u2019elles innovent de mani\u00e8re plus performante et plus rapide. Les services propos\u00e9s : l\u2019accompagnement global de l\u2019entrepreneur, du r\u00e9seautage, des formations, l\u2019organisation d\u2019\u00e9v\u00e9nements th\u00e9matiques, etc.<\/p>\n<p><strong>PICARRE<\/strong><br \/>\nSite web:\u00a0<a href=\"https:\/\/www.picarre.be\/\">https:\/\/www.picarre.be\/<\/a><br \/>\nPicarr\u00e9 est une structure sp\u00e9cialis\u00e9e en propri\u00e9t\u00e9 intellectuelle (PI) qui a pour mission de promouvoir la PI. Les services propos\u00e9s et outils : l\u2019outil strat\u00e9gique dans le d\u00e9veloppement d\u2019affaires, aider \u00e0 g\u00e9rer, d\u00e9fendre et valoriser la PI comme actif immat\u00e9riel de l\u2019entreprise et de contribuer au d\u00e9veloppement \u00e9conomique de la Wallonie en contribuant \u00e0 augmenter la comp\u00e9titivit\u00e9 des entreprises.<\/p>\n                <\/div>\r\n        \r\n                <div post_id=\"6929\" itemcount=\"3\"  header_id=\"header-1641393318795\" id=\"header-1641393318795\" style=\"\" class=\"accordions-head head1641393318795 border-none\" toggle-text=\"\" main-text=\"Suivre une formation\">\r\n                                            <span id=\"accordion-icons-1641393318795\" class=\"accordion-icons\">\r\n                            <span class=\"accordion-icon-active accordion-plus\"><i class=\"fas fa-chevron-up\"><\/i><\/span>\r\n                            <span class=\"accordion-icon-inactive accordion-minus\"><i class=\"fas fa-chevron-right\"><\/i><\/span>\r\n                        <\/span>\r\n                        <span id=\"header-text-1641393318795\" class=\"accordions-head-title\">Suivre une formation<\/span>\r\n                                    <\/div>\r\n                <div class=\"accordion-content content1641393318795 \">\r\n                    <p><strong>IFAPME<\/strong><br \/>\nSite web:\u00a0<a href=\"https:\/\/www.ifapme.be\/\">https:\/\/www.ifapme.be\/<\/a><br \/>\nPour continuer \u00e0 se former, engager un apprenant, etc. L\u2019IFAPME b\u00e9n\u00e9fice de subventions de la Wallonie, ce qui leur permet de fournir un encadrement dont le rapport qualit\u00e9\/prix est particuli\u00e8rement avantageux.<\/p>\n                <\/div>\r\n        \r\n                <div post_id=\"6929\" itemcount=\"4\"  header_id=\"header-1641393318949\" id=\"header-1641393318949\" style=\"\" class=\"accordions-head head1641393318949 border-none\" toggle-text=\"\" main-text=\"Communiquer sur son projet\">\r\n                                            <span id=\"accordion-icons-1641393318949\" class=\"accordion-icons\">\r\n                            <span class=\"accordion-icon-active accordion-plus\"><i class=\"fas fa-chevron-up\"><\/i><\/span>\r\n                            <span class=\"accordion-icon-inactive accordion-minus\"><i class=\"fas fa-chevron-right\"><\/i><\/span>\r\n                        <\/span>\r\n                        <span id=\"header-text-1641393318949\" class=\"accordions-head-title\">Communiquer sur son projet<\/span>\r\n                                    <\/div>\r\n                <div class=\"accordion-content content1641393318949 \">\r\n                    <p><strong>DIGITAL COMMERCE<\/strong><br \/>\nSite web:\u00a0<a href=\"https:\/\/www.digitalwallonia.be\/fr\/publications\/elearning-digitalcommerce\">https:\/\/www.digitalwallonia.be\/fr\/publications\/elearning-digitalcommerce<\/a><br \/>\nPlateforme de formation \u00e0 distance d\u00e9di\u00e9e aux commer\u00e7ants de proximit\u00e9. Vous y d\u00e9couvrirez des solutions digitales adapt\u00e9es \u00e0 votre r\u00e9alit\u00e9 quotidienne. Apprendre \u00e0 son rythme, de chez soi et gratuitement : la formule est pleinement adapt\u00e9e pour les commer\u00e7ants. Cet outil s\u2019adresse \u00e0 tout commer\u00e7ant d\u00e9sireux de progresser dans sa num\u00e9risation.<\/p>\n                <\/div>\r\n        \r\n                <div post_id=\"6929\" itemcount=\"5\"  header_id=\"header-1641393360148\" id=\"header-1641393360148\" style=\"\" class=\"accordions-head head1641393360148 border-none\" toggle-text=\"\" main-text=\"Transmettre son entreprise \u2013 Reprendre une entreprise\">\r\n                                            <span id=\"accordion-icons-1641393360148\" class=\"accordion-icons\">\r\n                            <span class=\"accordion-icon-active accordion-plus\"><i class=\"fas fa-chevron-up\"><\/i><\/span>\r\n                            <span class=\"accordion-icon-inactive accordion-minus\"><i class=\"fas fa-chevron-right\"><\/i><\/span>\r\n                        <\/span>\r\n                        <span id=\"header-text-1641393360148\" class=\"accordions-head-title\">Transmettre son entreprise \u2013 Reprendre une entreprise<\/span>\r\n                                    <\/div>\r\n                <div class=\"accordion-content content1641393360148 \">\r\n                    <p><strong>SOWACCESS<\/strong><br \/>\nSite web:\u00a0<a href=\"http:\/\/www.sowaccess.be\/fr\">http:\/\/www.sowaccess.be\/fr<\/a><br \/>\nInterlocuteur neutre pour c\u00e9der ou reprendre une entreprise en Wallonie.<\/p>\n<p><strong>AFFAIRE A SUIVRE<\/strong><br \/>\nSite web:\u00a0<a href=\"https:\/\/www.affairesasuivre.be\/\">https:\/\/www.affairesasuivre.be\/<\/a><br \/>\nSite de r\u00e9f\u00e9rence pour acheter ou vendre une petite entreprise\/un commerce dans votre r\u00e9gion.<\/p>\n                <\/div>\r\n            <\/div>\r\n\r\n\r\n    \r\n                <\/div>\n<\/div>\n<\/div>\n\n\n\n<div style=\"height:100px\" aria-hidden=\"true\" class=\"wp-block-spacer\"><\/div>\n<\/div><\/div>\n","protected":false},"excerpt":{"rendered":"<p>Dans cette rubrique, vous trouverez tous les liens utiles si vous d\u00e9sirez avoir&nbsp;plus d\u2019informations&nbsp;quant au lancement de votre projet, \u00e0 la recherche de financements, aux aides octroy\u00e9es, \u00e0 la communication digitale, \u00e0 la transmission\/reprise d\u2019entreprise, etc.<\/p>\n","protected":false},"author":1,"featured_media":0,"parent":0,"menu_order":0,"comment_status":"closed","ping_status":"closed","template":"","meta":{"footnotes":""},"class_list":["post-6831","page","type-page","status-publish","hentry"],"_links":{"self":[{"href":"https:\/\/www.adlhlr.be\/index.php\/wp-json\/wp\/v2\/pages\/6831","targetHints":{"allow":["GET"]}}],"collection":[{"href":"https:\/\/www.adlhlr.be\/index.php\/wp-json\/wp\/v2\/pages"}],"about":[{"href":"https:\/\/www.adlhlr.be\/index.php\/wp-json\/wp\/v2\/types\/page"}],"author":[{"embeddable":true,"href":"https:\/\/www.adlhlr.be\/index.php\/wp-json\/wp\/v2\/users\/1"}],"replies":[{"embeddable":true,"href":"https:\/\/www.adlhlr.be\/index.php\/wp-json\/wp\/v2\/comments?post=6831"}],"version-history":[{"count":0,"href":"https:\/\/www.adlhlr.be\/index.php\/wp-json\/wp\/v2\/pages\/6831\/revisions"}],"wp:attachment":[{"href":"https:\/\/www.adlhlr.be\/index.php\/wp-json\/wp\/v2\/media?parent=6831"}],"curies":[{"name":"wp","href":"https:\/\/api.w.org\/{rel}","templated":true}]}}