{"id":6832,"date":"2022-01-04T14:25:25","date_gmt":"2022-01-04T13:25:25","guid":{"rendered":"http:\/\/www.adlhlr.be\/?page_id=6832"},"modified":"2026-03-12T11:45:41","modified_gmt":"2026-03-12T10:45:41","slug":"circuits-courts-2","status":"publish","type":"page","link":"https:\/\/www.adlhlr.be\/index.php\/circuits-courts-2\/","title":{"rendered":"Circuits courts"},"content":{"rendered":"\n<p class=\"has-text-align-center\" style=\"font-size:14px\">LADL soutient le d\u00e9veloppement d\u2019activit\u00e9 \u00e9conomique en circuit court et a \u00e0 c\u0153ur de travailler avec les&nbsp;<strong>producteurs<\/strong>&nbsp;et les&nbsp;<strong>artisans locaux<\/strong>. Dans cette rubrique, vous trouverez les coordonn\u00e9es des producteurs locaux ainsi que les projets mis en place en termes de production\/consommation locale.<\/p>\n\n\n\n<div style=\"height:100px\" aria-hidden=\"true\" class=\"wp-block-spacer\"><\/div>\n\n\n\n<div class=\"wp-block-columns is-layout-flex wp-container-core-columns-is-layout-9d6595d7 wp-block-columns-is-layout-flex\">\n<div class=\"wp-block-column is-layout-flow wp-block-column-is-layout-flow\">\n<figure class=\"wp-block-image size-full\"><img loading=\"lazy\" decoding=\"async\" width=\"652\" height=\"350\" src=\"http:\/\/www.adlhlr.be\/wp-content\/uploads\/2022\/01\/1591252137.png\" alt=\"\" class=\"wp-image-6900\" srcset=\"https:\/\/www.adlhlr.be\/wp-content\/uploads\/2022\/01\/1591252137.png 652w, https:\/\/www.adlhlr.be\/wp-content\/uploads\/2022\/01\/1591252137-300x161.png 300w\" sizes=\"auto, (max-width: 652px) 100vw, 652px\" \/><\/figure>\n\n\n\n<p class=\"has-text-align-center has-small-font-size\">La coop\u00e9rative Li Terroir rassemble des producteurs des communes de Durbuy, Erez\u00e9e, Hotton, Manhay, Marche, La Roche, Rendeux et Somme-Leuze.<\/p>\n\n\n\n<p class=\"has-text-align-center has-black-color has-text-color\"><a href=\"https:\/\/www.literroir.be\/\" target=\"_blank\" rel=\"noreferrer noopener\" title=\"https:\/\/laptiteruchehouffa.wixsite.com\/website?fbclid=IwAR1kDeKGW_KK3B8kAerqDh-Ns2s0LfObU6RCcYsTxg2MkMUH3QKYnFRev0c\">En savoir plus<\/a><\/p>\n<\/div>\n\n\n\n<div class=\"wp-block-column is-layout-flow wp-block-column-is-layout-flow\"><div class=\"wp-block-image\">\n<figure class=\"aligncenter size-large is-resized\"><img loading=\"lazy\" decoding=\"async\" width=\"1024\" height=\"1024\" src=\"http:\/\/www.adlhlr.be\/wp-content\/uploads\/2022\/01\/191525696_4232490686817967_5656140908358618305_n-1-1024x1024.png\" alt=\"\" class=\"wp-image-7087\" style=\"width:164px;height:164px\" srcset=\"https:\/\/www.adlhlr.be\/wp-content\/uploads\/2022\/01\/191525696_4232490686817967_5656140908358618305_n-1-1024x1024.png 1024w, https:\/\/www.adlhlr.be\/wp-content\/uploads\/2022\/01\/191525696_4232490686817967_5656140908358618305_n-1-300x300.png 300w, https:\/\/www.adlhlr.be\/wp-content\/uploads\/2022\/01\/191525696_4232490686817967_5656140908358618305_n-1-150x150.png 150w, https:\/\/www.adlhlr.be\/wp-content\/uploads\/2022\/01\/191525696_4232490686817967_5656140908358618305_n-1-768x768.png 768w, https:\/\/www.adlhlr.be\/wp-content\/uploads\/2022\/01\/191525696_4232490686817967_5656140908358618305_n-1.png 1217w\" sizes=\"auto, (max-width: 1024px) 100vw, 1024px\" \/><\/figure>\n<\/div>\n\n\n<p class=\"has-text-align-center has-small-font-size\">R\u00e9seau Paysan est une coop\u00e9rative facilitant la distribution des produits de plus de 90 producteurs et artisans de la province de Luxembourg vers des restaurants et points de vente ind\u00e9pendants et hors grande distribution. La coop\u00e9rative coordonne aussi un magasin de producteurs \u00e0 Libramont.<\/p>\n\n\n\n<p class=\"has-text-align-center has-black-color has-text-color has-normal-font-size\"><a href=\"https:\/\/www.reseau-paysan.be\/\" target=\"_blank\" rel=\"noreferrer noopener\">En savoir plus<\/a><\/p>\n<\/div>\n\n\n\n<div class=\"wp-block-column is-layout-flow wp-block-column-is-layout-flow\"><\/div>\n<\/div>\n\n\n\n<div style=\"height:100px\" aria-hidden=\"true\" class=\"wp-block-spacer\"><\/div>\n\n\n\n<div class=\"wp-block-group alignfull has-background\" style=\"background-color:#e5e9ec\"><div class=\"wp-block-group__inner-container is-layout-flow wp-block-group-is-layout-flow\">\n<div class=\"wp-block-columns is-layout-flex wp-container-core-columns-is-layout-9d6595d7 wp-block-columns-is-layout-flex\">\n<div class=\"wp-block-column is-vertically-aligned-center is-layout-flow wp-block-column-is-layout-flow\">\n<h3 class=\"wp-block-heading has-text-align-center\" id=\"produire-et-consommer-local\"><strong>Produire et consommer local<\/strong><\/h3>\n\n\n\n<p class=\"has-text-align-center\" style=\"font-size:14px\">Retrouvez les projets en province du Luxembourg, des bonnes pratiques et conseils pour mener \u00e0 bien votre activit\u00e9 en circuit court.<\/p>\n\n\n\n<div style=\"height:100px\" aria-hidden=\"true\" class=\"wp-block-spacer\"><\/div>\n\n\n\n<div class=\"wp-block-columns is-layout-flex wp-container-core-columns-is-layout-9d6595d7 wp-block-columns-is-layout-flex\">\n<div class=\"wp-block-column is-layout-flow wp-block-column-is-layout-flow\">\n<p class=\"has-text-align-center has-normal-font-size\"><strong>Cantines durables<\/strong><\/p>\n\n\n\n<p class=\"has-text-align-center has-small-font-size\">Le Green Deal Cantines Durables est un mouvement de grande ampleur au sein duquel tous s&rsquo;engagent \u00e0 mener des actions pour une offre alimentaire plus durable dans les collectivit\u00e9s.<\/p>\n\n\n\n<p class=\"has-text-align-center has-small-font-size\">Site internet : <a href=\"https:\/\/www.mangerdemain.be\/cantines-durables\/\" target=\"_blank\" rel=\"noreferrer noopener\">https:\/\/www.mangerdemain.be\/cantines-durables\/<\/a> <\/p>\n<\/div>\n\n\n\n<div class=\"wp-block-column is-layout-flow wp-block-column-is-layout-flow\">\n<p class=\"has-text-align-center\"><strong>APAQ-W<\/strong><\/p>\n\n\n\n<p class=\"has-text-align-center has-small-font-size\">L&rsquo;Agence Wallonne pour la Promotion d&rsquo;Une Agriculture de Qualit\u00e9 a 4 grandes missions : <\/p>\n\n\n\n<ul class=\"wp-block-list has-small-font-size\">\n<li>La promotion de l\u2019image de l\u2019agriculture et de l\u2019horticulture<\/li>\n\n\n\n<li>La promotion des productions agricoles et des produits agricoles transform\u00e9s<\/li>\n\n\n\n<li>L\u2019assistance commerciale et technique aux acteurs \u00e9conomiques concern\u00e9s<\/li>\n\n\n\n<li>La promotion des labels, marques et appellations enregistr\u00e9s \u00e0 l\u2019initiative de l\u2019Agence ou du Gouvernement<\/li>\n<\/ul>\n\n\n\n<p class=\"has-text-align-center has-small-font-size\">Site internet : <a href=\"https:\/\/www.apaqw.be\/fr\" target=\"_blank\" rel=\"noreferrer noopener\">https:\/\/www.apaqw.be\/fr<\/a><\/p>\n<\/div>\n\n\n\n<div class=\"wp-block-column is-layout-flow wp-block-column-is-layout-flow\">\n<p class=\"has-text-align-center\" style=\"font-size:14px\"><strong>Terroir Lux<\/strong><\/p>\n\n\n\n<p class=\"has-text-align-center has-small-font-size\">Le portail de Terroirlux vous offre les trucs et astuces pour vous fournir en produits locaux&nbsp;<em>\u00ab Made in \u00bb<\/em>&nbsp;Province du Luxembourg ! Il globalise toutes les informations li\u00e9es au terroir de votre r\u00e9gion.<\/p>\n\n\n\n<p class=\"has-text-align-center has-small-font-size\">Site internet : <a href=\"https:\/\/terroirlux.be\/producteurs\/tous-les-produits\" target=\"_blank\" rel=\"noreferrer noopener\">https:\/\/terroirlux.be\/producteurs\/tous-les-produits<\/a><\/p>\n<\/div>\n<\/div>\n\n\n\n<div style=\"height:100px\" aria-hidden=\"true\" class=\"wp-block-spacer\"><\/div>\n\n\n\n<div class=\"wp-block-columns is-layout-flex wp-container-core-columns-is-layout-9d6595d7 wp-block-columns-is-layout-flex\">\n<div class=\"wp-block-column is-layout-flow wp-block-column-is-layout-flow\">\n<p class=\"has-text-align-center has-normal-font-size\"><strong>Asbl \u00ab\u00a0Promotion de l&rsquo;agriculture\u00a0\u00bb<\/strong><\/p>\n\n\n\n<p class=\"has-text-align-center\" style=\"font-size:14px\">L&rsquo;asbl propose un soutien technique et administratif de proximit\u00e9 aux exploitants agricoles qui le souhaitent et anime l&rsquo;asbl \u00ab\u00a0Promotion de l&rsquo;Agriculture\u00a0\u00bb.<\/p>\n\n\n\n<p class=\"has-text-align-center\" style=\"font-size:14px\">Site internet : <a href=\"https:\/\/www.la-roche-en-ardenne.be\/pages\/vie_communale\/agriculture.php\" target=\"_blank\" rel=\"noreferrer noopener\">https:\/\/www.la-roche-en-ardenne.be\/pages\/vie_communale\/agriculture.php<\/a> <\/p>\n<\/div>\n\n\n\n<div class=\"wp-block-column is-layout-flow wp-block-column-is-layout-flow\"><\/div>\n\n\n\n<div class=\"wp-block-column is-layout-flow wp-block-column-is-layout-flow\"><\/div>\n<\/div>\n<\/div>\n<\/div>\n<\/div><\/div>\n\n\n\n<div class=\"wp-block-group alignfull has-white-background-color has-background\"><div class=\"wp-block-group__inner-container is-layout-flow wp-block-group-is-layout-flow\">\n<div class=\"wp-block-columns is-layout-flex wp-container-core-columns-is-layout-9d6595d7 wp-block-columns-is-layout-flex\">\n<div class=\"wp-block-column is-vertically-aligned-center is-layout-flow wp-block-column-is-layout-flow\">\n<div style=\"height:100px\" aria-hidden=\"true\" class=\"wp-block-spacer\"><\/div>\n\n\n\n<h3 class=\"wp-block-heading has-text-align-center\" id=\"l-adl-houffalize-la-roche-vous-accompagne-vous-guide-et-vous-soutien-dans-vos-demarches\"><strong>L\u2019ADL Houffalize &#8211; La Roche vous accompagne, vous guide et vous soutien<\/strong> dans vos d\u00e9marches<\/h3>\n\n\n\n<p class=\"has-text-align-center\">Pour toutes questions concernant ces aides, n&rsquo;h\u00e9sitez pas \u00e0 nous contacter.<\/p>\n\n\n\n<div class=\"wp-block-buttons is-horizontal is-content-justification-center is-layout-flex wp-container-core-buttons-is-layout-499968f5 wp-block-buttons-is-layout-flex\">\n<div class=\"wp-block-button is-style-outline is-style-outline--1\"><a class=\"wp-block-button__link has-normal-font-size no-border-radius has-custom-font-size wp-element-button\" href=\"http:\/\/www.adlhlr.be\/index.php\/contact-2\/\" target=\"_blank\" rel=\"noreferrer noopener\">contactez-nous<\/a><\/div>\n<\/div>\n\n\n\n<div style=\"height:100px\" aria-hidden=\"true\" class=\"wp-block-spacer\"><\/div>\n<\/div>\n<\/div>\n<\/div><\/div>\n","protected":false},"excerpt":{"rendered":"<p>LADL soutient le d\u00e9veloppement d\u2019activit\u00e9 \u00e9conomique en circuit court et a \u00e0 c\u0153ur de travailler avec les&nbsp;producteurs&nbsp;et les&nbsp;artisans locaux. Dans cette rubrique, vous trouverez les coordonn\u00e9es des producteurs locaux ainsi que les projets mis en place en termes de production\/consommation locale. La coop\u00e9rative Li Terroir rassemble des producteurs des communes de Durbuy, Erez\u00e9e, Hotton, Manhay, &hellip; <\/p>\n<p class=\"link-more\"><a href=\"https:\/\/www.adlhlr.be\/index.php\/circuits-courts-2\/\" class=\"more-link\">Lire la suite de<span class=\"screen-reader-text\">\u00ab\u00a0Circuits courts\u00a0\u00bb<\/span><\/a><\/p>\n","protected":false},"author":1,"featured_media":0,"parent":0,"menu_order":0,"comment_status":"closed","ping_status":"closed","template":"","meta":{"footnotes":""},"class_list":["post-6832","page","type-page","status-publish","hentry"],"_links":{"self":[{"href":"https:\/\/www.adlhlr.be\/index.php\/wp-json\/wp\/v2\/pages\/6832","targetHints":{"allow":["GET"]}}],"collection":[{"href":"https:\/\/www.adlhlr.be\/index.php\/wp-json\/wp\/v2\/pages"}],"about":[{"href":"https:\/\/www.adlhlr.be\/index.php\/wp-json\/wp\/v2\/types\/page"}],"author":[{"embeddable":true,"href":"https:\/\/www.adlhlr.be\/index.php\/wp-json\/wp\/v2\/users\/1"}],"replies":[{"embeddable":true,"href":"https:\/\/www.adlhlr.be\/index.php\/wp-json\/wp\/v2\/comments?post=6832"}],"version-history":[{"count":2,"href":"https:\/\/www.adlhlr.be\/index.php\/wp-json\/wp\/v2\/pages\/6832\/revisions"}],"predecessor-version":[{"id":7839,"href":"https:\/\/www.adlhlr.be\/index.php\/wp-json\/wp\/v2\/pages\/6832\/revisions\/7839"}],"wp:attachment":[{"href":"https:\/\/www.adlhlr.be\/index.php\/wp-json\/wp\/v2\/media?parent=6832"}],"curies":[{"name":"wp","href":"https:\/\/api.w.org\/{rel}","templated":true}]}}