{"id":6891,"date":"2022-01-05T11:10:06","date_gmt":"2022-01-05T10:10:06","guid":{"rendered":"http:\/\/www.adlhlr.be\/?page_id=6891"},"modified":"2026-03-12T11:30:51","modified_gmt":"2026-03-12T10:30:51","slug":"espaces-commerciaux-vacants-2","status":"publish","type":"page","link":"https:\/\/www.adlhlr.be\/index.php\/espaces-commerciaux-vacants-2\/","title":{"rendered":"Espaces commerciaux vacants"},"content":{"rendered":"\n<div class=\"wp-block-group alignfull has-white-background-color has-background\"><div class=\"wp-block-group__inner-container is-layout-flow wp-block-group-is-layout-flow\">\n<div class=\"wp-block-columns is-layout-flex wp-container-core-columns-is-layout-9d6595d7 wp-block-columns-is-layout-flex\">\n<div class=\"wp-block-column is-vertically-aligned-center is-layout-flow wp-block-column-is-layout-flow\">\n<p class=\"has-text-align-center has-normal-font-size\"><strong>Vous souhaitez installer votre activit\u00e9 \u00e0 La Roche et vous recherchez un espace commercial, un bureau, un local appropri\u00e9 ? <\/strong><\/p>\n\n\n\n<p class=\"has-text-align-center\">L&rsquo;ADL actualise r\u00e9guli\u00e8rement son <a href=\"https:\/\/www.google.com\/maps\/d\/edit?mid=1PRpGzSdNsdeYLdpgUkUvf6mLj32gKPg&amp;usp=sharing\">cadastre de cellules commerciales vides<\/a>. Contactez-nous pour d\u00e9couvrir tous les espaces commerciaux actuellement vacants sur le territoire houffalois.<\/p>\n\n\n\n<p class=\"has-text-align-center\">D\u2019autres commerces et biens sont \u00e9galement en vente sur d\u2019autres sites et via des interm\u00e9diaires de vente.<\/p>\n\n\n\n<div class=\"wp-block-buttons is-horizontal is-content-justification-center is-layout-flex wp-container-core-buttons-is-layout-499968f5 wp-block-buttons-is-layout-flex\">\n<div class=\"wp-block-button is-style-outline is-style-outline--1\"><a class=\"wp-block-button__link has-normal-font-size no-border-radius has-custom-font-size wp-element-button\" href=\"http:\/\/www.adlhlr.be\/index.php\/contact-2\/\" target=\"_blank\" rel=\"noreferrer noopener\">contactez-nous<\/a><\/div>\n<\/div>\n\n\n\n<div style=\"height:100px\" aria-hidden=\"true\" class=\"wp-block-spacer\"><\/div>\n<\/div>\n<\/div>\n<\/div><\/div>\n","protected":false},"excerpt":{"rendered":"<p>Vous souhaitez installer votre activit\u00e9 \u00e0 La Roche et vous recherchez un espace commercial, un bureau, un local appropri\u00e9 ? L&rsquo;ADL actualise r\u00e9guli\u00e8rement son cadastre de cellules commerciales vides. Contactez-nous pour d\u00e9couvrir tous les espaces commerciaux actuellement vacants sur le territoire houffalois. D\u2019autres commerces et biens sont \u00e9galement en vente sur d\u2019autres sites et via &hellip; <\/p>\n<p class=\"link-more\"><a href=\"https:\/\/www.adlhlr.be\/index.php\/espaces-commerciaux-vacants-2\/\" class=\"more-link\">Lire la suite de<span class=\"screen-reader-text\">\u00ab\u00a0Espaces commerciaux vacants\u00a0\u00bb<\/span><\/a><\/p>\n","protected":false},"author":1,"featured_media":0,"parent":0,"menu_order":0,"comment_status":"closed","ping_status":"closed","template":"","meta":{"footnotes":""},"class_list":["post-6891","page","type-page","status-publish","hentry"],"_links":{"self":[{"href":"https:\/\/www.adlhlr.be\/index.php\/wp-json\/wp\/v2\/pages\/6891","targetHints":{"allow":["GET"]}}],"collection":[{"href":"https:\/\/www.adlhlr.be\/index.php\/wp-json\/wp\/v2\/pages"}],"about":[{"href":"https:\/\/www.adlhlr.be\/index.php\/wp-json\/wp\/v2\/types\/page"}],"author":[{"embeddable":true,"href":"https:\/\/www.adlhlr.be\/index.php\/wp-json\/wp\/v2\/users\/1"}],"replies":[{"embeddable":true,"href":"https:\/\/www.adlhlr.be\/index.php\/wp-json\/wp\/v2\/comments?post=6891"}],"version-history":[{"count":2,"href":"https:\/\/www.adlhlr.be\/index.php\/wp-json\/wp\/v2\/pages\/6891\/revisions"}],"predecessor-version":[{"id":7833,"href":"https:\/\/www.adlhlr.be\/index.php\/wp-json\/wp\/v2\/pages\/6891\/revisions\/7833"}],"wp:attachment":[{"href":"https:\/\/www.adlhlr.be\/index.php\/wp-json\/wp\/v2\/media?parent=6891"}],"curies":[{"name":"wp","href":"https:\/\/api.w.org\/{rel}","templated":true}]}}