{"id":6967,"date":"2022-01-07T10:34:32","date_gmt":"2022-01-07T09:34:32","guid":{"rendered":"http:\/\/www.adlhlr.be\/?page_id=6967"},"modified":"2025-12-02T10:13:34","modified_gmt":"2025-12-02T09:13:34","slug":"acheter-des-cheques-commerces","status":"publish","type":"page","link":"https:\/\/www.adlhlr.be\/index.php\/acheter-des-cheques-commerces\/","title":{"rendered":"Acheter des ch\u00e8ques commerces"},"content":{"rendered":"\n<div class=\"wp-block-group alignfull\"><div class=\"wp-block-group__inner-container is-layout-flow wp-block-group-is-layout-flow\">\n<div class=\"wp-block-columns is-layout-flex wp-container-core-columns-is-layout-9d6595d7 wp-block-columns-is-layout-flex\">\n<div class=\"wp-block-column is-layout-flow wp-block-column-is-layout-flow\">\n<div style=\"height:48px\" aria-hidden=\"true\" class=\"wp-block-spacer\"><\/div>\n\n\n<div class=\"wp-block-image\">\n<figure class=\"aligncenter size-large\"><img loading=\"lazy\" decoding=\"async\" width=\"1024\" height=\"512\" src=\"http:\/\/www.adlhlr.be\/wp-content\/uploads\/2022\/01\/Sans-titre-5-1-1024x512.jpg\" alt=\"\" class=\"wp-image-6975\" srcset=\"https:\/\/www.adlhlr.be\/wp-content\/uploads\/2022\/01\/Sans-titre-5-1-1024x512.jpg 1024w, https:\/\/www.adlhlr.be\/wp-content\/uploads\/2022\/01\/Sans-titre-5-1-300x150.jpg 300w, https:\/\/www.adlhlr.be\/wp-content\/uploads\/2022\/01\/Sans-titre-5-1-768x384.jpg 768w, https:\/\/www.adlhlr.be\/wp-content\/uploads\/2022\/01\/Sans-titre-5-1-1536x768.jpg 1536w, https:\/\/www.adlhlr.be\/wp-content\/uploads\/2022\/01\/Sans-titre-5-1-2048x1024.jpg 2048w, https:\/\/www.adlhlr.be\/wp-content\/uploads\/2022\/01\/Sans-titre-5-1-2000x1000.jpg 2000w\" sizes=\"auto, (max-width: 1024px) 100vw, 1024px\" \/><\/figure>\n<\/div><\/div>\n\n\n\n<div class=\"wp-block-column is-layout-flow wp-block-column-is-layout-flow\">\n<h2 class=\"wp-block-heading\">Les Ch\u00e8ques Commerces<\/h2>\n\n\n\n<p style=\"font-size:14px\">Depuis 2017, l\u2019Agence de D\u00e9veloppement Local Houffalize-La Roche a d\u00e9velopp\u00e9 un syst\u00e8me de ch\u00e8ques commerces sur le territoire des deux communes, afin de favoriser les achats aupr\u00e8s des commer\u00e7ants locaux.<\/p>\n<\/div>\n<\/div>\n<\/div><\/div>\n\n\n\n<div class=\"wp-block-group alignfull has-background\" style=\"background-color:#e5e9ec\"><div class=\"wp-block-group__inner-container is-layout-flow wp-block-group-is-layout-flow\">\n<div class=\"wp-block-columns is-layout-flex wp-container-core-columns-is-layout-9d6595d7 wp-block-columns-is-layout-flex\">\n<div class=\"wp-block-column is-vertically-aligned-center is-layout-flow wp-block-column-is-layout-flow\">\n<div style=\"height:100px\" aria-hidden=\"true\" class=\"wp-block-spacer\"><\/div>\n\n\n\n<div class=\"wp-block-columns is-layout-flex wp-container-core-columns-is-layout-9d6595d7 wp-block-columns-is-layout-flex\">\n<div class=\"wp-block-column is-layout-flow wp-block-column-is-layout-flow\">\n<h2 class=\"wp-block-heading\">Les ch\u00e8ques commerces, c&rsquo;est quoi ? <\/h2>\n\n\n\n<p style=\"font-size:14px\">Les ch\u00e8ques commerces sont un moyen de soutenir l&rsquo;\u00e9conomie locale. Une belle occasion de d\u00e9couvrir nos commer\u00e7ants et les services qu\u2019ils proposent !<\/p>\n\n\n\n<p style=\"font-size:14px\">Ces ch\u00e8ques, d\u2019une&nbsp;<strong>valeur faciale de 5\u20ac et 15\u20ac<\/strong>, peuvent \u00eatre d\u00e9pens\u00e9s exclusivement aupr\u00e8s des&nbsp;<strong>commerces adh\u00e9rents situ\u00e9s sur le territoire des deux communes<\/strong>&nbsp;et ont une p\u00e9riode de&nbsp;<strong>validit\u00e9 d\u2019un an<\/strong>.<\/p>\n\n\n\n<p style=\"font-size:14px\">Ils peuvent \u00eatre achet\u00e9s par des particuliers, offerts en guise de cadeau ou octroy\u00e9s via des primes communales (ex: sacs poubelle, primes de naissance, \u2026.).<\/p>\n<\/div>\n\n\n\n<div class=\"wp-block-column is-layout-flow wp-block-column-is-layout-flow\">\n<h3 class=\"wp-block-heading\">1. <strong>Quels sont les commerces participants ?<\/strong><\/h3>\n\n\n\n<p style=\"font-size:14px\">Un centaine de<strong> commerces<\/strong>&nbsp;r\u00e9partis sur le territoire des&nbsp;<strong>communes d\u2019Houffalize et de La Roche<\/strong>&nbsp;sont partenaires des ch\u00e8ques commerces.<\/p>\n\n\n\n<div class=\"wp-block-buttons is-horizontal is-content-justification-center is-layout-flex wp-container-core-buttons-is-layout-499968f5 wp-block-buttons-is-layout-flex\">\n<div class=\"wp-block-button is-style-outline is-style-outline--1\"><a class=\"wp-block-button__link has-normal-font-size no-border-radius has-custom-font-size wp-element-button\" href=\"http:\/\/www.adlhlr.be\/wp-content\/uploads\/2025\/12\/Adherents-CC-dec-2025-compressed.pdf\" target=\"_blank\" rel=\"noreferrer noopener\">consulter la liste des commerces participants<\/a><\/div>\n<\/div>\n\n\n\n<div style=\"height:10px\" aria-hidden=\"true\" class=\"wp-block-spacer\"><\/div>\n\n\n\n<h3 class=\"wp-block-heading\">2. <strong>O\u00f9 acheter des ch\u00e8ques commerces ?<\/strong><\/h3>\n\n\n\n<p style=\"font-size:14px\">Commandez vos ch\u00e8ques commerces<strong> <\/strong><strong>par mail<\/strong> \u00e0 info@adlhlr.be ou par t\u00e9l\u00e9phone au 0497 58 00 65,&nbsp;<strong>payez par virement<\/strong>&nbsp;et venez les retirer dans nos bureaux ou dans un point de retrait.<\/p>\n\n\n\n<div style=\"height:10px\" aria-hidden=\"true\" class=\"wp-block-spacer\"><\/div>\n\n\n\n<h3 class=\"wp-block-heading\">3. <strong>Quels sont les modes de paiement ?<\/strong><\/h3>\n\n\n\n<p style=\"font-size:14px\">Nous favorisons les transactions par virement. Toutefois, le paiement en esp\u00e8ces est \u00e9galement possible.<\/p>\n\n\n\n<p style=\"font-size:14px\">Voici les coordonn\u00e9es pour effectuer le versement. Une fois le versement re\u00e7u, nous organiserons le retrait de vos ch\u00e8ques commerces :<\/p>\n\n\n\n<ul style=\"font-size:14px\" class=\"wp-block-list\">\n<li><strong>Num\u00e9ro de compte <\/strong>: BE09 1030 4929 4357<\/li>\n\n\n\n<li><strong>Nom du titulaire du compte<\/strong> : ASBL ADL LA ROCHE EN ARDENNE ET HOUFFALIZE<\/li>\n\n\n\n<li><strong>Communication<\/strong> : Votre nom + votre pr\u00e9nom + CC<\/li>\n<\/ul>\n\n\n\n<div style=\"height:10px\" aria-hidden=\"true\" class=\"wp-block-spacer\"><\/div>\n\n\n\n<h3 class=\"wp-block-heading\">4. <strong>Comment r\u00e9cup\u00e9rer vos \u201cch\u00e8ques commerces\u201d ?<\/strong><\/h3>\n\n\n\n<p style=\"font-size:14px\">Il existe plusieurs possibilit\u00e9s pour r\u00e9cup\u00e9rer vos ch\u00e8ques commerces.<\/p>\n\n\n\n<p><strong>Dans un des bureaux de l&rsquo;ADL<\/strong>:<\/p>\n\n\n\n<p><em><strong>Horaire \u00e0 convenir au pr\u00e9alable<\/strong><\/em><\/p>\n\n\n\n<ul style=\"font-size:14px\" class=\"wp-block-list\">\n<li>Rue de Schaerbeek, 1 &#8211; 6660 Houffalize<\/li>\n\n\n\n<li>Place Chanteraine, 17 &#8211; 6980 La Roche-en-Ardenne<\/li>\n<\/ul>\n\n\n\n<p><strong>Autres points de retrait<\/strong>:<\/p>\n\n\n\n<ul style=\"font-size:14px\" class=\"wp-block-list\">\n<li><strong>Syndicat d&rsquo;Initiative de La Roche<\/strong>. Horaire : tous les jours de 9H30 \u00e0 17H. Adresse : Place du Marche, 15 &#8211; 6980 La Roche-en-Ardenne<\/li>\n\n\n\n<li><strong>Syndicat d&rsquo;Initiative de Houffalize<\/strong>. Horaire : tous les jours de 9H30 \u00e0 16h30 (18H le week-end). Adresse : Place de Janvier 45, 2B &#8211; 6660 Houffalize<\/li>\n<\/ul>\n\n\n\n<p><strong>Envoi postal <\/strong><\/p>\n\n\n\n<p style=\"font-size:14px\">Nous pouvons envoyer vos ch\u00e8ques commerces \u00e0 l&rsquo;adresse de votre choix par envoi postal. Toutefois, nous nous permettons de rappeler que l&rsquo;ADL ne peut \u00eatre tenue responsable pour d&rsquo;\u00e9ventuels d\u00e9sagr\u00e9ments avec ce service.<\/p>\n<\/div>\n<\/div>\n\n\n\n<div style=\"height:100px\" aria-hidden=\"true\" class=\"wp-block-spacer\"><\/div>\n<\/div>\n<\/div>\n<\/div><\/div>\n\n\n\n<div class=\"wp-block-group alignfull has-white-background-color has-background\"><div class=\"wp-block-group__inner-container is-layout-flow wp-block-group-is-layout-flow\">\n<div class=\"wp-block-columns is-layout-flex wp-container-core-columns-is-layout-9d6595d7 wp-block-columns-is-layout-flex\">\n<div class=\"wp-block-column is-vertically-aligned-center is-layout-flow wp-block-column-is-layout-flow\">\n<div style=\"height:100px\" aria-hidden=\"true\" class=\"wp-block-spacer\"><\/div>\n\n\n\n<h3 class=\"wp-block-heading has-text-align-center\">Votre commerce ne fait pas partie de cette action ? Vous souhaitez y participer et mettre en avant votre activit\u00e9 sur nos canaux de communication ? Vous inscrire ne vous prendra que quelques minutes, et c\u2019est gratuit !<\/h3>\n\n\n\n<p class=\"has-text-align-center\" style=\"font-size:14px\">T\u00e9l\u00e9chargez le formulaire d\u2019inscription ci-dessous et envoyez le formulaire compl\u00e9t\u00e9, dat\u00e9 et sign\u00e9 \u00e0 l\u2019ADL. <\/p>\n\n\n\n<p class=\"has-text-align-center\" style=\"font-size:14px\"> Une fois votre formulaire r\u00e9ceptionn\u00e9 par l\u2019ADL, votre demande sera \u00e9tudi\u00e9e. L\u2019ADL vous contactera dans les plus brefs d\u00e9lais pour vous signifier son accord. Votre commerce ou entreprise sera alors directement ajout\u00e9 dans l\u2019annuaire des commerces participants. <\/p>\n\n\n\n<div class=\"wp-block-buttons is-horizontal is-content-justification-center is-layout-flex wp-container-core-buttons-is-layout-499968f5 wp-block-buttons-is-layout-flex\">\n<div class=\"wp-block-button is-style-outline is-style-outline--2\"><a class=\"wp-block-button__link has-normal-font-size no-border-radius has-custom-font-size wp-element-button\" href=\"http:\/\/www.adlhlr.be\/wp-content\/uploads\/2022\/01\/Convention-Cheques-Commerces.docx\" target=\"_blank\" rel=\"noreferrer noopener\">t\u00e9l\u00e9charger le formulaire d&rsquo;inscription<\/a><\/div>\n<\/div>\n\n\n\n<div style=\"height:100px\" aria-hidden=\"true\" class=\"wp-block-spacer\"><\/div>\n<\/div>\n<\/div>\n<\/div><\/div>\n","protected":false},"excerpt":{"rendered":"<p>Les Ch\u00e8ques Commerces Depuis 2017, l\u2019Agence de D\u00e9veloppement Local Houffalize-La Roche a d\u00e9velopp\u00e9 un syst\u00e8me de ch\u00e8ques commerces sur le territoire des deux communes, afin de favoriser les achats aupr\u00e8s des commer\u00e7ants locaux. Les ch\u00e8ques commerces, c&rsquo;est quoi ? Les ch\u00e8ques commerces sont un moyen de soutenir l&rsquo;\u00e9conomie locale. Une belle occasion de d\u00e9couvrir nos &hellip; <\/p>\n<p class=\"link-more\"><a href=\"https:\/\/www.adlhlr.be\/index.php\/acheter-des-cheques-commerces\/\" class=\"more-link\">Lire la suite de<span class=\"screen-reader-text\">\u00ab\u00a0Acheter des ch\u00e8ques commerces\u00a0\u00bb<\/span><\/a><\/p>\n","protected":false},"author":1,"featured_media":0,"parent":0,"menu_order":0,"comment_status":"closed","ping_status":"closed","template":"","meta":{"footnotes":""},"class_list":["post-6967","page","type-page","status-publish","hentry"],"_links":{"self":[{"href":"https:\/\/www.adlhlr.be\/index.php\/wp-json\/wp\/v2\/pages\/6967","targetHints":{"allow":["GET"]}}],"collection":[{"href":"https:\/\/www.adlhlr.be\/index.php\/wp-json\/wp\/v2\/pages"}],"about":[{"href":"https:\/\/www.adlhlr.be\/index.php\/wp-json\/wp\/v2\/types\/page"}],"author":[{"embeddable":true,"href":"https:\/\/www.adlhlr.be\/index.php\/wp-json\/wp\/v2\/users\/1"}],"replies":[{"embeddable":true,"href":"https:\/\/www.adlhlr.be\/index.php\/wp-json\/wp\/v2\/comments?post=6967"}],"version-history":[{"count":8,"href":"https:\/\/www.adlhlr.be\/index.php\/wp-json\/wp\/v2\/pages\/6967\/revisions"}],"predecessor-version":[{"id":7816,"href":"https:\/\/www.adlhlr.be\/index.php\/wp-json\/wp\/v2\/pages\/6967\/revisions\/7816"}],"wp:attachment":[{"href":"https:\/\/www.adlhlr.be\/index.php\/wp-json\/wp\/v2\/media?parent=6967"}],"curies":[{"name":"wp","href":"https:\/\/api.w.org\/{rel}","templated":true}]}}