{"id":6989,"date":"2022-01-07T12:03:23","date_gmt":"2022-01-07T11:03:23","guid":{"rendered":"http:\/\/www.adlhlr.be\/?page_id=6989"},"modified":"2024-01-08T10:09:33","modified_gmt":"2024-01-08T09:09:33","slug":"commander-des-cheques-commerces","status":"publish","type":"page","link":"https:\/\/www.adlhlr.be\/index.php\/commander-des-cheques-commerces\/","title":{"rendered":"Commander des Ch\u00e8ques Commerces"},"content":{"rendered":"\n<p style=\"font-size:14px\">Voici les coordonn\u00e9es pour effectuer le versement. Une fois le versement re\u00e7u, nous vous contacterons pour le retrait de vos ch\u00e8ques commerces.<\/p>\n\n\n\n<ul class=\"wp-block-list\" style=\"font-size:14px\">\n<li><strong>Num\u00e9ro de compte<\/strong> : BE09 1030 4929 4357<\/li>\n\n\n\n<li><strong>Nom du titulaire du compte <\/strong>: ASBL ADL LA ROCHE EN ARDENNE ET HOUFFALIZE<\/li>\n\n\n\n<li><strong>Communication<\/strong> : Votre nom + votre pr\u00e9nom<\/li>\n<\/ul>\n\n\n","protected":false},"excerpt":{"rendered":"<p>Voici les coordonn\u00e9es pour effectuer le versement. Une fois le versement re\u00e7u, nous vous contacterons pour le retrait de vos ch\u00e8ques commerces.<\/p>\n","protected":false},"author":1,"featured_media":0,"parent":0,"menu_order":0,"comment_status":"closed","ping_status":"closed","template":"","meta":{"footnotes":""},"class_list":["post-6989","page","type-page","status-publish","hentry"],"_links":{"self":[{"href":"https:\/\/www.adlhlr.be\/index.php\/wp-json\/wp\/v2\/pages\/6989","targetHints":{"allow":["GET"]}}],"collection":[{"href":"https:\/\/www.adlhlr.be\/index.php\/wp-json\/wp\/v2\/pages"}],"about":[{"href":"https:\/\/www.adlhlr.be\/index.php\/wp-json\/wp\/v2\/types\/page"}],"author":[{"embeddable":true,"href":"https:\/\/www.adlhlr.be\/index.php\/wp-json\/wp\/v2\/users\/1"}],"replies":[{"embeddable":true,"href":"https:\/\/www.adlhlr.be\/index.php\/wp-json\/wp\/v2\/comments?post=6989"}],"version-history":[{"count":3,"href":"https:\/\/www.adlhlr.be\/index.php\/wp-json\/wp\/v2\/pages\/6989\/revisions"}],"predecessor-version":[{"id":7535,"href":"https:\/\/www.adlhlr.be\/index.php\/wp-json\/wp\/v2\/pages\/6989\/revisions\/7535"}],"wp:attachment":[{"href":"https:\/\/www.adlhlr.be\/index.php\/wp-json\/wp\/v2\/media?parent=6989"}],"curies":[{"name":"wp","href":"https:\/\/api.w.org\/{rel}","templated":true}]}}