{"id":7233,"date":"2022-05-20T14:10:41","date_gmt":"2022-05-20T12:10:41","guid":{"rendered":"http:\/\/www.adlhlr.be\/?page_id=7233"},"modified":"2026-04-03T11:25:06","modified_gmt":"2026-04-03T09:25:06","slug":"grattez-gagnez","status":"publish","type":"page","link":"https:\/\/www.adlhlr.be\/index.php\/grattez-gagnez\/","title":{"rendered":"Grattez &#038; Gagnez"},"content":{"rendered":"\n<div class=\"wp-block-columns is-layout-flex wp-container-core-columns-is-layout-9d6595d7 wp-block-columns-is-layout-flex\">\n<div class=\"wp-block-column is-vertically-aligned-top is-layout-flow wp-block-column-is-layout-flow\">\n<figure class=\"wp-block-image\"><img decoding=\"async\" src=\"https:\/\/www.adlhlr.be\/wp-content\/uploads\/2026\/03\/Couv-grattez-gagnez-2023-1024x577.png\" alt=\"L\u2019image actuelle n\u2019a pas de texte alternatif. Le nom du fichier est\u00a0: Couv-grattez-gagnez-2023.png\"\/><\/figure>\n\n\n<div class=\"wp-block-image\">\n<figure class=\"aligncenter size-large\"><img decoding=\"async\" src=\"http:\/\/www.adlhlr.be\/wp-content\/uploads\/2024\/03\/Action-CC-2024-1024x726.png\" alt=\"\" class=\"wp-image-7561\"\/><\/figure>\n<\/div><\/div>\n\n\n\n<div class=\"wp-block-column is-layout-flow wp-block-column-is-layout-flow\">\n<h2 class=\"wp-block-heading\">Action sp\u00e9ciale : <br>Grattez &amp; Gagnez ! <\/h2>\n\n\n\n<p style=\"font-size:14px\">Le principe est simple ! <br>Du 24 avril au 24 mai 2026, <strong>pour tout achat de minimum 10\u20ac dans un des commerces participants, vous recevrez un ticket \u00e0 gratter.<\/strong><\/p>\n\n\n\n<p style=\"font-size:14px\">Les gagnants recevront des ch\u00e8ques commerces d\u2019un montant allant de 20 \u00e0 100\u20ac ! <\/p>\n\n\n\n<p style=\"font-size:14px\">En tout, c&rsquo;est une septantaine de tickets gagnants qui sont r\u00e9partis entre les commerces participants.<\/p>\n<\/div>\n<\/div>\n\n\n\n<div class=\"wp-block-group alignfull has-background\" style=\"background-color:#e5e9ec\"><div class=\"wp-block-group__inner-container is-layout-flow wp-block-group-is-layout-flow\">\n<div class=\"wp-block-columns is-layout-flex wp-container-core-columns-is-layout-9d6595d7 wp-block-columns-is-layout-flex\">\n<div class=\"wp-block-column is-vertically-aligned-center is-layout-flow wp-block-column-is-layout-flow\">\n<div style=\"height:100px\" aria-hidden=\"true\" class=\"wp-block-spacer\"><\/div>\n\n\n\n<div class=\"wp-block-columns is-layout-flex wp-container-core-columns-is-layout-9d6595d7 wp-block-columns-is-layout-flex\">\n<div class=\"wp-block-column is-layout-flow wp-block-column-is-layout-flow\">\n<h2 class=\"wp-block-heading\">L&rsquo;action \u00ab\u00a0Grattez &amp; Gagnez\u00a0\u00bb, c&rsquo;est quoi ? <\/h2>\n\n\n\n<p style=\"font-size:14px\">L\u2019Agence de D\u00e9veloppement Local Houffalize-La Roche organise dans les commerces participants, un jeu-concours en soutien aux achats locaux.<\/p>\n\n\n\n<p style=\"font-size:14px\">Du <strong>24 avril au 24 mai<\/strong> inclus (ou jusqu&rsquo;\u00e0 \u00e9puisement de stock), les clients des commerces participants se verront remettre un ticket pour <strong>tout achat de minimum 10\u20ac<\/strong>.&nbsp;<br><strong>3000&nbsp;tickets \u00e0 gratter<\/strong> ont ainsi \u00e9t\u00e9 distribu\u00e9s dans la cinquantaine de <strong>commerces participants<\/strong>.<\/p>\n\n\n\n<p style=\"font-size:14px\">Afin que cette op\u00e9ration soit totalement neutre financi\u00e8rement pour les commer\u00e7ants, les tickets gagnants seront enti\u00e8rement financ\u00e9s par l\u2019ADL et les communes.<\/p>\n<\/div>\n\n\n\n<div class=\"wp-block-column is-layout-flow wp-block-column-is-layout-flow\">\n<h3 class=\"wp-block-heading\">1. <strong>Quels sont les commerces participants ?<\/strong><\/h3>\n\n\n\n<p style=\"font-size:14px\">Plus de <strong>50 commerces<\/strong>&nbsp;r\u00e9partis sur le territoire des&nbsp;<strong>communes d\u2019Houffalize et de La Roche<\/strong>&nbsp;sont partenaires des ch\u00e8ques commerces.<\/p>\n\n\n\n<div class=\"wp-block-buttons is-horizontal is-content-justification-center is-layout-flex wp-container-core-buttons-is-layout-499968f5 wp-block-buttons-is-layout-flex\">\n<div class=\"wp-block-button is-style-outline is-style-outline--1\"><a class=\"wp-block-button__link has-normal-font-size no-border-radius has-custom-font-size wp-element-button\" href=\"https:\/\/www.adlhlr.be\/index.php\/commerces-participants\/\">consulter la liste des commerces participants<\/a><\/div>\n<\/div>\n\n\n\n<h3 class=\"wp-block-heading\">2. Comment \u00e7a fonctionne<strong> ?<\/strong><\/h3>\n\n\n\n<p style=\"font-size:14px\">1. Rendez-vous dans un commerce participant.<br>2. Effectuez vos achats pour un montant minimum de 10\u20ac et recevez un ticket \u00e0 gratter.<br>4. Grattez-le et d\u00e9couvrez ce que vous avez gagn\u00e9.<br>5. Votre ticket est gagnant? <a title=\"\" href=\"http:\/\/www.adlhlr.be\/index.php\/contact-2\/\" target=\"_blank\" rel=\"noopener\">Contactez l&rsquo;ADL<\/a> pour recevoir vos gains. <br>Vous avez jusqu&rsquo;au<strong>30 ao\u00fbt 2026<\/strong>&nbsp;pour vous manifester.<\/p>\n\n\n\n<h3 class=\"wp-block-heading\">3. <strong>Quels sont les g<\/strong>ains <strong>?<\/strong><\/h3>\n\n\n\n<p style=\"font-size:14px\">Les tickets gagnants seront \u00e0 \u00e9changer contre des <strong>ch\u00e8ques commerces valables 1 an <\/strong>dans les commerces les acceptant.<\/p>\n\n\n\n<p style=\"font-size:14px\">Il existe 3 niveaux de gain :<\/p>\n\n\n\n<ul class=\"wp-block-list\">\n<li>Niveau 1 : le ticket gagnant indique la somme de <strong>20\u20ac<\/strong><\/li>\n\n\n\n<li>Niveau 2 : le ticket gagnant indique la somme de <strong>50 \u20ac<\/strong><\/li>\n\n\n\n<li>Niveau 3 : le ticket gagnant indique la somme de <strong>100 \u20ac<\/strong><a id=\"_msocom_1\"><\/a><\/li>\n<\/ul>\n\n\n\n<div style=\"height:10px\" aria-hidden=\"true\" class=\"wp-block-spacer\"><\/div>\n\n\n\n<h3 class=\"wp-block-heading\">4. <strong>Comment r\u00e9cup\u00e9rer les gains de vos billets gagnants ?<\/strong><\/h3>\n\n\n\n<p style=\"font-size:14px\">Sur demande \u00e0 l&rsquo;adresse <a href=\"mailto:info@adlhlr.be\" target=\"_blank\" rel=\"noreferrer noopener\">info@adlhlr.be<\/a> ou par t\u00e9l\u00e9phone au 061\/28.00.69<\/p>\n<\/div>\n<\/div>\n\n\n\n<div style=\"height:100px\" aria-hidden=\"true\" class=\"wp-block-spacer\"><\/div>\n<\/div>\n<\/div>\n<\/div><\/div>\n\n\n\n<div class=\"wp-block-group alignfull has-white-background-color has-background\"><div class=\"wp-block-group__inner-container is-layout-flow wp-block-group-is-layout-flow\">\n<div class=\"wp-block-columns is-layout-flex wp-container-core-columns-is-layout-9d6595d7 wp-block-columns-is-layout-flex\">\n<div class=\"wp-block-column is-vertically-aligned-center is-layout-flow wp-block-column-is-layout-flow\">\n<div style=\"height:100px\" aria-hidden=\"true\" class=\"wp-block-spacer\"><\/div>\n\n\n\n<h3 class=\"wp-block-heading has-text-align-center\">Les ch\u00e8ques commerces, c&rsquo;est quoi ? D\u00e9couvrez sans plus tarder ce mode de paiement pour soutenir l&rsquo;\u00e9conomie locale !<\/h3>\n\n\n\n<div class=\"wp-block-buttons is-horizontal is-content-justification-center is-layout-flex wp-container-core-buttons-is-layout-499968f5 wp-block-buttons-is-layout-flex\">\n<div class=\"wp-block-button is-style-outline is-style-outline--2\"><a class=\"wp-block-button__link has-normal-font-size no-border-radius has-custom-font-size wp-element-button\" href=\"https:\/\/www.adlhlr.be\/index.php\/acheter-des-cheques-commerces\/\" target=\"_blank\" rel=\"noreferrer noopener\">CHEQUES COMMERCES<\/a><\/div>\n<\/div>\n\n\n\n<div style=\"height:100px\" aria-hidden=\"true\" class=\"wp-block-spacer\"><\/div>\n<\/div>\n<\/div>\n<\/div><\/div>\n","protected":false},"excerpt":{"rendered":"<p>Action sp\u00e9ciale : Grattez &amp; Gagnez ! Le principe est simple ! Du 24 avril au 24 mai 2026, pour tout achat de minimum 10\u20ac dans un des commerces participants, vous recevrez un ticket \u00e0 gratter. Les gagnants recevront des ch\u00e8ques commerces d\u2019un montant allant de 20 \u00e0 100\u20ac ! En tout, c&rsquo;est une septantaine &hellip; <\/p>\n<p class=\"link-more\"><a href=\"https:\/\/www.adlhlr.be\/index.php\/grattez-gagnez\/\" class=\"more-link\">Lire la suite de<span class=\"screen-reader-text\">\u00ab\u00a0Grattez &#038; Gagnez\u00a0\u00bb<\/span><\/a><\/p>\n","protected":false},"author":1,"featured_media":7819,"parent":0,"menu_order":0,"comment_status":"closed","ping_status":"closed","template":"","meta":{"footnotes":""},"class_list":["post-7233","page","type-page","status-publish","has-post-thumbnail","hentry"],"_links":{"self":[{"href":"https:\/\/www.adlhlr.be\/index.php\/wp-json\/wp\/v2\/pages\/7233","targetHints":{"allow":["GET"]}}],"collection":[{"href":"https:\/\/www.adlhlr.be\/index.php\/wp-json\/wp\/v2\/pages"}],"about":[{"href":"https:\/\/www.adlhlr.be\/index.php\/wp-json\/wp\/v2\/types\/page"}],"author":[{"embeddable":true,"href":"https:\/\/www.adlhlr.be\/index.php\/wp-json\/wp\/v2\/users\/1"}],"replies":[{"embeddable":true,"href":"https:\/\/www.adlhlr.be\/index.php\/wp-json\/wp\/v2\/comments?post=7233"}],"version-history":[{"count":24,"href":"https:\/\/www.adlhlr.be\/index.php\/wp-json\/wp\/v2\/pages\/7233\/revisions"}],"predecessor-version":[{"id":7843,"href":"https:\/\/www.adlhlr.be\/index.php\/wp-json\/wp\/v2\/pages\/7233\/revisions\/7843"}],"wp:featuredmedia":[{"embeddable":true,"href":"https:\/\/www.adlhlr.be\/index.php\/wp-json\/wp\/v2\/media\/7819"}],"wp:attachment":[{"href":"https:\/\/www.adlhlr.be\/index.php\/wp-json\/wp\/v2\/media?parent=7233"}],"curies":[{"name":"wp","href":"https:\/\/api.w.org\/{rel}","templated":true}]}}