{"id":7314,"date":"2022-10-18T14:19:12","date_gmt":"2022-10-18T12:19:12","guid":{"rendered":"http:\/\/www.adlhlr.be\/?page_id=7314"},"modified":"2025-12-02T10:14:03","modified_gmt":"2025-12-02T09:14:03","slug":"action-speciale-fetes-de-fin-dannee","status":"publish","type":"page","link":"https:\/\/www.adlhlr.be\/index.php\/action-speciale-fetes-de-fin-dannee\/","title":{"rendered":"Action sp\u00e9ciale f\u00eates de fin d\u2019ann\u00e9e"},"content":{"rendered":"\n<div class=\"wp-block-columns is-layout-flex wp-container-core-columns-is-layout-9d6595d7 wp-block-columns-is-layout-flex\">\n<div class=\"wp-block-column is-layout-flow wp-block-column-is-layout-flow\"><div class=\"wp-block-image\">\n<figure class=\"aligncenter size-large is-resized\"><img loading=\"lazy\" decoding=\"async\" width=\"724\" height=\"1024\" src=\"https:\/\/www.adlhlr.be\/wp-content\/uploads\/2025\/11\/2025-Action-CC-affiche-724x1024.png\" alt=\"\" class=\"wp-image-7799\" style=\"width:314px;height:443px\" srcset=\"https:\/\/www.adlhlr.be\/wp-content\/uploads\/2025\/11\/2025-Action-CC-affiche-724x1024.png 724w, https:\/\/www.adlhlr.be\/wp-content\/uploads\/2025\/11\/2025-Action-CC-affiche-212x300.png 212w, https:\/\/www.adlhlr.be\/wp-content\/uploads\/2025\/11\/2025-Action-CC-affiche-768x1086.png 768w, https:\/\/www.adlhlr.be\/wp-content\/uploads\/2025\/11\/2025-Action-CC-affiche-1086x1536.png 1086w, https:\/\/www.adlhlr.be\/wp-content\/uploads\/2025\/11\/2025-Action-CC-affiche.png 1414w\" sizes=\"auto, (max-width: 724px) 100vw, 724px\" \/><\/figure>\n<\/div><\/div>\n\n\n\n<div class=\"wp-block-column is-layout-flow wp-block-column-is-layout-flow\">\n<h2 class=\"wp-block-heading\">Faites(-vous) plaisir en soutenant vos commerces de proximit\u00e9! <\/h2>\n\n\n\n<p style=\"font-size:16px\">Pour tout achat de <strong>ch\u00e8ques commerces<\/strong> entre le 18<strong> novembre et le 18 d\u00e9cembre 2025<\/strong>, recevez GRATUITEMENT <strong>10%<\/strong> suppl\u00e9mentaires de la valeur d\u2019achat !<\/p>\n\n\n\n<p class=\"has-text-align-center has-vivid-cyan-blue-color has-text-color\"><strong><em>Achetez pour 100euros <\/em><br><em>et recevez 110euros de ch\u00e8ques!!!<\/em><\/strong><\/p>\n\n\n\n<p><\/p>\n<\/div>\n<\/div>\n\n\n\n<div class=\"wp-block-group alignfull has-background\" style=\"background-color:#e5e9ec\"><div class=\"wp-block-group__inner-container is-layout-flow wp-block-group-is-layout-flow\">\n<div class=\"wp-block-columns is-layout-flex wp-container-core-columns-is-layout-9d6595d7 wp-block-columns-is-layout-flex\">\n<div class=\"wp-block-column is-vertically-aligned-center is-layout-flow wp-block-column-is-layout-flow\">\n<div style=\"height:100px\" aria-hidden=\"true\" class=\"wp-block-spacer\"><\/div>\n\n\n\n<div class=\"wp-block-columns is-layout-flex wp-container-core-columns-is-layout-9d6595d7 wp-block-columns-is-layout-flex\">\n<div class=\"wp-block-column is-layout-flow wp-block-column-is-layout-flow\">\n<h2 class=\"wp-block-heading\">En quoi consiste cette action ? <\/h2>\n\n\n\n<p style=\"font-size:14px\">A l&rsquo;occasion des f\u00eates de fin d&rsquo;ann\u00e9e, l&rsquo;ADL met en place une promotion exceptionnelle pour tout achat de ch\u00e8ques commerces. Cette initiative, soutenue par les communes de Houffalize et de La Roche, a pour objectif de promouvoir les achats effectu\u00e9s dans les commerces du territoire.<\/p>\n\n\n\n<p style=\"font-size:14px\">Du <strong>18 novembre au 18 d\u00e9cembre 2025<\/strong> inclus, lorsque vous achetez des <strong>ch\u00e8ques commerces<\/strong> \u00e0 d\u00e9penser dans les commerces participants,<strong> l\u2019ADL vous offre gratuitement 10% <strong>suppl\u00e9mentaire<\/strong>s de la valeur d\u2019achat <\/strong>!<\/p>\n\n\n\n<p style=\"font-size:14px\">Par exemple: si vous d\u00e9pensez 100\u20ac, vous recevrez l&rsquo;\u00e9quivalent de 110\u20ac en ch\u00e8ques commerces.<\/p>\n\n\n\n<p style=\"font-size:14px\">Ces ch\u00e8ques, d\u2019une&nbsp;<strong>valeur faciale de 5\u20ac et 15\u20ac<\/strong>, peuvent \u00eatre d\u00e9pens\u00e9s exclusivement aupr\u00e8s des&nbsp;<strong>commerces adh\u00e9rents situ\u00e9s sur le territoire de deux communes<\/strong>&nbsp;et ont une p\u00e9riode de&nbsp;<strong>validit\u00e9 d\u2019une ann\u00e9e<\/strong>.<\/p>\n<\/div>\n\n\n\n<div class=\"wp-block-column is-layout-flow wp-block-column-is-layout-flow\">\n<h3 class=\"wp-block-heading\">1. <strong>O\u00f9 acheter des ch\u00e8ques commerces ?<\/strong><\/h3>\n\n\n\n<p style=\"font-size:14px\">Commandez vos ch\u00e8ques commerces<strong> par mail \u00e0 <a href=\"mailto:info@adlhlr.be\">info@adlhlr.be<\/a><\/strong> ou <strong>par t\u00e9l\u00e9phone au 0497 58 00 65,&nbsp;payer par virement<\/strong>&nbsp;et venez les retirer dans nos bureaux de Houffalize et La Roche ou dans un point de retrait.<\/p>\n\n\n\n<h3 class=\"wp-block-heading\">2. <strong>Quels sont les modes de paiement ?<\/strong><\/h3>\n\n\n\n<p style=\"font-size:14px\">Nous favorisons les transactions par virement. Toutefois, le paiement est \u00e9galement possible en&nbsp;<strong>esp\u00e8ces<\/strong>&nbsp;dans nos bureaux (sur demande).<\/p>\n\n\n\n<p style=\"font-size:14px\">Voici les coordonn\u00e9es pour effectuer le versement. Une fois le versement re\u00e7u, nous vous contacterons pour le retrait de vos ch\u00e8ques commerces :<\/p>\n\n\n\n<ul style=\"font-size:14px\" class=\"wp-block-list\">\n<li><strong>Num\u00e9ro de compte <\/strong>: BE09 1030 4929 4357<\/li>\n\n\n\n<li><strong>Nom du titulaire du compte<\/strong> : ASBL ADL LA ROCHE EN ARDENNE ET HOUFFALIZE<\/li>\n\n\n\n<li><strong>Communication<\/strong> : Votre nom-pr\u00e9nom + Action fin ann\u00e9e CC<\/li>\n<\/ul>\n\n\n\n<h3 class=\"wp-block-heading\">3. <strong>Comment r\u00e9cup\u00e9rer vos ch\u00e8ques commerces ?<\/strong><\/h3>\n\n\n\n<p style=\"font-size:14px\">Il existe plusieurs possibilit\u00e9s pour r\u00e9cup\u00e9rer vos ch\u00e8ques commerces.<\/p>\n\n\n\n<p><strong>Bureaux de l&rsquo;ADL<\/strong><\/p>\n\n\n\n<ul style=\"font-size:14px\" class=\"wp-block-list\">\n<li><strong>A Houffalize<\/strong>: Rue de Schaerbeek, 1 &#8211; 6660 Houffalize<br>le lundi, mardi et jeudi <strong>sur rendez-vous<\/strong> au 0497 58 00 65<\/li>\n\n\n\n<li><strong>A La Roche<\/strong>: Place Chanteraine, 17 &#8211; 6980 La Roche-en-Ardenne<br>le mercredi et le vendredi <strong>sur rendez-vous<\/strong> au 0497 58 00 65<\/li>\n<\/ul>\n\n\n\n<p><strong>Autres points de retrait<\/strong> <br><em>apr\u00e8s avoir pass\u00e9 commande aupr\u00e8s de l&rsquo;ADL<\/em><\/p>\n\n\n\n<ul style=\"font-size:14px\" class=\"wp-block-list\">\n<li><strong>Syndicat d&rsquo;Initiative de La Roche<\/strong>. Horaire : tous les jours de 9H30 \u00e0 17H. Adresse : Place du Marche, 15 &#8211; 6980 La Roche-en-Ardenne<br><\/li>\n\n\n\n<li><strong>Syndicat d&rsquo;Initiative de Houffalize<\/strong>. Horaire : tous les jours de 9H30 \u00e0 16h30 (18H le week-end). Adresse : Place de Janvier 45, 2B &#8211; 6660 Houffalize<\/li>\n<\/ul>\n\n\n\n<p><strong>Envoi postal <\/strong><\/p>\n\n\n\n<p style=\"font-size:14px\">Nous pouvons envoyer vos ch\u00e8ques commerces \u00e0 l&rsquo;adresse de votre choix par envoi postal. Toutefois, l&rsquo;ADL ne pourra \u00eatre tenue responsable pour d&rsquo;\u00e9ventuels d\u00e9sagr\u00e9ments avec ce service.<\/p>\n\n\n\n<h3 class=\"wp-block-heading\">4. <strong>Quels sont les commerces participants ?<\/strong><\/h3>\n\n\n\n<p style=\"font-size:14px\">La plupart des <strong>commerces<\/strong>&nbsp;du territoire des&nbsp;<strong>communes de Houffalize et de La Roche<\/strong>&nbsp;sont partenaires des ch\u00e8ques commerces.<\/p>\n\n\n\n<div class=\"wp-block-buttons is-horizontal is-content-justification-center is-layout-flex wp-container-core-buttons-is-layout-2f0dc101 wp-block-buttons-is-layout-flex\">\n<div class=\"wp-block-button is-style-fill\"><a class=\"wp-block-button__link has-text-align-center wp-element-button\" href=\"http:\/\/www.adlhlr.be\/wp-content\/uploads\/2025\/12\/Adherents-CC-dec-2025-compressed.pdf\" target=\"_blank\" rel=\"noreferrer noopener\">Commerces adh\u00e9rents<\/a><\/div>\n<\/div>\n<\/div>\n<\/div>\n<\/div>\n<\/div>\n<\/div><\/div>\n\n\n\n<p><\/p>\n","protected":false},"excerpt":{"rendered":"<p>Faites(-vous) plaisir en soutenant vos commerces de proximit\u00e9! Pour tout achat de ch\u00e8ques commerces entre le 18 novembre et le 18 d\u00e9cembre 2025, recevez GRATUITEMENT 10% suppl\u00e9mentaires de la valeur d\u2019achat ! Achetez pour 100euros et recevez 110euros de ch\u00e8ques!!! En quoi consiste cette action ? A l&rsquo;occasion des f\u00eates de fin d&rsquo;ann\u00e9e, l&rsquo;ADL met &hellip; <\/p>\n<p class=\"link-more\"><a href=\"https:\/\/www.adlhlr.be\/index.php\/action-speciale-fetes-de-fin-dannee\/\" class=\"more-link\">Lire la suite de<span class=\"screen-reader-text\">\u00ab\u00a0Action sp\u00e9ciale f\u00eates de fin d\u2019ann\u00e9e\u00a0\u00bb<\/span><\/a><\/p>\n","protected":false},"author":1,"featured_media":0,"parent":0,"menu_order":0,"comment_status":"closed","ping_status":"closed","template":"","meta":{"footnotes":""},"class_list":["post-7314","page","type-page","status-publish","hentry"],"_links":{"self":[{"href":"https:\/\/www.adlhlr.be\/index.php\/wp-json\/wp\/v2\/pages\/7314","targetHints":{"allow":["GET"]}}],"collection":[{"href":"https:\/\/www.adlhlr.be\/index.php\/wp-json\/wp\/v2\/pages"}],"about":[{"href":"https:\/\/www.adlhlr.be\/index.php\/wp-json\/wp\/v2\/types\/page"}],"author":[{"embeddable":true,"href":"https:\/\/www.adlhlr.be\/index.php\/wp-json\/wp\/v2\/users\/1"}],"replies":[{"embeddable":true,"href":"https:\/\/www.adlhlr.be\/index.php\/wp-json\/wp\/v2\/comments?post=7314"}],"version-history":[{"count":23,"href":"https:\/\/www.adlhlr.be\/index.php\/wp-json\/wp\/v2\/pages\/7314\/revisions"}],"predecessor-version":[{"id":7817,"href":"https:\/\/www.adlhlr.be\/index.php\/wp-json\/wp\/v2\/pages\/7314\/revisions\/7817"}],"wp:attachment":[{"href":"https:\/\/www.adlhlr.be\/index.php\/wp-json\/wp\/v2\/media?parent=7314"}],"curies":[{"name":"wp","href":"https:\/\/api.w.org\/{rel}","templated":true}]}}