{"id":7337,"date":"2022-10-20T11:23:53","date_gmt":"2022-10-20T09:23:53","guid":{"rendered":"http:\/\/www.adlhlr.be\/?page_id=7337"},"modified":"2026-04-22T10:25:46","modified_gmt":"2026-04-22T08:25:46","slug":"commerces-adherents","status":"publish","type":"page","link":"https:\/\/www.adlhlr.be\/index.php\/commerces-adherents\/","title":{"rendered":"Commerces adh\u00e9rents"},"content":{"rendered":"\n<p class=\"has-text-align-center\">Plus de<strong>&nbsp;100 commerces<\/strong>&nbsp;r\u00e9partis sur le territoire des&nbsp;<strong>communes d\u2019Houffalize et de La Roche<\/strong>&nbsp;sont partenaires des ch\u00e8ques commerces.<\/p>\n\n\n\n<div class=\"wp-block-buttons is-horizontal is-content-justification-center is-layout-flex wp-container-core-buttons-is-layout-499968f5 wp-block-buttons-is-layout-flex\">\n<div class=\"wp-block-button is-style-outline is-style-outline--1\"><a class=\"wp-block-button__link has-normal-font-size no-border-radius has-custom-font-size wp-element-button\" href=\"http:\/\/www.adlhlr.be\/wp-content\/uploads\/2025\/12\/Adherents-CC-dec-2025-compressed.pdf\" target=\"_blank\" rel=\"noreferrer noopener\">consulter la liste des commerces participants<\/a><\/div>\n<\/div>\n\n\n\n<div style=\"height:100px\" aria-hidden=\"true\" class=\"wp-block-spacer\"><\/div>\n\n\n\n<div class=\"wp-block-group alignfull has-background\" style=\"background-color:#e5e9ec\"><div class=\"wp-block-group__inner-container is-layout-flow wp-block-group-is-layout-flow\">\n<div class=\"wp-block-columns is-layout-flex wp-container-core-columns-is-layout-9d6595d7 wp-block-columns-is-layout-flex\">\n<div class=\"wp-block-column is-vertically-aligned-center is-layout-flow wp-block-column-is-layout-flow\">\n<div style=\"height:100px\" aria-hidden=\"true\" class=\"wp-block-spacer\"><\/div>\n\n\n\n<h3 class=\"wp-block-heading has-text-align-center\">Votre commerce ne fait pas partie de cette action ? Vous souhaitez y participer et mettre en avant votre activit\u00e9 sur nos canaux de communication ? Vous inscrire ne vous prendra que quelques minutes, et c\u2019est gratuit !<\/h3>\n\n\n\n<p class=\"has-text-align-center\" style=\"font-size:14px\">T\u00e9l\u00e9chargez le formulaire d\u2019inscription ci-dessous et envoyez le formulaire compl\u00e9t\u00e9, dat\u00e9 et sign\u00e9 \u00e0 l\u2019ADL. <\/p>\n\n\n\n<p class=\"has-text-align-center\" style=\"font-size:14px\"> Une fois votre formulaire r\u00e9ceptionn\u00e9 par l\u2019ADL, votre demande sera \u00e9tudi\u00e9e. L\u2019ADL vous contactera dans les plus brefs d\u00e9lais pour vous signifier son accord. Votre commerce ou entreprise sera alors directement ajout\u00e9 dans l\u2019annuaire des commerces participants. <\/p>\n\n\n\n<div class=\"wp-block-buttons is-horizontal is-content-justification-center is-layout-flex wp-container-core-buttons-is-layout-499968f5 wp-block-buttons-is-layout-flex\">\n<div class=\"wp-block-button is-style-outline is-style-outline--2\"><a class=\"wp-block-button__link has-normal-font-size no-border-radius has-custom-font-size wp-element-button\" href=\"http:\/\/www.adlhlr.be\/wp-content\/uploads\/2022\/11\/Convention-Cheques-Commerces.docx\" target=\"_blank\" rel=\"noreferrer noopener\">t\u00e9l\u00e9charger le formulaire d&rsquo;inscription<\/a><\/div>\n<\/div>\n\n\n\n<div style=\"height:100px\" aria-hidden=\"true\" class=\"wp-block-spacer\"><\/div>\n<\/div>\n<\/div>\n<\/div><\/div>\n","protected":false},"excerpt":{"rendered":"<p>Plus de&nbsp;100 commerces&nbsp;r\u00e9partis sur le territoire des&nbsp;communes d\u2019Houffalize et de La Roche&nbsp;sont partenaires des ch\u00e8ques commerces. Votre commerce ne fait pas partie de cette action ? Vous souhaitez y participer et mettre en avant votre activit\u00e9 sur nos canaux de communication ? Vous inscrire ne vous prendra que quelques minutes, et c\u2019est gratuit ! T\u00e9l\u00e9chargez &hellip; <\/p>\n<p class=\"link-more\"><a href=\"https:\/\/www.adlhlr.be\/index.php\/commerces-adherents\/\" class=\"more-link\">Lire la suite de<span class=\"screen-reader-text\">\u00ab\u00a0Commerces adh\u00e9rents\u00a0\u00bb<\/span><\/a><\/p>\n","protected":false},"author":1,"featured_media":0,"parent":0,"menu_order":0,"comment_status":"closed","ping_status":"closed","template":"","meta":{"footnotes":""},"class_list":["post-7337","page","type-page","status-publish","hentry"],"_links":{"self":[{"href":"https:\/\/www.adlhlr.be\/index.php\/wp-json\/wp\/v2\/pages\/7337","targetHints":{"allow":["GET"]}}],"collection":[{"href":"https:\/\/www.adlhlr.be\/index.php\/wp-json\/wp\/v2\/pages"}],"about":[{"href":"https:\/\/www.adlhlr.be\/index.php\/wp-json\/wp\/v2\/types\/page"}],"author":[{"embeddable":true,"href":"https:\/\/www.adlhlr.be\/index.php\/wp-json\/wp\/v2\/users\/1"}],"replies":[{"embeddable":true,"href":"https:\/\/www.adlhlr.be\/index.php\/wp-json\/wp\/v2\/comments?post=7337"}],"version-history":[{"count":9,"href":"https:\/\/www.adlhlr.be\/index.php\/wp-json\/wp\/v2\/pages\/7337\/revisions"}],"predecessor-version":[{"id":7846,"href":"https:\/\/www.adlhlr.be\/index.php\/wp-json\/wp\/v2\/pages\/7337\/revisions\/7846"}],"wp:attachment":[{"href":"https:\/\/www.adlhlr.be\/index.php\/wp-json\/wp\/v2\/media?parent=7337"}],"curies":[{"name":"wp","href":"https:\/\/api.w.org\/{rel}","templated":true}]}}