{"id":7841,"date":"2026-04-03T11:23:44","date_gmt":"2026-04-03T09:23:44","guid":{"rendered":"https:\/\/www.adlhlr.be\/?page_id=7841"},"modified":"2026-04-03T11:23:44","modified_gmt":"2026-04-03T09:23:44","slug":"commerces-participants","status":"publish","type":"page","link":"https:\/\/www.adlhlr.be\/index.php\/commerces-participants\/","title":{"rendered":"Commerces Participants"},"content":{"rendered":"\n<figure class=\"wp-block-table\"><table class=\"has-fixed-layout\"><tbody><tr><td>A ma Guise<\/td><\/tr><tr><td>Aur&rsquo;Or bien-\u00eatre et beaut\u00e9<\/td><\/tr><tr><td>Boutique Maud<\/td><\/tr><tr><td>Caroline Fashion Store<\/td><\/tr><tr><td>Chez Thierry &#8211; P\u00eache Sportive&nbsp;<\/td><\/tr><tr><td>Coiffure Isabelle&nbsp;<\/td><\/tr><tr><td>Coiffure Laurence<\/td><\/tr><tr><td>Coiffure Patrick<\/td><\/tr><tr><td>Coiffure Sarah Lafalize<\/td><\/tr><tr><td>Epi&rsquo;cintre &#8211; Patchwork<\/td><\/tr><tr><td>Fleurs Jacqueline et Daniel<\/td><\/tr><tr><td>Help soutien scolaire<\/td><\/tr><tr><td>Il ou Elle<\/td><\/tr><tr><td>Institut Osiris SPRL<\/td><\/tr><tr><td>Institut Zen et Belle&nbsp;<\/td><\/tr><tr><td>L&rsquo;Espace du petit fut\u00e9<\/td><\/tr><tr><td>Le Coup d&rsquo;\u0153il by Henri Vsb (La Roche optic SRL)<\/td><\/tr><tr><td>Le Grenier Aux Fleurs<\/td><\/tr><tr><td>Le Litherer<\/td><\/tr><tr><td>Le Salon d&rsquo;Elisa<\/td><\/tr><tr><td>Mademoiselle A&nbsp;<\/td><\/tr><tr><td>Mel&rsquo;Hair<\/td><\/tr><tr><td>Multipharma<\/td><\/tr><tr><td>Optique Pr\u00e9cision<\/td><\/tr><tr><td>Pharmacie A. Gilson<\/td><\/tr><tr><td>Pharmacie Defoy<\/td><\/tr><tr><td>Pierre De Lune<\/td><\/tr><tr><td>Relaxons-nous<\/td><\/tr><tr><td>Sensoria Institut de beaut\u00e9 by Rachel<\/td><\/tr><tr><td>Soroge SA<\/td><\/tr><tr><td>Tout Faire Mat\u00e9riaux &#8211; Lengler Sprl<\/td><\/tr><tr><td>Vano\u00e9 coiffure<\/td><\/tr><tr><td>Aux d\u00e9lices de la ferme Guissart<\/td><\/tr><tr><td>Boucherie Bouillon &amp; fils<\/td><\/tr><tr><td>Boucherie Artisanale \u00ab\u00a0Chez Antoine\u00a0\u00bb<\/td><\/tr><tr><td>Boucherie Franck Siffert<\/td><\/tr><tr><td>Boulangerie Bultot<\/td><\/tr><tr><td>Boulangerie Demelenne La Roche-en-Ardenne<\/td><\/tr><tr><td>Boulangerie-P\u00e2tisserie Bourivain<\/td><\/tr><tr><td>Boulangerie-P\u00e2tisserie Chez Valentine<\/td><\/tr><tr><td>Boulangerie-P\u00e2tisserie Philippart<\/td><\/tr><tr><td>Cyril Chocolat<\/td><\/tr><tr><td>Ferme Billa<\/td><\/tr><tr><td>Ferme Dry Les Cortis<\/td><\/tr><tr><td>Fromagerie Dubuisson<\/td><\/tr><tr><td>Le Foie Gras de Floumont<\/td><\/tr><tr><td>Mont Lait Fleuri<\/td><\/tr><tr><td>Saveurs des Deux Ourthes<\/td><\/tr><tr><td>BillaGaz<\/td><\/tr><tr><td>Chocolaterie Valentino<\/td><\/tr><\/tbody><\/table><\/figure>\n","protected":false},"excerpt":{"rendered":"<p>A ma Guise Aur&rsquo;Or bien-\u00eatre et beaut\u00e9 Boutique Maud Caroline Fashion Store Chez Thierry &#8211; P\u00eache Sportive&nbsp; Coiffure Isabelle&nbsp; Coiffure Laurence Coiffure Patrick Coiffure Sarah Lafalize Epi&rsquo;cintre &#8211; Patchwork Fleurs Jacqueline et Daniel Help soutien scolaire Il ou Elle Institut Osiris SPRL Institut Zen et Belle&nbsp; L&rsquo;Espace du petit fut\u00e9 Le Coup d&rsquo;\u0153il by Henri &hellip; <\/p>\n<p class=\"link-more\"><a href=\"https:\/\/www.adlhlr.be\/index.php\/commerces-participants\/\" class=\"more-link\">Lire la suite de<span class=\"screen-reader-text\">\u00ab\u00a0Commerces Participants\u00a0\u00bb<\/span><\/a><\/p>\n","protected":false},"author":1,"featured_media":0,"parent":0,"menu_order":0,"comment_status":"closed","ping_status":"closed","template":"","meta":{"footnotes":""},"class_list":["post-7841","page","type-page","status-publish","hentry"],"_links":{"self":[{"href":"https:\/\/www.adlhlr.be\/index.php\/wp-json\/wp\/v2\/pages\/7841","targetHints":{"allow":["GET"]}}],"collection":[{"href":"https:\/\/www.adlhlr.be\/index.php\/wp-json\/wp\/v2\/pages"}],"about":[{"href":"https:\/\/www.adlhlr.be\/index.php\/wp-json\/wp\/v2\/types\/page"}],"author":[{"embeddable":true,"href":"https:\/\/www.adlhlr.be\/index.php\/wp-json\/wp\/v2\/users\/1"}],"replies":[{"embeddable":true,"href":"https:\/\/www.adlhlr.be\/index.php\/wp-json\/wp\/v2\/comments?post=7841"}],"version-history":[{"count":1,"href":"https:\/\/www.adlhlr.be\/index.php\/wp-json\/wp\/v2\/pages\/7841\/revisions"}],"predecessor-version":[{"id":7842,"href":"https:\/\/www.adlhlr.be\/index.php\/wp-json\/wp\/v2\/pages\/7841\/revisions\/7842"}],"wp:attachment":[{"href":"https:\/\/www.adlhlr.be\/index.php\/wp-json\/wp\/v2\/media?parent=7841"}],"curies":[{"name":"wp","href":"https:\/\/api.w.org\/{rel}","templated":true}]}}